{"id":2039,"date":"2023-03-24T14:24:23","date_gmt":"2023-03-24T13:24:23","guid":{"rendered":"https:\/\/www.highway-gmbh.de\/?post_type=product&#038;p=2039"},"modified":"2023-03-27T11:40:32","modified_gmt":"2023-03-27T09:40:32","slug":"tc52-hc","status":"publish","type":"product","link":"https:\/\/www.highway-gmbh.de\/en\/produkte\/mdes\/zebra-mdes\/tc52-hc\/","title":{"rendered":"Zebra TC52-HC"},"content":{"rendered":"<h1 id=\"jt_sr_headline\">Zebra TC52-HC<\/h1>\n<h2>Ein innovativer Mobilcomputer f\u00fcr Healthcare<\/h2>\n<p>Der mobile Touchcomputer TC52-HC wurde von Zebra f\u00fcr die besonderen Anforderungen des Gesundheitswesens entwickelt. Er sieht aus wie ein Smartphone und hat ein leicht zu reinigendes, desinfizierbares Geh\u00e4use. Zudem unterst\u00fctzt er dank der Zebra Mobility DNA das Gesundheitswesen mit einer Vielzahl an innovativen Funktionen f\u00fcr den lebenswichtigen, fehlerlosen Kommunikations- und Informationsfluss.<\/p>\n<p>Beim TC52-HC filtern hochsensible High Volume Speaker im Gespr\u00e4ch st\u00f6rende Umgebungsger\u00e4usche heraus \u2013 das ist wichtig f\u00fcr Lebensretter am Einsatzort oder im Krankenhaus Die DNA-Anwendung \u00bbWorkforce Connect\u00ab \u00fcberzeugt mit ihrer Push-to-Talk-Funktion f\u00fcr die sofortige Sprach\u00fcbertragung an Benutzergruppen. Diensterweiterungen bieten PTT zwischen einzelnen Personen und einen sicheren Kurznachrichtendienst, dessen W\u00f6rterbuch individualisierbar ist und Fachbegriffe kennt.<\/p>\n<p>Im Gesundheitswesen schenkt die schnelle Datenerfassung des TC52-HC \u00c4rzten und medizinischem Personal wertvolle Sekunden: Dank der vorinstallierten DNA-App \u00bbSimulScan\u00ab liest der mobile Touchcomputer mit einem Klick gedruckte und elektronische 1D- und 2D- und Digimarc Barcodes, Signaturen und Dokumenteninhalte. Die Scantasten sind beidseitig und auch f\u00fcr Linksh\u00e4nder ergonomisch platziert. Zwei zus\u00e4tzliche Softkeys erlauben den personalisierten Schnellzugriff auf wichtige Funktionen.<\/p>\n<p>Mit dem TC52-HC lassen sich Daten dank Bluetooth 5.0 bis zu zweimal schneller \u00fcbertragen \u2013 und das in einem Umkreis von bis zu 240 m. Genauso gut funktioniert die Verbindung \u00fcber modernste WLAN-Technologie (2&#215;2 MU-MIMO).<\/p>\n<p>F\u00fcr eine hervorragende Performance sorgen das Betriebssystem Android in Verbindung mit einem Qualcomm Octa-Core-Prozessor mit 2,2 GHz, 4 GB RAM und einem 32 GB-Speicher. Der TC52-HC ist mit einer 5 Megapixel-Frontkamera ausgestattet, die bei Video-Calls f\u00fcr ein detailliertes Bild sorgt und VLC-f\u00e4hig (Visible Light Communication) ist. Die r\u00fcckseitige 13 Megapixel-Kamera ist ideal f\u00fcr Dokumentationszwecke.<\/p>\n<p>Das TC52-HC l\u00e4sst sich in bestehende Systeme integrieren und ist r\u00fcckw\u00e4rtskompatibel mit dem Zubeh\u00f6r der Vorg\u00e4ngermodelle. Er ist sehr robust, nach IP65- und MIL-STD-810G-zertifiziert und aus 1,2 m sturzsicher. Zebra gew\u00e4hrt mit \u00bbLifeGuard\u00ab Support f\u00fcr die in Zukunft erscheinenden Android Versionen P und Q \u2013 sowie 8 bis 10+ Jahre Support f\u00fcr Security Updates.<\/p>\n<h3><a href=\"https:\/\/www.highway-gmbh.de\/wp-content\/uploads\/zebra_tc52-hc.pdf\">Datenblatt Zebra TC52-HC<\/a><\/h3>\n","protected":false},"excerpt":{"rendered":"<ul>\n<li>&#8221; kapazitives Touchdisplay mit Corning Gorilla Glass<\/li>\n<li>1D-\/2D-Scanner zur Erfassung medizinischer Daten<\/li>\n<li>Hygienisches, leicht zu desinfizierendes Geh\u00e4use<\/li>\n<li>IP65- und MIL-STD-810G-zertifiziert, aus 1,2 m sturzsicher<\/li>\n<li>14 h Power-Akku<\/li>\n<\/ul>\n","protected":false},"featured_media":1728,"template":"page-sidebar-left.php","meta":[],"product_brand":[],"product_cat":[37,99],"product_tag":[85],"class_list":{"0":"post-2039","1":"product","2":"type-product","3":"status-publish","4":"has-post-thumbnail","6":"product_cat-mdes","7":"product_cat-zebra-mdes","8":"product_tag-android","10":"first","11":"instock","12":"virtual","13":"product-type-simple"},"translation":{"provider":"WPGlobus","version":"3.0.2","language":"en","enabled_languages":["de","en"],"languages":{"de":{"title":true,"content":true,"excerpt":true},"en":{"title":false,"content":false,"excerpt":false}}},"_links":{"self":[{"href":"https:\/\/www.highway-gmbh.de\/en\/wp-json\/wp\/v2\/product\/2039","targetHints":{"allow":["GET"]}}],"collection":[{"href":"https:\/\/www.highway-gmbh.de\/en\/wp-json\/wp\/v2\/product"}],"about":[{"href":"https:\/\/www.highway-gmbh.de\/en\/wp-json\/wp\/v2\/types\/product"}],"wp:featuredmedia":[{"embeddable":true,"href":"https:\/\/www.highway-gmbh.de\/en\/wp-json\/wp\/v2\/media\/1728"}],"wp:attachment":[{"href":"https:\/\/www.highway-gmbh.de\/en\/wp-json\/wp\/v2\/media?parent=2039"}],"wp:term":[{"taxonomy":"product_brand","embeddable":true,"href":"https:\/\/www.highway-gmbh.de\/en\/wp-json\/wp\/v2\/product_brand?post=2039"},{"taxonomy":"product_cat","embeddable":true,"href":"https:\/\/www.highway-gmbh.de\/en\/wp-json\/wp\/v2\/product_cat?post=2039"},{"taxonomy":"product_tag","embeddable":true,"href":"https:\/\/www.highway-gmbh.de\/en\/wp-json\/wp\/v2\/product_tag?post=2039"}],"curies":[{"name":"wp","href":"https:\/\/api.w.org\/{rel}","templated":true}]}}