{"id":2029,"date":"2023-03-24T12:58:42","date_gmt":"2023-03-24T11:58:42","guid":{"rendered":"https:\/\/www.highway-gmbh.de\/?post_type=product&#038;p=2029"},"modified":"2024-08-08T10:16:36","modified_gmt":"2024-08-08T08:16:36","slug":"tc70","status":"publish","type":"product","link":"https:\/\/www.highway-gmbh.de\/en\/produkte\/mdes\/zebra-mdes\/tc70\/","title":{"rendered":"Zebra TC70"},"content":{"rendered":"<h1>Zebra TC70<\/h1>\n<h2>Multitalent f\u00fcr jedes Arbeitsumfeld<\/h2>\n<p>Mit dem TC70 setzen Sie auf eine fortschrittliche Generation professioneller Mobilcomputer f\u00fcr nahezu jede Branche. Basierend auf dem Betriebssystem Android KitKat (4.4.2) bietet der TC70 intuitive Smartphone-Bedienung und reduziert Investitionen f\u00fcr Schulungen und Instruktionen auf ein Minimum.<\/p>\n<p>Wer auf hohe Performance und viele Einsatzm\u00f6glichkeiten setzt, wird nicht entt\u00e4uscht \u2013 der 1,7 GHz Dual Core Prozessor und 1 GB RAM leisten im allt\u00e4glichen Einsatz ganze Arbeit. Das 4,7&#8221; gro\u00dfe Display mit kapazitiver Touch-Technologie l\u00e4sst sich auch mit Handschuhen bedienen \u2013 sogar wenn es nass ist.<\/p>\n<p>F\u00fcr schnelle und sichere Erfassung von Barcodes bietet der TC70 mit der bew\u00e4hrten SE4750 Engine einen integrierten Imager f\u00fcr alle g\u00e4ngigen 1D- und 2D-Barcodes.<br \/>\nDie zahlreichen Kommunikationsm\u00f6glichkeiten erh\u00f6hen zus\u00e4tzlich die Mobilit\u00e4t. Mit WLAN-Standard 802.11 b\/g\/n bietet der TC70 schnellen In-House Datenzugriff und unterst\u00fctzt mit Bluetooth 4.0 und NFC die schnelle Datenkommunikation mit Peripherieger\u00e4ten. Mit der praktischen Push-To-Talk Echtzeitkommunikation bietet das Ger\u00e4t au\u00dferdem einen echten Mehrwert f\u00fcr den t\u00e4glichen Informationsaustausch.<\/p>\n<p>Dank seiner modularen Vielfalt ist der TC70 in unterschiedlichen Umgebungen schnell einsatzbereit. Setzen Sie auf die optionale Gun-Erweiterung f\u00fcr Ihre anspruchsvolle Lagerumgebung oder erweitern Sie das Ger\u00e4t mit einem Magnetkartenleser f\u00fcr station\u00e4re und mobile Anwendungen im Handel. Mit den zahlreichen Ladeoptionen sowie mit einem leistungsf\u00e4higeren Akku steigern Sie die Produktivit\u00e4t des TC70 und vermeiden Energieengp\u00e4sse.<\/p>\n<p>Im industriellen Umfeld ist der TC70 bestens aufgehoben: Das robuste Geh\u00e4use mit Gorilla Glass 2 Touchoberfl\u00e4che ist gem\u00e4\u00df IP67 gegen das Eindringen von Staub und Wasser sowie anderen Fremdk\u00f6rpern gesch\u00fctzt und \u00fcbersteht St\u00fcrze von bis zu 1,8 m H\u00f6he. Auch bei schneidender K\u00e4lte von -20 \u00b0C sowie \u00fcberdurchschnittlich hohen Temperaturen von bis zu 50 \u00b0C ist auf den TC70 stets Verlass.<\/p>\n<p>&nbsp;<\/p>\n<h3><a href=\"https:\/\/www.highway-gmbh.de\/wp-content\/uploads\/motorola_tc70.pdf\">Datenblatt Zebra TC70<\/a><\/h3>\n","protected":false},"excerpt":{"rendered":"<ul>\n<li>Vielseitiger Mobilcomputer mit Android oder Windows IoT ME<\/li>\n<li>Zahlreiche Erweiterungsoptionen f\u00fcr jede Umgebung<\/li>\n<li>Gro\u00dfes 4,7&#8221;-Touchdisplay und integrierter 1D\/2D-Imager<\/li>\n<li>Robustes Geh\u00e4use mit IP67-Zertifikat und Gorilla Glass 2<\/li>\n<li>Einfache Bedienung mit Finger, Handschuh und Touchpen<\/li>\n<\/ul>\n<h3>Abk\u00fcndigung des\u00a0 TC70<\/h3>\n<p>Das Zebra TC70 wird durch den <strong><a href=\"https:\/\/www.highway-gmbh.de\/produkte\/mdes\/zebra-mdes\/zebra-tc72-tc77\/\">Nachfolger Zebra TC72<\/a>\u00a0<\/strong>abgel\u00f6st.<\/p>\n","protected":false},"featured_media":1741,"template":"page-sidebar-left.php","meta":[],"product_brand":[],"product_cat":[37,99],"product_tag":[85],"class_list":{"0":"post-2029","1":"product","2":"type-product","3":"status-publish","4":"has-post-thumbnail","6":"product_cat-mdes","7":"product_cat-zebra-mdes","8":"product_tag-android","10":"first","11":"instock","12":"virtual","13":"product-type-simple"},"translation":{"provider":"WPGlobus","version":"3.0.2","language":"en","enabled_languages":["de","en"],"languages":{"de":{"title":true,"content":true,"excerpt":true},"en":{"title":false,"content":false,"excerpt":false}}},"_links":{"self":[{"href":"https:\/\/www.highway-gmbh.de\/en\/wp-json\/wp\/v2\/product\/2029","targetHints":{"allow":["GET"]}}],"collection":[{"href":"https:\/\/www.highway-gmbh.de\/en\/wp-json\/wp\/v2\/product"}],"about":[{"href":"https:\/\/www.highway-gmbh.de\/en\/wp-json\/wp\/v2\/types\/product"}],"wp:featuredmedia":[{"embeddable":true,"href":"https:\/\/www.highway-gmbh.de\/en\/wp-json\/wp\/v2\/media\/1741"}],"wp:attachment":[{"href":"https:\/\/www.highway-gmbh.de\/en\/wp-json\/wp\/v2\/media?parent=2029"}],"wp:term":[{"taxonomy":"product_brand","embeddable":true,"href":"https:\/\/www.highway-gmbh.de\/en\/wp-json\/wp\/v2\/product_brand?post=2029"},{"taxonomy":"product_cat","embeddable":true,"href":"https:\/\/www.highway-gmbh.de\/en\/wp-json\/wp\/v2\/product_cat?post=2029"},{"taxonomy":"product_tag","embeddable":true,"href":"https:\/\/www.highway-gmbh.de\/en\/wp-json\/wp\/v2\/product_tag?post=2029"}],"curies":[{"name":"wp","href":"https:\/\/api.w.org\/{rel}","templated":true}]}}