{"id":2019,"date":"2023-03-22T13:12:08","date_gmt":"2023-03-22T12:12:08","guid":{"rendered":"https:\/\/www.highway-gmbh.de\/?post_type=product&#038;p=2019"},"modified":"2023-05-30T11:24:31","modified_gmt":"2023-05-30T09:24:31","slug":"et40-et45","status":"publish","type":"product","link":"https:\/\/www.highway-gmbh.de\/en\/produkte\/industrie-tablet-pcs\/zebra-industrie-tablet-pcs\/et40-et45\/","title":{"rendered":"Zebra ET40\/ET45"},"content":{"rendered":"<h1>Zebra ET40\/ET45<\/h1>\n<h2>Attraktive Business-Tablets f\u00fcr drinnen und drau\u00dfen<\/h2>\n<p>Die handlichen Business-Tablets ET40 und ET45 von Zebra bieten alles, um direkt nach dem Auspacken voll einsatzbereit zu sein und Top-Leistungen abzuliefern. Sie sind wahlweise mit einem kapazitiven 8&#8243;- oder einem 10&#8243;-Multi-Touch-Display mit Corning Gorilla Glass und Android-Betriebssystem erh\u00e4ltlich. Au\u00dferdem verf\u00fcgen sie \u00fcber einen integrierten 1D\/2D-Barcodescanner mit einer Zebra Scan-Engine \u2013 vom Scannen mit Standardreichweite (SE4100 oder SE4710) bis hin zum Scanner mit erweiterter Reichweite und IntelliFocus-Technologie f\u00fcr die Barcodeerfassung aus der Hand und quer durch den Raum (SE55).<\/p>\n<p>Zur weiteren Ausstattung geh\u00f6ren ein austauschbarer 6.100-mAh-Akku (8&#8243;) oder 7.600-mAh-Akku (10&#8243;), eine Push-to-Talk-Funktion und eine leistungsstarke Drahtloskommunikation. Wem dieses Leistungsangebot nicht reicht, der erweitert die Tablets optional um die Tools der Zebra Mobility DNA oder wandelt sie \u00fcber Zebra Workforce Connect Voice in vollwertige PBX-Handsets um. Nat\u00fcrlich sind das ET40 und das ET45 auch hart im Nehmen: Gem\u00e4\u00df IP65 und MIL-STD-810H sind sie Staub, Wasser und Sturzbest\u00e4ndig und sowohl f\u00fcr den Innen- als auch Au\u00dfendienst geeignet.<\/p>\n<h3><a href=\"https:\/\/www.highway-gmbh.de\/wp-content\/uploads\/zebra_et40_et45.pdf\">Datenblatt Zebra ET40\/ET45<\/a><\/h3>\n","protected":false},"excerpt":{"rendered":"<ul>\n<li>Business-Tablets mit integriertem Enterprise-Scanner<\/li>\n<li>Kapazitives 8&#8243;- oder 10&#8243;-Multi-Touch-Display mit Corning Gorilla Glass<\/li>\n<li>IP65- und MIL-STD-810H-zertifiziert, f\u00fcr den Innen- und Au\u00dfendienst geeignet<\/li>\n<li>Wi-Fi 6, 5G, Bluetooth 5.1 (BLE), NFC und GPS (nur ET45)<\/li>\n<li>Unterst\u00fctzt die Tools der \u00bbMobility DNA\u00ab<\/li>\n<\/ul>\n","protected":false},"featured_media":1793,"template":"page-sidebar-left.php","meta":[],"product_brand":[],"product_cat":[39,75],"product_tag":[],"class_list":{"0":"post-2019","1":"product","2":"type-product","3":"status-publish","4":"has-post-thumbnail","6":"product_cat-industrie-tablet-pcs","7":"product_cat-zebra-industrie-tablet-pcs","9":"first","10":"instock","11":"virtual","12":"product-type-simple"},"translation":{"provider":"WPGlobus","version":"3.0.2","language":"en","enabled_languages":["de","en"],"languages":{"de":{"title":true,"content":true,"excerpt":true},"en":{"title":false,"content":false,"excerpt":false}}},"_links":{"self":[{"href":"https:\/\/www.highway-gmbh.de\/en\/wp-json\/wp\/v2\/product\/2019","targetHints":{"allow":["GET"]}}],"collection":[{"href":"https:\/\/www.highway-gmbh.de\/en\/wp-json\/wp\/v2\/product"}],"about":[{"href":"https:\/\/www.highway-gmbh.de\/en\/wp-json\/wp\/v2\/types\/product"}],"wp:featuredmedia":[{"embeddable":true,"href":"https:\/\/www.highway-gmbh.de\/en\/wp-json\/wp\/v2\/media\/1793"}],"wp:attachment":[{"href":"https:\/\/www.highway-gmbh.de\/en\/wp-json\/wp\/v2\/media?parent=2019"}],"wp:term":[{"taxonomy":"product_brand","embeddable":true,"href":"https:\/\/www.highway-gmbh.de\/en\/wp-json\/wp\/v2\/product_brand?post=2019"},{"taxonomy":"product_cat","embeddable":true,"href":"https:\/\/www.highway-gmbh.de\/en\/wp-json\/wp\/v2\/product_cat?post=2019"},{"taxonomy":"product_tag","embeddable":true,"href":"https:\/\/www.highway-gmbh.de\/en\/wp-json\/wp\/v2\/product_tag?post=2019"}],"curies":[{"name":"wp","href":"https:\/\/api.w.org\/{rel}","templated":true}]}}