{"id":2015,"date":"2023-03-22T12:47:43","date_gmt":"2023-03-22T11:47:43","guid":{"rendered":"https:\/\/www.highway-gmbh.de\/?post_type=product&#038;p=2015"},"modified":"2023-03-29T09:53:16","modified_gmt":"2023-03-29T07:53:16","slug":"ct45-ct45-xp","status":"publish","type":"product","link":"https:\/\/www.highway-gmbh.de\/en\/produkte\/mdes\/honeywell-mdes\/ct45-ct45-xp\/","title":{"rendered":"Honeywell CT45\/CT45 XP"},"content":{"rendered":"<h1>Honeywell CT45\/CT45 XP<\/h1>\n<h2>Universeller Android-Mobilcomputer<\/h2>\n<p>Der universell einsetzbare Android-Mobilcomputer Honeywell CT45 ist als Mitglied der Honeywell Mobility-Edge-Familie der perfekte Partner f\u00fcr Einzelhandel, Logistik und Au\u00dfendienst. Er ist sehr langlebig, leicht zu integrieren und einfach zu warten. Zudem erfasst er dank seiner FlexRange-Technologie, der 8-Megapixel-Frontkamera und der r\u00fcckseitigen 13-Megapixel-Autofokus-Kamera pr\u00e4zise und schnell Daten und Barcodes in bis zu 10 Metern Entfernung.<\/p>\n<p>Weiterhin \u00fcberzeugt der CT45 mit einem leicht bedienbaren HD-Multi-Touchdisplay und einer hohen Konnektivit\u00e4t. Diese wird durch USB-C 3.0, 4G LTE, NFC und GPS sichergestellt. Zur weiteren Ausstattung geh\u00f6ren ein 4.020 mAh Lithium-Ionen-Akku (bis zu 12 Stunden Laufzeit), ein 2,0 GHz Qualcomm Snapdragon 4290 Octa-Core-Prozessor, 4 GB RAM und 64 GB Flash. Gem\u00e4\u00df IP65\/IP68 ist der Mobilcomputer zudem staub- und wasserdicht und nach MIL-STD-810H sturzsicher aus 1,8 Metern H\u00f6he \u2013 mit optionaler Schutzh\u00fclle aus 2,4 Metern auf Beton.<\/p>\n<p>Alternativ bietet die Modell-Variante CT45 XP ein FHD-Multi-Touchdisplay, einen Warm-Swap-Akku, 6 GB RAM und eine erweiterte Schnittstellenauswahl mit Wi-Fi 6 (optional), Bluetooth 5.1 und Low Energy.<\/p>\n<h3><a href=\"https:\/\/www.highway-gmbh.de\/wp-content\/uploads\/honeywell_ct45.pdf\">Datenblatt Honeywell CT45\/CT45 XP<\/a><\/h3>\n","protected":false},"excerpt":{"rendered":"<ul>\n<li>Langlebiger Android-Mobilcomputer im schlanken Design<\/li>\n<li>Erfasst Daten schnell und genau in bis zu 10 m Entfernung<\/li>\n<li>IP65-\/IP68-zertifiziert, sturzsicher aus 1,8 m (mit Schutzh\u00fclle aus 2,4 m)<\/li>\n<li>USB-C 3.0, 4G LTE, NFC und GPS sowie Wi-Fi 6 (optional), Bluetooth 5.1 und BLE (CT45 XP)<\/li>\n<li>Mobility Edge Ger\u00e4t: leichte Integration und Wartung<\/li>\n<\/ul>\n","protected":false},"featured_media":1782,"template":"page-sidebar-left.php","meta":[],"product_brand":[],"product_cat":[89,37],"product_tag":[85],"class_list":{"0":"post-2015","1":"product","2":"type-product","3":"status-publish","4":"has-post-thumbnail","6":"product_cat-honeywell-mdes","7":"product_cat-mdes","8":"product_tag-android","10":"first","11":"instock","12":"virtual","13":"product-type-simple"},"translation":{"provider":"WPGlobus","version":"3.0.2","language":"en","enabled_languages":["de","en"],"languages":{"de":{"title":true,"content":true,"excerpt":true},"en":{"title":false,"content":false,"excerpt":false}}},"_links":{"self":[{"href":"https:\/\/www.highway-gmbh.de\/en\/wp-json\/wp\/v2\/product\/2015","targetHints":{"allow":["GET"]}}],"collection":[{"href":"https:\/\/www.highway-gmbh.de\/en\/wp-json\/wp\/v2\/product"}],"about":[{"href":"https:\/\/www.highway-gmbh.de\/en\/wp-json\/wp\/v2\/types\/product"}],"wp:featuredmedia":[{"embeddable":true,"href":"https:\/\/www.highway-gmbh.de\/en\/wp-json\/wp\/v2\/media\/1782"}],"wp:attachment":[{"href":"https:\/\/www.highway-gmbh.de\/en\/wp-json\/wp\/v2\/media?parent=2015"}],"wp:term":[{"taxonomy":"product_brand","embeddable":true,"href":"https:\/\/www.highway-gmbh.de\/en\/wp-json\/wp\/v2\/product_brand?post=2015"},{"taxonomy":"product_cat","embeddable":true,"href":"https:\/\/www.highway-gmbh.de\/en\/wp-json\/wp\/v2\/product_cat?post=2015"},{"taxonomy":"product_tag","embeddable":true,"href":"https:\/\/www.highway-gmbh.de\/en\/wp-json\/wp\/v2\/product_tag?post=2015"}],"curies":[{"name":"wp","href":"https:\/\/api.w.org\/{rel}","templated":true}]}}