{"id":2014,"date":"2023-03-22T11:46:32","date_gmt":"2023-03-22T10:46:32","guid":{"rendered":"https:\/\/www.highway-gmbh.de\/?post_type=product&#038;p=2014"},"modified":"2023-03-29T09:51:36","modified_gmt":"2023-03-29T07:51:36","slug":"ct40","status":"publish","type":"product","link":"https:\/\/www.highway-gmbh.de\/en\/produkte\/mdes\/honeywell-mdes\/ct40\/","title":{"rendered":"Honeywell CT40"},"content":{"rendered":"<h1>Honeywell CT40<\/h1>\n<h2>Mobilcomputer im modernen Design<\/h2>\n<p>Wie alle Mobility Edge Ger\u00e4te wurde der Android-Mobilcomputer CT40 von Honeywell auf Grundlage von direktem Anwenderfeedback entwickelt: Er ist klein, schnell, leicht und eines der st\u00e4rksten Arbeitstiere f\u00fcr KMUs. Und nat\u00fcrlich mindestens haltbar bis 2028, denn all seine Funktionalit\u00e4ten werden hundertprozentig auch unter Android R laufen. Aufgrund der einheitlichen Hard- und Softwarearchitektur, die alle Ger\u00e4te dieser Plattform auszeichnet, gestaltet sich die Einarbeitung in den Mobilcomputer so einfach wie auch effizient: Mit dem Android Betriebssystem bietet der CT40 Anwendern eine vertraute Benutzeroberfl\u00e4che im Smartphone-Format.<\/p>\n<p>Format beweist der CT40 in seiner Leistung und Robustheit. Er ist mit Corning Gorilla Glass 5 ausgestattet. Dies in Verbindung mit seinem robusten Geh\u00e4use lassen das Leichtgewicht problemlos St\u00fcrze aus bis zu 1,2 Metern Fallh\u00f6he (mit optionaler Schutzh\u00fclle 1,8 Meter) \u00fcberstehen. Ein Octa-Core-Prozessor, schnelles WLAN und optional 4G LTE geben dem Mitarbeiter \u00fcberall superschnellen Zugriff auf alle wichtigen Informationen. Durch das separat erh\u00e4ltliche Display-Dock verwandelt sich der CT40 in einen vollwertigen Computer. Zudem ist optional die Scan-Engine N6703 und ein 3,5 mm Audio-Anschluss verf\u00fcgbar.<\/p>\n<p>Um noch mehr wertvolle Zeit zu sparen, gibt es den CT40 auch in einer XP-Version. Diese ist mit einem FlexRange-Doppellinsen-Imager ausgestattet, der in Sekundenschnelle f\u00fcr einen reibungslosen \u00dcbergang zwischen Nah- und Ferndiagnose sorgt: Er erfasst Barcodes in Reichweiten zwischen 0,1 und 10,7 Metern. Auf diese Weise scannen Anwender ein Etikett ganz einfach von der anderen Seite des Raumes, ohne n\u00e4her an ihn herangehen zu m\u00fcssen.<\/p>\n<h3><a href=\"https:\/\/www.highway-gmbh.de\/wp-content\/uploads\/honeywell_ct40.pdf\">Datenblatt Honeywell CT40<\/a><\/h3>\n","protected":false},"excerpt":{"rendered":"<ul>\n<li>Gem\u00e4\u00df IP64 gesch\u00fctzt und aus 1,2 m sturzfest<\/li>\n<li>Qualcomm Octa-Core-CPU mit 2 \/ 4 GB RAM und 32 GB Flash<\/li>\n<li>Zahlreiche Features wie WLAN 802.11 ac, 4G LTE Option sowie RFID Unterst\u00fctzung<\/li>\n<li>Robuster Mobilcomputer dank Corning Gorilla Glass 5<\/li>\n<li>Mobility Edge Ger\u00e4t: Leichte Integration und Wartung<\/li>\n<\/ul>\n","protected":false},"featured_media":1432,"template":"page-sidebar-left.php","meta":[],"product_brand":[],"product_cat":[89,37],"product_tag":[85],"class_list":{"0":"post-2014","1":"product","2":"type-product","3":"status-publish","4":"has-post-thumbnail","6":"product_cat-honeywell-mdes","7":"product_cat-mdes","8":"product_tag-android","10":"first","11":"instock","12":"virtual","13":"product-type-simple"},"translation":{"provider":"WPGlobus","version":"3.0.2","language":"en","enabled_languages":["de","en"],"languages":{"de":{"title":true,"content":true,"excerpt":true},"en":{"title":false,"content":false,"excerpt":false}}},"_links":{"self":[{"href":"https:\/\/www.highway-gmbh.de\/en\/wp-json\/wp\/v2\/product\/2014","targetHints":{"allow":["GET"]}}],"collection":[{"href":"https:\/\/www.highway-gmbh.de\/en\/wp-json\/wp\/v2\/product"}],"about":[{"href":"https:\/\/www.highway-gmbh.de\/en\/wp-json\/wp\/v2\/types\/product"}],"wp:featuredmedia":[{"embeddable":true,"href":"https:\/\/www.highway-gmbh.de\/en\/wp-json\/wp\/v2\/media\/1432"}],"wp:attachment":[{"href":"https:\/\/www.highway-gmbh.de\/en\/wp-json\/wp\/v2\/media?parent=2014"}],"wp:term":[{"taxonomy":"product_brand","embeddable":true,"href":"https:\/\/www.highway-gmbh.de\/en\/wp-json\/wp\/v2\/product_brand?post=2014"},{"taxonomy":"product_cat","embeddable":true,"href":"https:\/\/www.highway-gmbh.de\/en\/wp-json\/wp\/v2\/product_cat?post=2014"},{"taxonomy":"product_tag","embeddable":true,"href":"https:\/\/www.highway-gmbh.de\/en\/wp-json\/wp\/v2\/product_tag?post=2014"}],"curies":[{"name":"wp","href":"https:\/\/api.w.org\/{rel}","templated":true}]}}