{"id":2012,"date":"2023-03-22T11:06:08","date_gmt":"2023-03-22T10:06:08","guid":{"rendered":"https:\/\/www.highway-gmbh.de\/?post_type=product&#038;p=2012"},"modified":"2023-03-22T11:15:50","modified_gmt":"2023-03-22T10:15:50","slug":"zd411","status":"publish","type":"product","link":"https:\/\/www.highway-gmbh.de\/en\/produkte\/drucker\/tt-td-etikettendrucker\/zebra\/zd411\/","title":{"rendered":"ZD411"},"content":{"rendered":"<h1>Zebra ZD411<\/h1>\n<h2 id=\"jt_sr_subline\">Zukunftsf\u00e4higer, kompakter 2-Zoll-Desktopdrucker<\/h2>\n<div class=\"detaileinleitungstext\">\n<p>Zebra hat mit dem ZD411 einen fortschrittlichen, zuverl\u00e4ssigen und leichten 2&#8243;-Desktopdrucker auf den Markt gebracht. Er begeistert mit einem kompakten Design und einem geringen Platzbedarf, wodurch er sich nahezu \u00fcberallhin platzieren l\u00e4sst. Au\u00dferdem bietet er alle Funktionen, die f\u00fcr einen langj\u00e4hrigen Einsatz ben\u00f6tigt werden. Dadurch sorgt er \u00fcberall dort, wo er zum Einsatz kommt, f\u00fcr mehr Flexibilit\u00e4t und Sicherheit. Erh\u00e4ltlich ist er je nach Bedarf als Thermodirekt-, Thermotransfer- oder spezielles Healthcare-Modell (ZD411-HC). Alle drei Modelle unterst\u00fctzen eine breite Palette von Etikettier- und Tagging-Anwendungen.<\/p>\n<p>Seine intuitive Bedienung verdankt der ZD411 einer leicht zu verstehenden Anzeige, die auf verschiedenen Symbolen beruht. Sie gibt jederzeit Aufschluss \u00fcber den aktuellen Druckerstatus. F\u00fcr noch mehr Leistung greift der ZD411 auf eine gro\u00dfe Zubeh\u00f6rauswahl zur\u00fcck, darunter auch vor Ort installierbares Zubeh\u00f6r f\u00fcr Medienhandhabung und kabellose Kommunikation sowie tragbare Akku-Zubeh\u00f6rteile. Zudem ist er kompatibel mit den Tools der Zebra Print DNA. Diese machen die Einrichtung, Bedienung und Wartung des ZD411 noch einfacher \u2013 lokal oder per Fernzugriff.<\/p>\n<h2><a href=\"https:\/\/www.highway-gmbh.de\/wp-content\/uploads\/zebra_zd411.pdf\">Datenblatt Zebra ZD411<\/a><\/h2>\n<p>&nbsp;<\/p>\n<\/div>\n","protected":false},"excerpt":{"rendered":"<ul>\n<li>Intuitiver 2&#8243;-Desktopdrucker mit geringem Platzbedarf<\/li>\n<li>Thermodirekt-, Thermotransfer- und spezielle Healthcare-Modelle erh\u00e4ltlich<\/li>\n<li>Ideal f\u00fcr eine breite Palette von Etikettier- und Tagging-Anwendungen<\/li>\n<li>Vor Ort installierbares Zubeh\u00f6r f\u00fcr Medienhandhabung und kabellose Kommunikation<\/li>\n<li>Unterst\u00fctzt die Tools der Zebra Print DNA<\/li>\n<\/ul>\n","protected":false},"featured_media":1839,"template":"page-sidebar-left.php","meta":[],"product_brand":[],"product_cat":[36,40,41],"product_tag":[51],"class_list":{"0":"post-2012","1":"product","2":"type-product","3":"status-publish","4":"has-post-thumbnail","6":"product_cat-drucker","7":"product_cat-tt-td-etikettendrucker","8":"product_cat-zebra","9":"product_tag-thermotransferdrucker","11":"first","12":"instock","13":"virtual","14":"product-type-simple"},"translation":{"provider":"WPGlobus","version":"3.0.2","language":"en","enabled_languages":["de","en"],"languages":{"de":{"title":true,"content":true,"excerpt":true},"en":{"title":false,"content":false,"excerpt":false}}},"_links":{"self":[{"href":"https:\/\/www.highway-gmbh.de\/en\/wp-json\/wp\/v2\/product\/2012","targetHints":{"allow":["GET"]}}],"collection":[{"href":"https:\/\/www.highway-gmbh.de\/en\/wp-json\/wp\/v2\/product"}],"about":[{"href":"https:\/\/www.highway-gmbh.de\/en\/wp-json\/wp\/v2\/types\/product"}],"wp:featuredmedia":[{"embeddable":true,"href":"https:\/\/www.highway-gmbh.de\/en\/wp-json\/wp\/v2\/media\/1839"}],"wp:attachment":[{"href":"https:\/\/www.highway-gmbh.de\/en\/wp-json\/wp\/v2\/media?parent=2012"}],"wp:term":[{"taxonomy":"product_brand","embeddable":true,"href":"https:\/\/www.highway-gmbh.de\/en\/wp-json\/wp\/v2\/product_brand?post=2012"},{"taxonomy":"product_cat","embeddable":true,"href":"https:\/\/www.highway-gmbh.de\/en\/wp-json\/wp\/v2\/product_cat?post=2012"},{"taxonomy":"product_tag","embeddable":true,"href":"https:\/\/www.highway-gmbh.de\/en\/wp-json\/wp\/v2\/product_tag?post=2012"}],"curies":[{"name":"wp","href":"https:\/\/api.w.org\/{rel}","templated":true}]}}