{"id":2008,"date":"2023-03-22T10:18:25","date_gmt":"2023-03-22T09:18:25","guid":{"rendered":"https:\/\/www.highway-gmbh.de\/?post_type=product&#038;p=2008"},"modified":"2023-03-22T10:26:40","modified_gmt":"2023-03-22T09:26:40","slug":"quickscan-qw2500","status":"publish","type":"product","link":"https:\/\/www.highway-gmbh.de\/en\/produkte\/handscanner\/datalogic\/quickscan-qw2500\/","title":{"rendered":"QuickScan QW2500"},"content":{"rendered":"<h1 id=\"jt_sr_headline\">Datalogic QuickScan QW2500<\/h1>\n<h2 id=\"jt_sr_subline\">Preisattraktiver 2D-Scanner f\u00fcr den Handel<\/h2>\n<p>Das preisattraktive Modell QuickScan QW2500 f\u00fcgt sich perfekt in die 2500er-Familie von Datalogic ein. Als omnidirektionaler 2D-Scanner bietet er alle wichtigen Funktionen f\u00fcr einfache Anwendungen im Handel. Er ist leicht erschwinglich, ohne Kompromisse bei Qualit\u00e4t und Leistung einzugehen.<\/p>\n<p>Dank Datalogics \u00bbGreen Spot\u00ab-R\u00fcckmeldetechnologie und der Motionix-Bewegungstechnologie steigert der QuickScan QW2500 die Produktivit\u00e4t des Anwenders. Seine erh\u00f6hte Effizienz durch eine schnelle Barcodeerfassung, unabh\u00e4ngig vom Zustand des Barcodes \u2013 ob schwer lesbar, schlecht gedruckt oder besch\u00e4digt, digital von Mobiltelefonen und Tablets oder durch Plexiglasbarrieren \u2013 macht ihn zudem zu einer zukunftssicheren Investition. Dar\u00fcber hinaus zeichnet sich der QuickScan QW2500 durch das unverwechselbare Design von Datalogic Handscannern aus und bietet eine zuverl\u00e4ssige USB-Konnektivit\u00e4t. Optional ist er mit einer Vielzahl von St\u00e4ndern, Halterungen und Zubeh\u00f6rteilen der QuickScan-Familie ausgestattet, um sich perfekt an nahezu jede Arbeitsbedingung anzupassen.<\/p>\n<h3><a href=\"https:\/\/www.highway-gmbh.de\/wp-content\/uploads\/datalogic_qw2500.pdf\">Datenblatt QuickScan QW2500<\/a><\/h3>\n","protected":false},"excerpt":{"rendered":"<ul>\n<li>Omnidirektionaler 2D-Handscanner<\/li>\n<li>Erfasst alle g\u00e4ngigen 1D-, 2D-, Post- und Digimarc-Barcodes im Handel<\/li>\n<li>Nutzt Datalogics \u00bbGreen Spot\u00ab-R\u00fcckmelde- &amp; Motionix-Bewegungstechnologie<\/li>\n<li>Staub- und Wasserschutz gem\u00e4\u00df IP52, sturzsicher aus 1,5 m H\u00f6he<\/li>\n<li>Bietet eine gro\u00dfe Auswahl an St\u00e4ndern und Zubeh\u00f6r<\/li>\n<\/ul>\n","protected":false},"featured_media":1703,"template":"page-sidebar-left.php","meta":[],"product_brand":[],"product_cat":[42,18],"product_tag":[53],"class_list":{"0":"post-2008","1":"product","2":"type-product","3":"status-publish","4":"has-post-thumbnail","6":"product_cat-datalogic","7":"product_cat-handscanner","8":"product_tag-datalogic","10":"first","11":"instock","12":"virtual","13":"product-type-simple"},"translation":{"provider":"WPGlobus","version":"3.0.2","language":"en","enabled_languages":["de","en"],"languages":{"de":{"title":true,"content":true,"excerpt":true},"en":{"title":false,"content":false,"excerpt":false}}},"_links":{"self":[{"href":"https:\/\/www.highway-gmbh.de\/en\/wp-json\/wp\/v2\/product\/2008","targetHints":{"allow":["GET"]}}],"collection":[{"href":"https:\/\/www.highway-gmbh.de\/en\/wp-json\/wp\/v2\/product"}],"about":[{"href":"https:\/\/www.highway-gmbh.de\/en\/wp-json\/wp\/v2\/types\/product"}],"wp:featuredmedia":[{"embeddable":true,"href":"https:\/\/www.highway-gmbh.de\/en\/wp-json\/wp\/v2\/media\/1703"}],"wp:attachment":[{"href":"https:\/\/www.highway-gmbh.de\/en\/wp-json\/wp\/v2\/media?parent=2008"}],"wp:term":[{"taxonomy":"product_brand","embeddable":true,"href":"https:\/\/www.highway-gmbh.de\/en\/wp-json\/wp\/v2\/product_brand?post=2008"},{"taxonomy":"product_cat","embeddable":true,"href":"https:\/\/www.highway-gmbh.de\/en\/wp-json\/wp\/v2\/product_cat?post=2008"},{"taxonomy":"product_tag","embeddable":true,"href":"https:\/\/www.highway-gmbh.de\/en\/wp-json\/wp\/v2\/product_tag?post=2008"}],"curies":[{"name":"wp","href":"https:\/\/api.w.org\/{rel}","templated":true}]}}