{"id":2007,"date":"2023-03-22T10:00:34","date_gmt":"2023-03-22T09:00:34","guid":{"rendered":"https:\/\/www.highway-gmbh.de\/?post_type=product&#038;p=2007"},"modified":"2023-03-22T10:09:08","modified_gmt":"2023-03-22T09:09:08","slug":"quickscan-qbt2500","status":"publish","type":"product","link":"https:\/\/www.highway-gmbh.de\/en\/produkte\/handscanner\/datalogic\/quickscan-qbt2500\/","title":{"rendered":"QuickScan QBT2500"},"content":{"rendered":"<h1 id=\"jt_sr_headline\">Datalogic QuickScan QBT2500<\/h1>\n<h2 id=\"jt_sr_subline\">2D-Imager mit gro\u00dfer Reichweite f\u00fcr hohe St\u00fcckzahlen<\/h2>\n<p>Der Datalogic QuickScan QBT2500 ist ein \u00e4u\u00dferst zuverl\u00e4ssiger, omnidirektionaler 2D-Imager f\u00fcr den POS in Einzelhandel, Gastgewerbe, Gesundheitswesen und der Leichtindustrie. Er eignet sich vor allem f\u00fcr POS-Bereiche, die einen h\u00f6heren Bedarf an 2D-Scans haben und gleichzeitig Handydisplays und Kundenkarten lesen m\u00fcssen. Daf\u00fcr erfasst er zuverl\u00e4ssig und schnell 1D-, 2D-, Post- und Digimarc-Barcodes, sowohl von Displays als auch durch Plexiglas-Trennw\u00e4nde hindurch.<\/p>\n<p>Der QBT2500 sorgt f\u00fcr mehr Bewegungsfreiraum und sendet Daten \u00fcber die Basisstation an den Host oder an jedes mobile Ger\u00e4t mit Bluetooth-Funktion in einer Reichweite von bis zu 100 Metern \u2013 bei Verbindungen zu Android oder iOS \u00fcber das HID-Profil. F\u00fcr lange Betriebszeiten sorgt ein leistungsstarker Lithium-Ionen-Akku, der sich ohne Werkzeug in wenigen Sekunden austauschen l\u00e4sst. \u00dcber den integrierten USB-C-Anschluss wird er auch ohne Ladestation schnell aufgeladen. Zudem sorgen das extrem akkurate Design und die hohe Qualit\u00e4t der Komponenten f\u00fcr eine hohe Robustheit und Zuverl\u00e4ssigkeit.<\/p>\n<h3><a href=\"https:\/\/www.highway-gmbh.de\/wp-content\/uploads\/datalogic_qbt2500.pdf\">Datenblatt QuickScan QBT2500<\/a><\/h3>\n","protected":false},"excerpt":{"rendered":"<ul>\n<li>Drahtloser Area Imager mit 100 m Funkreichweite<\/li>\n<li>Android- und iOS-kompatibel, Bluetooth 4.0 mit BLE, zertifiziert Klasse 1, 2 und 3<\/li>\n<li>Erfasst 1D-, 2D-, Post- und Digimarc-Barcodes sowie Dot-Codes<\/li>\n<li>Einfacher Akkuwechsel ohne Werkzeug m\u00f6glich<\/li>\n<li>Ausl\u00f6ser \u00fcbersteht 10 Mhits<\/li>\n<\/ul>\n","protected":false},"featured_media":2005,"template":"page-sidebar-left.php","meta":[],"product_brand":[],"product_cat":[42,18],"product_tag":[53],"class_list":{"0":"post-2007","1":"product","2":"type-product","3":"status-publish","4":"has-post-thumbnail","6":"product_cat-datalogic","7":"product_cat-handscanner","8":"product_tag-datalogic","10":"first","11":"instock","12":"virtual","13":"product-type-simple"},"translation":{"provider":"WPGlobus","version":"3.0.2","language":"en","enabled_languages":["de","en"],"languages":{"de":{"title":true,"content":true,"excerpt":true},"en":{"title":false,"content":false,"excerpt":false}}},"_links":{"self":[{"href":"https:\/\/www.highway-gmbh.de\/en\/wp-json\/wp\/v2\/product\/2007","targetHints":{"allow":["GET"]}}],"collection":[{"href":"https:\/\/www.highway-gmbh.de\/en\/wp-json\/wp\/v2\/product"}],"about":[{"href":"https:\/\/www.highway-gmbh.de\/en\/wp-json\/wp\/v2\/types\/product"}],"wp:featuredmedia":[{"embeddable":true,"href":"https:\/\/www.highway-gmbh.de\/en\/wp-json\/wp\/v2\/media\/2005"}],"wp:attachment":[{"href":"https:\/\/www.highway-gmbh.de\/en\/wp-json\/wp\/v2\/media?parent=2007"}],"wp:term":[{"taxonomy":"product_brand","embeddable":true,"href":"https:\/\/www.highway-gmbh.de\/en\/wp-json\/wp\/v2\/product_brand?post=2007"},{"taxonomy":"product_cat","embeddable":true,"href":"https:\/\/www.highway-gmbh.de\/en\/wp-json\/wp\/v2\/product_cat?post=2007"},{"taxonomy":"product_tag","embeddable":true,"href":"https:\/\/www.highway-gmbh.de\/en\/wp-json\/wp\/v2\/product_tag?post=2007"}],"curies":[{"name":"wp","href":"https:\/\/api.w.org\/{rel}","templated":true}]}}