{"id":1869,"date":"2023-03-24T14:01:00","date_gmt":"2023-03-24T13:01:00","guid":{"rendered":"https:\/\/www.highway-gmbh.de\/?post_type=product&#038;p=1869"},"modified":"2023-03-27T11:41:30","modified_gmt":"2023-03-27T09:41:30","slug":"tc52ax","status":"publish","type":"product","link":"https:\/\/www.highway-gmbh.de\/en\/produkte\/mdes\/zebra-mdes\/tc52ax\/","title":{"rendered":"Zebra TC52ax"},"content":{"rendered":"<h1 id=\"jt_sr_headline\"><span style=\"font-family: inherit; font-size: inherit;\">Zebra TC52ax<\/span><\/h1>\n<div>\n<h2 id=\"jt_sr_subline\">Touchcomputer mit optionalem SE5500-Scanner<\/h2>\n<\/div>\n<p>Der mobile Android-Touchcomputer Zebra TC52ax ist dank seiner hohen Leistungsf\u00e4higkeit und des robusten Designs ideal f\u00fcr die anspruchsvollen Arbeiten der Transport- und Logistik-Branche. Sein 5&#8243;-HD-Touchdisplay mit Corning Gorilla Glass l\u00e4sst sich selbst bei N\u00e4sse, mit Handschuhen oder einem Stift problemlos nutzen und sein Geh\u00e4use ist gem\u00e4\u00df IP65\/IP68 vor dem Eindringen von Staub und Wasser gesch\u00fctzt.<\/p>\n<p>Zur Ausstattung des TC52ax geh\u00f6ren ein schneller 2,45 GHz Qualcomm Octa-Core-Prozessor, 4 GB RAM, 64 GB UFS Flash und ein 4.150 mAh Lithium-Ionen-Akku mit PowerPrecision+, Warm-Swap-Modus und bis zu 14 Stunden Laufzeit. Ein integrierter SE5500 oder SE4720 Scanner erfasst blitzschnell 1D-\/2D-Barcodes, Etiketten und Dokumente. F\u00fcr Dokumentationszwecke nutzen Anwender die r\u00fcckseitige 13-MP-Autofokus-Kamera mit Phasenerkennung und LED-Blitzlicht und f\u00fcr professionelle Videogespr\u00e4che die 5-MP-Frontkamera. Die gro\u00dfe Schnittstellenauswahl besteht aus Bluetooth 5.1 (BLE), Wi-Fi 6, 2&#215;2 MU-MIMO und NFC. Zudem l\u00e4sst sich der TC52ax optional in ein PBX-Mobiltelefon umwandeln und unterst\u00fctzt Zebras \u00bbOneCare\u00ab und die Tools der \u00bbMobility DNA\u00ab.<\/p>\n<h3><a href=\"https:\/\/www.highway-gmbh.de\/wp-content\/uploads\/zebra_tc52ax-1.pdf\">Datenblatt Zebra TC52ax<\/a><\/h3>\n","protected":false},"excerpt":{"rendered":"<ul>\n<li>Mobiler Android-Touchcomputer mit 5&#8243; HD-Touchdisplay<\/li>\n<li>Integrierter 1D-\/2D-Scanner: SE5500 oder SE4720<\/li>\n<li>PowerPrecision+-Akku mit Warm-Swap-Modus f\u00fcr bis zu 14 Stunden Laufzeit<\/li>\n<li>IP65-\/IP68-zertifiziert, sturzsicher aus 1,2 m<\/li>\n<li>Unterst\u00fctzt Zebra \u00bbOneCare\u00ab und die \u00bbMobility DNA\u00ab<\/li>\n<\/ul>\n","protected":false},"featured_media":1871,"template":"","meta":[],"product_brand":[],"product_cat":[37,99],"product_tag":[85],"class_list":{"0":"post-1869","1":"product","2":"type-product","3":"status-publish","4":"has-post-thumbnail","6":"product_cat-mdes","7":"product_cat-zebra-mdes","8":"product_tag-android","10":"first","11":"instock","12":"shipping-taxable","13":"product-type-simple"},"translation":{"provider":"WPGlobus","version":"3.0.2","language":"en","enabled_languages":["de","en"],"languages":{"de":{"title":true,"content":true,"excerpt":true},"en":{"title":false,"content":false,"excerpt":false}}},"_links":{"self":[{"href":"https:\/\/www.highway-gmbh.de\/en\/wp-json\/wp\/v2\/product\/1869","targetHints":{"allow":["GET"]}}],"collection":[{"href":"https:\/\/www.highway-gmbh.de\/en\/wp-json\/wp\/v2\/product"}],"about":[{"href":"https:\/\/www.highway-gmbh.de\/en\/wp-json\/wp\/v2\/types\/product"}],"wp:featuredmedia":[{"embeddable":true,"href":"https:\/\/www.highway-gmbh.de\/en\/wp-json\/wp\/v2\/media\/1871"}],"wp:attachment":[{"href":"https:\/\/www.highway-gmbh.de\/en\/wp-json\/wp\/v2\/media?parent=1869"}],"wp:term":[{"taxonomy":"product_brand","embeddable":true,"href":"https:\/\/www.highway-gmbh.de\/en\/wp-json\/wp\/v2\/product_brand?post=1869"},{"taxonomy":"product_cat","embeddable":true,"href":"https:\/\/www.highway-gmbh.de\/en\/wp-json\/wp\/v2\/product_cat?post=1869"},{"taxonomy":"product_tag","embeddable":true,"href":"https:\/\/www.highway-gmbh.de\/en\/wp-json\/wp\/v2\/product_tag?post=1869"}],"curies":[{"name":"wp","href":"https:\/\/api.w.org\/{rel}","templated":true}]}}