{"id":1817,"date":"2022-07-14T11:25:24","date_gmt":"2022-07-14T09:25:24","guid":{"rendered":"https:\/\/www.highway-gmbh.de\/?post_type=product&#038;p=1817"},"modified":"2022-07-14T11:25:24","modified_gmt":"2022-07-14T09:25:24","slug":"proglove-mark-2","status":"publish","type":"product","link":"https:\/\/www.highway-gmbh.de\/en\/produkte\/handscanner\/proglove\/proglove-mark-2\/","title":{"rendered":"ProGlove Mark 2"},"content":{"rendered":"<h1>ProGlove MARK 2<\/h1>\n<h2>Freih\u00e4ndiges 2D-Scanning f\u00fcr die Logistik<\/h2>\n<p>Zuverl\u00e4ssig, bequem und schnell 1D- und 2D-Barcodes scannen und dabei beide H\u00e4nde freihaben \u2013 klingt nach Zukunftsmusik, ist aber Realit\u00e4t. Mit dem Barcodescanner MARK 2 als Handr\u00fcckenmodell bietet ProGlove den idealen Partner f\u00fcr mehr Bewegungsfreiraum in verschiedenen Logistik-Arbeitsbereichen \u2013 er beschleunigt Prozesse und steigert die Produktivit\u00e4t. Je nach Modell erfasst er Barcodes in einer Entfernung von 10 bis 80 cm (Standard Range) oder von 30 bis 150 cm (Midrange). Dies bedeutet eine erhebliche Verringerung der Laufwege w\u00e4hrend der Arbeit. Beide Versionen bieten ein praktisches Dreifachfeedback nach jedem erfolgreichen Scanvorgang. Dieser besteht aus einem akustischen, einem optischen und einem haptischen Signal, was die Kommissionierung schneller, einfacher und sicherer macht.<\/p>\n<p>Der MARK 2 begeistert aber auch mit seiner langen Akkulaufzeit f\u00fcr bis zu 6000 Scans mit nur einer Ladung, um mehr aus jeder Schicht herauszuholen. Daf\u00fcr sorgt ein 670 mAh starker Lithium-Polymer-Akku. Zudem ist der Scanner mit nur 40 Gramm ein echtes Leichtgewicht und l\u00e4sst sich problemlos den ganzen Tag \u00fcber mitf\u00fchren. Da er deswegen auch nicht mehr abgelegt und wieder in die Hand genommen werden muss, spart er wertvolle Scanzeit, minimiert den Arbeitsstress und reduziert Fehler. Seine bidirektionale Kommunikation und die kabellose \u00dcbertragung mittels Bluetooth Low Energy (BLE) oder via Funk mit bis zu 868 MHz erleichtern das Erfassen von Barcodes ebenfalls ungemein.<\/p>\n<p><a href=\"https:\/\/www.highway-gmbh.de\/wp-content\/uploads\/proglove_mark_2.pdf\">ProGlove_Mark_2<\/a><\/p>\n","protected":false},"excerpt":{"rendered":"<ul>\n<li>2D-Barcodescanner als Handr\u00fcckenmodell (Midrange oder Standard Range)<\/li>\n<li>Kabellose \u00dcbertragung \u00fcber Bluetooth oder Funk<\/li>\n<li>Dreifach-\u00dcbertragungsfeedback (akustisch, optisch, haptisch)<\/li>\n<li>Akkulaufzeit f\u00fcr bis zu 10.000 Scans<\/li>\n<li>Leichtgewicht mit nur 40 Gramm<\/li>\n<\/ul>\n","protected":false},"featured_media":1819,"template":"","meta":[],"product_brand":[],"product_cat":[18,127],"product_tag":[],"class_list":{"0":"post-1817","1":"product","2":"type-product","3":"status-publish","4":"has-post-thumbnail","6":"product_cat-handscanner","7":"product_cat-proglove","9":"first","10":"instock","11":"shipping-taxable","12":"product-type-simple"},"translation":{"provider":"WPGlobus","version":"3.0.2","language":"en","enabled_languages":["de","en"],"languages":{"de":{"title":true,"content":true,"excerpt":true},"en":{"title":false,"content":false,"excerpt":false}}},"_links":{"self":[{"href":"https:\/\/www.highway-gmbh.de\/en\/wp-json\/wp\/v2\/product\/1817","targetHints":{"allow":["GET"]}}],"collection":[{"href":"https:\/\/www.highway-gmbh.de\/en\/wp-json\/wp\/v2\/product"}],"about":[{"href":"https:\/\/www.highway-gmbh.de\/en\/wp-json\/wp\/v2\/types\/product"}],"wp:featuredmedia":[{"embeddable":true,"href":"https:\/\/www.highway-gmbh.de\/en\/wp-json\/wp\/v2\/media\/1819"}],"wp:attachment":[{"href":"https:\/\/www.highway-gmbh.de\/en\/wp-json\/wp\/v2\/media?parent=1817"}],"wp:term":[{"taxonomy":"product_brand","embeddable":true,"href":"https:\/\/www.highway-gmbh.de\/en\/wp-json\/wp\/v2\/product_brand?post=1817"},{"taxonomy":"product_cat","embeddable":true,"href":"https:\/\/www.highway-gmbh.de\/en\/wp-json\/wp\/v2\/product_cat?post=1817"},{"taxonomy":"product_tag","embeddable":true,"href":"https:\/\/www.highway-gmbh.de\/en\/wp-json\/wp\/v2\/product_tag?post=1817"}],"curies":[{"name":"wp","href":"https:\/\/api.w.org\/{rel}","templated":true}]}}