{"id":1814,"date":"2022-07-14T11:25:24","date_gmt":"2022-07-14T09:25:24","guid":{"rendered":"https:\/\/www.highway-gmbh.de\/?post_type=product&#038;p=1814"},"modified":"2022-07-14T11:25:24","modified_gmt":"2022-07-14T09:25:24","slug":"proglove-mark-basic","status":"publish","type":"product","link":"https:\/\/www.highway-gmbh.de\/en\/produkte\/handscanner\/proglove\/proglove-mark-basic\/","title":{"rendered":"ProGlove Mark Basic"},"content":{"rendered":"<h1>ProGlove MARK Basic<\/h1>\n<h2>Einstiegsmodell ins freih\u00e4ndige Scannen<\/h2>\n<p>Der Midrange-Barcodescanner MARK Basic von ProGlove erleichtert durch freih\u00e4ndiges Scannen die Arbeit in s\u00e4mtlichen Bereichen der Logistik erheblich. Als Handr\u00fcckenmodell l\u00e4sst er sich an verschiedene daf\u00fcr vorgesehene Handschuhe befestigen und sorgt damit f\u00fcr deutlich mehr Bewegungsfreiraum. Er erfasst schnell alle g\u00e4ngigen 1D- und 2D-Barcodes in einer Entfernung von 30 cm bis zu 150 cm. Dabei sorgt Bluetooth Low Energy (BLE) f\u00fcr eine zuverl\u00e4ssige kabellose \u00dcbertragungsrate. Zudem best\u00e4tigt der Barcodescanner erfolgreiche Scans \u00fcber ein praktisches Dreifachfeedback: akustisch, optisch und haptisch. Dadurch ist es egal, wie laut die Arbeitsumgebung ist. Au\u00dferdem hilft das Echtzeit-Feedback die Handbewegungen zu optimieren und somit die Produktivit\u00e4t zu steigern.<\/p>\n<p>Der MARK Basic ist eine harte Nuss: Er h\u00e4lt mehrfache St\u00fcrze aus bis zu 2 Metern H\u00f6he aus und ist gem\u00e4\u00df IP43-Schutzklasse gegen Wasser und Staub gesch\u00fctzt. Ausgestattet ist er zudem mit einem 335 mAh starken Lithium-Polymer-Akku \u2013 dadurch hat er eine Akkulaufzeit f\u00fcr bis zu 5.000 Scans mit nur einer Ladung. Ein weiterer Vorteil sind die kompakten Ma\u00dfe und das geringe Gewicht von gerade einmal 40 Gramm \u2013 dadurch l\u00e4sst er sich bequem den ganzen Tag lang \u00fcber mitf\u00fchren. Da er zwischen den Aufgaben auch nicht mehr aufgehoben oder abgelegt werden muss, spart er w\u00e4hrend der Scanvorg\u00e4nge zus\u00e4tzliche Zeit und steigert die Leistung. Kommunizieren tut der Scanner bidirektional und bietet bei Bedarf auch ein Wireless Firmware-Update.<\/p>\n<p><a href=\"https:\/\/www.highway-gmbh.de\/wp-content\/uploads\/proglove_mark_basic.pdf\">ProGlove Mark Basic<\/a><\/p>\n","protected":false},"excerpt":{"rendered":"<ul>\n<li>ProGlove MARK Basic: Einstiegsmodell ins freih\u00e4ndige Scannen<\/li>\n<li>Midrange Barcode Scanner<\/li>\n<li>Dreifachfeedback: akustisch, optisch, haptisch<\/li>\n<li>Akkulaufzeit f\u00fcr bis zu 5.000 Scans<\/li>\n<li>Kabellose \u00dcbertragung (Bluetooth Low Energy)<\/li>\n<li>Sturzsicher aus bis zu 2 Meter<\/li>\n<\/ul>\n","protected":false},"featured_media":1815,"template":"","meta":[],"product_brand":[],"product_cat":[18,127],"product_tag":[],"class_list":{"0":"post-1814","1":"product","2":"type-product","3":"status-publish","4":"has-post-thumbnail","6":"product_cat-handscanner","7":"product_cat-proglove","9":"first","10":"instock","11":"shipping-taxable","12":"product-type-simple"},"translation":{"provider":"WPGlobus","version":"3.0.2","language":"en","enabled_languages":["de","en"],"languages":{"de":{"title":true,"content":true,"excerpt":true},"en":{"title":false,"content":false,"excerpt":false}}},"_links":{"self":[{"href":"https:\/\/www.highway-gmbh.de\/en\/wp-json\/wp\/v2\/product\/1814","targetHints":{"allow":["GET"]}}],"collection":[{"href":"https:\/\/www.highway-gmbh.de\/en\/wp-json\/wp\/v2\/product"}],"about":[{"href":"https:\/\/www.highway-gmbh.de\/en\/wp-json\/wp\/v2\/types\/product"}],"wp:featuredmedia":[{"embeddable":true,"href":"https:\/\/www.highway-gmbh.de\/en\/wp-json\/wp\/v2\/media\/1815"}],"wp:attachment":[{"href":"https:\/\/www.highway-gmbh.de\/en\/wp-json\/wp\/v2\/media?parent=1814"}],"wp:term":[{"taxonomy":"product_brand","embeddable":true,"href":"https:\/\/www.highway-gmbh.de\/en\/wp-json\/wp\/v2\/product_brand?post=1814"},{"taxonomy":"product_cat","embeddable":true,"href":"https:\/\/www.highway-gmbh.de\/en\/wp-json\/wp\/v2\/product_cat?post=1814"},{"taxonomy":"product_tag","embeddable":true,"href":"https:\/\/www.highway-gmbh.de\/en\/wp-json\/wp\/v2\/product_tag?post=1814"}],"curies":[{"name":"wp","href":"https:\/\/api.w.org\/{rel}","templated":true}]}}