{"id":1807,"date":"2022-07-14T11:27:36","date_gmt":"2022-07-14T09:27:36","guid":{"rendered":"https:\/\/www.highway-gmbh.de\/?post_type=product&#038;p=1807"},"modified":"2022-07-14T11:27:36","modified_gmt":"2022-07-14T09:27:36","slug":"proglove-mark-display","status":"publish","type":"product","link":"https:\/\/www.highway-gmbh.de\/en\/produkte\/handscanner\/proglove\/proglove-mark-display\/","title":{"rendered":"ProGlove Mark Display"},"content":{"rendered":"<h1>ProGlove MARK Display<\/h1>\n<h2>2D-Handr\u00fcckenscanner mit 1,54<\/h2>\n<p>Der intuitive Midrange-Barcodescanner MARK Display von ProGlove unterst\u00fctzt als Handr\u00fcckenmodell Mitarbeiter aus der Produktionslogistik dabei, 1D- und 2D-Barcodes, einschlie\u00dflich QR und Datamatrix, zuverl\u00e4ssig, schnell und vor allem freih\u00e4ndig zu erfassen. Daf\u00fcr verf\u00fcgt er unter anderem \u00fcber ein kontrastreiches 1,54&#8221; gro\u00dfes E-Ink-Display mit einer Aufl\u00f6sung von 200 x 200 Pixeln (188 dpi) \u2013 das reduziert die Augenbelastung der Anwender und bietet eine kontrastreiche Ansicht.<\/p>\n<p>Dank seiner kompakten Abmessungen von nur 50 x 45 x 18 mm (B x H x T) und dem geringen Gewicht von gerade einmal 48 Gramm l\u00e4sst sich der MARK Display bequem den ganzen Tag lang mitf\u00fchren. Zudem stehen verschiedene Handschuhe und Tragem\u00f6glichkeiten bereit, an die der Scanner ganz einfach befestigt wird.<\/p>\n<p>Die Scanreichweite des MARK Display liegt in Entfernungen von 30 cm bis zu 150 cm. F\u00fcr eine einfachere Zielerfassung markiert der Scanner dabei sein Ziel \u00fcber ein Laser Fadenkreuz. Erfolgreiche Scans best\u00e4tigt er zus\u00e4tzlich \u00fcber ein praktisches Dreifachfeedback: akustisch, optisch und haptisch. Dadurch ist es egal, wie laut die Arbeitsumgebung ist. Au\u00dferdem hilft das Echtzeit-Feedback die Handbewegungen zu optimieren und somit die Produktivit\u00e4t zu steigern \u2013 pro Scan werden bis zu sechs Sekunden gespart und die Fehlerquote um bis zu 33 % reduziert.<\/p>\n<p>F\u00fcr die gute Performance des MARK Display ist der Handr\u00fcckenscanner mit einem 670 mAh starken Lithium-Polymer-Akku ausgestattet. Dar\u00fcber hat er mit nur einer Ladung eine Akkulaufzeit f\u00fcr bis zu 6.000 Scans. Die Schnittstelle Bluetooth Low Energy sorgt zudem f\u00fcr eine einfache Anbindung an Android-Ger\u00e4te und eine zuverl\u00e4ssige kabellose \u00dcbertragungsrate.<\/p>\n<p><a href=\"https:\/\/www.highway-gmbh.de\/wp-content\/uploads\/proglove_mark_display.pdf\">ProGlove Mark Display<\/a><\/p>\n","protected":false},"excerpt":{"rendered":"<ul>\n<li>2D-Miniatur-Barcodescanner als Handr\u00fcckenmodell<\/li>\n<li>Kontrastreiches 1,54&#8243; E-Ink-Display<\/li>\n<li>Scanreichweite von 30 \u2013 150 cm mit Laser Fadenkreuz<\/li>\n<li>Kabellose Anbindung \u00fcber Bluetooth Low Energy<\/li>\n<li>Dreifach-Best\u00e4tigungsfeedback (akustisch, optisch, haptisch)<\/li>\n<\/ul>\n","protected":false},"featured_media":1809,"template":"","meta":[],"product_brand":[],"product_cat":[18,127],"product_tag":[],"class_list":{"0":"post-1807","1":"product","2":"type-product","3":"status-publish","4":"has-post-thumbnail","6":"product_cat-handscanner","7":"product_cat-proglove","9":"first","10":"instock","11":"shipping-taxable","12":"product-type-simple"},"translation":{"provider":"WPGlobus","version":"3.0.2","language":"en","enabled_languages":["de","en"],"languages":{"de":{"title":true,"content":true,"excerpt":true},"en":{"title":false,"content":false,"excerpt":false}}},"_links":{"self":[{"href":"https:\/\/www.highway-gmbh.de\/en\/wp-json\/wp\/v2\/product\/1807","targetHints":{"allow":["GET"]}}],"collection":[{"href":"https:\/\/www.highway-gmbh.de\/en\/wp-json\/wp\/v2\/product"}],"about":[{"href":"https:\/\/www.highway-gmbh.de\/en\/wp-json\/wp\/v2\/types\/product"}],"wp:featuredmedia":[{"embeddable":true,"href":"https:\/\/www.highway-gmbh.de\/en\/wp-json\/wp\/v2\/media\/1809"}],"wp:attachment":[{"href":"https:\/\/www.highway-gmbh.de\/en\/wp-json\/wp\/v2\/media?parent=1807"}],"wp:term":[{"taxonomy":"product_brand","embeddable":true,"href":"https:\/\/www.highway-gmbh.de\/en\/wp-json\/wp\/v2\/product_brand?post=1807"},{"taxonomy":"product_cat","embeddable":true,"href":"https:\/\/www.highway-gmbh.de\/en\/wp-json\/wp\/v2\/product_cat?post=1807"},{"taxonomy":"product_tag","embeddable":true,"href":"https:\/\/www.highway-gmbh.de\/en\/wp-json\/wp\/v2\/product_tag?post=1807"}],"curies":[{"name":"wp","href":"https:\/\/api.w.org\/{rel}","templated":true}]}}