{"id":1698,"date":"2022-06-29T08:58:51","date_gmt":"2022-06-29T06:58:51","guid":{"rendered":"https:\/\/www.highway-gmbh.de\/?post_type=product&#038;p=1698"},"modified":"2022-06-29T13:59:39","modified_gmt":"2022-06-29T11:59:39","slug":"powerscan-pd9600","status":"publish","type":"product","link":"https:\/\/www.highway-gmbh.de\/en\/produkte\/handscanner\/datalogic\/powerscan-pd9600\/","title":{"rendered":"PowerScan PD9600"},"content":{"rendered":"<p><img decoding=\"async\" src=\"https:\/\/www.jarltech.com\/2007\/img\/1px.gif\" alt=\"\" width=\"0px\" height=\"14px\" \/><\/p>\n<h1>Datalogic PowerScan PD9600<\/h1>\n<h2>Handscanner mit Lesereichweite \u00fcber 2 m<\/h2>\n<p>Der Industrie-Handscanner PowerScan PD9600 von Datalogic begeistert mit einem ultrarobusten Design, einer ergonomischen Form und einem ausgewogenen Gewicht. Dadurch liegt er gut in der Hand und verhindert, dass der Anwender sein Handgelenk beim Scannen unnat\u00fcrlich bewegen muss \u2013 perfekt f\u00fcr die anspruchsvollen Arbeitsbereiche von Fertigung, Lager und Logistik. Die Motionix-Bewegungserkennungstechnologie von Datalogic erkennt zudem nat\u00fcrliche Bewegungen und schaltet den Scanner automatisch in den Handheld- oder Pr\u00e4sentationsmodus um.<\/p>\n<p>Je nach Bedarf ist der PD9600 in drei verschiedenen Modellen erh\u00e4ltlich: Das Standard-Modell ist ideal f\u00fcr die meisten Anwendungen, die das Lesen von Barcodes aus intuitiver Entfernung erfordern. Das Modell f\u00fcr den Hochleistungsbereich bietet die M\u00f6glichkeit, Barcodes mit hoher Dichte zu decodieren und gleichzeitig die Sch\u00e4rfentiefe bei Standard-1D\/2D-Codes zu erh\u00f6hen. Und das dritte Modell f\u00fcr die Dokumentenerfassung erleichtert das Lesen von Codes im Weitwinkelbereich und die Dokumentenerfassung. Alle drei Modelle sind mit einem Multi-Interface mit RS-232, USB und optional Ethernet f\u00fcr Standard- und Industrieanwendungen ausgestattet.<\/p>\n<p><a href=\"https:\/\/www.highway-gmbh.de\/wp-content\/uploads\/datalogic_PD9600-1.pdf\">Datalogic PD9600<\/a><\/p>\n","protected":false},"excerpt":{"rendered":"<ul>\n<li>Ergonomischer Industrie-Handscanner mit Rahmen-Zielvorrichtung<\/li>\n<li>Omnidirektionale Lesereichweite von \u00fcber 2 Metern<\/li>\n<li>3GL- und Motionix-Bewegungserkennungstechnologie von Datalogic<\/li>\n<li>Ultrarobust: IP65\/IP67, sturzsicher aus bis zu 2 m<\/li>\n<li>Unterst\u00fctzt EASEOFCARE Service-Pl\u00e4ne f\u00fcr mehr Investitionsschutz<\/li>\n<\/ul>\n","protected":false},"featured_media":1699,"template":"page-sidebar-left.php","meta":[],"product_brand":[],"product_cat":[42,18],"product_tag":[53],"class_list":{"0":"post-1698","1":"product","2":"type-product","3":"status-publish","4":"has-post-thumbnail","6":"product_cat-datalogic","7":"product_cat-handscanner","8":"product_tag-datalogic","10":"first","11":"instock","12":"virtual","13":"product-type-simple"},"translation":{"provider":"WPGlobus","version":"3.0.2","language":"en","enabled_languages":["de","en"],"languages":{"de":{"title":true,"content":true,"excerpt":true},"en":{"title":false,"content":false,"excerpt":false}}},"_links":{"self":[{"href":"https:\/\/www.highway-gmbh.de\/en\/wp-json\/wp\/v2\/product\/1698","targetHints":{"allow":["GET"]}}],"collection":[{"href":"https:\/\/www.highway-gmbh.de\/en\/wp-json\/wp\/v2\/product"}],"about":[{"href":"https:\/\/www.highway-gmbh.de\/en\/wp-json\/wp\/v2\/types\/product"}],"wp:featuredmedia":[{"embeddable":true,"href":"https:\/\/www.highway-gmbh.de\/en\/wp-json\/wp\/v2\/media\/1699"}],"wp:attachment":[{"href":"https:\/\/www.highway-gmbh.de\/en\/wp-json\/wp\/v2\/media?parent=1698"}],"wp:term":[{"taxonomy":"product_brand","embeddable":true,"href":"https:\/\/www.highway-gmbh.de\/en\/wp-json\/wp\/v2\/product_brand?post=1698"},{"taxonomy":"product_cat","embeddable":true,"href":"https:\/\/www.highway-gmbh.de\/en\/wp-json\/wp\/v2\/product_cat?post=1698"},{"taxonomy":"product_tag","embeddable":true,"href":"https:\/\/www.highway-gmbh.de\/en\/wp-json\/wp\/v2\/product_tag?post=1698"}],"curies":[{"name":"wp","href":"https:\/\/api.w.org\/{rel}","templated":true}]}}