{"id":1627,"date":"2021-09-10T15:32:56","date_gmt":"2021-09-10T13:32:56","guid":{"rendered":"https:\/\/www.highway-gmbh.de\/?post_type=product&#038;p=1627"},"modified":"2021-09-10T15:38:26","modified_gmt":"2021-09-10T13:38:26","slug":"tsc-ttp-286mt-serie","status":"publish","type":"product","link":"https:\/\/www.highway-gmbh.de\/en\/produkte\/drucker\/tt-td-etikettendrucker\/tsc\/tsc-ttp-286mt-serie\/","title":{"rendered":"TSC TTP-286MT Serie"},"content":{"rendered":"<h1 id=\"jt_sr_headline\">TSC TTP-286MT Serie<\/h1>\n<p>Die Industrie-Etikettendrucker der TTP-286MT Serie von TSC sind spezialisiert auf besonders breite Etiketten. Sie drucken auf bis zu 241 mm (9,5&#8221;) breiten Medien \u2013 auch zwei- oder dreibahnige Mehrfachetiketten. Je nach Anforderung entscheiden Sie sich zwischen einer Variante mit 203 dpi oder 300 dpi (TTP-384MT). Das Aluspritzgussgeh\u00e4use sowie die robuste Metallabdeckung mit Sichtfenster entsprechen Industriestandards und sorgen f\u00fcr lange Laufzeiten.<\/p>\n<p>Bereits die Standardvariante verf\u00fcgt \u00fcber eine gro\u00dfe Bandbreite an integrierten Schnittstellen, darunter Ethernet, USB, serieller und paralleler Port. Der Ethernet-Port gew\u00e4hrleistet die einfache Einbindung in bestehende Netzwerkumgebungen. Ein Bluetooth- und WLAN-Modul f\u00fcr entsprechende Drahtlosansteuerung erhalten Sie zudem optional. Ebenfalls standardm\u00e4\u00dfig integriert ist die Echtzeituhr \u2013 unabdingbar in zahlreichen Anwendungen. Die TTP-286MT Serie punktet mit benutzerfreundlichen Eigenschaften. Das hintergrundbeleuchtete 4,3&#8221; Touch-Display sowie 6 Funktionstasten erleichtern die Bedienung. Die Farbbandaufnahme f\u00fcr Rollen mit bis zu 600 m L\u00e4nge sorgt zudem daf\u00fcr, dass die Wechselintervalle angenehm gro\u00df sind.<\/p>\n<p><a href=\"https:\/\/www.highway-gmbh.de\/wp-content\/uploads\/tsc_ttp-286mt.pdf\">Datenblatt TSC TTP-286MT<\/a><\/p>\n","protected":false},"excerpt":{"rendered":"<ul>\n<li>Thermotransfer-\/Thermodirektdrucker f\u00fcr Industrieanwendungen<\/li>\n<li>Pr\u00e4ziser Druck auf besonders breiten Medien bis 241 mm<\/li>\n<li>Seltene Unterbrechungen dank 600-m-Farbb\u00e4ndern<\/li>\n<li>Gro\u00dfe Anzahl von Standardschnittstellen, WLAN und Bluetooth optional<\/li>\n<li>Bedienerfreundliches 4,3&#8221;-Touchdisplay<\/li>\n<\/ul>\n","protected":false},"featured_media":1628,"template":"page-sidebar-left.php","meta":[],"product_brand":[],"product_cat":[36,120,40],"product_tag":[51],"class_list":{"0":"post-1627","1":"product","2":"type-product","3":"status-publish","4":"has-post-thumbnail","6":"product_cat-drucker","7":"product_cat-tsc","8":"product_cat-tt-td-etikettendrucker","9":"product_tag-thermotransferdrucker","11":"first","12":"instock","13":"virtual","14":"product-type-simple"},"translation":{"provider":"WPGlobus","version":"3.0.2","language":"en","enabled_languages":["de","en"],"languages":{"de":{"title":true,"content":true,"excerpt":true},"en":{"title":false,"content":false,"excerpt":false}}},"_links":{"self":[{"href":"https:\/\/www.highway-gmbh.de\/en\/wp-json\/wp\/v2\/product\/1627","targetHints":{"allow":["GET"]}}],"collection":[{"href":"https:\/\/www.highway-gmbh.de\/en\/wp-json\/wp\/v2\/product"}],"about":[{"href":"https:\/\/www.highway-gmbh.de\/en\/wp-json\/wp\/v2\/types\/product"}],"wp:featuredmedia":[{"embeddable":true,"href":"https:\/\/www.highway-gmbh.de\/en\/wp-json\/wp\/v2\/media\/1628"}],"wp:attachment":[{"href":"https:\/\/www.highway-gmbh.de\/en\/wp-json\/wp\/v2\/media?parent=1627"}],"wp:term":[{"taxonomy":"product_brand","embeddable":true,"href":"https:\/\/www.highway-gmbh.de\/en\/wp-json\/wp\/v2\/product_brand?post=1627"},{"taxonomy":"product_cat","embeddable":true,"href":"https:\/\/www.highway-gmbh.de\/en\/wp-json\/wp\/v2\/product_cat?post=1627"},{"taxonomy":"product_tag","embeddable":true,"href":"https:\/\/www.highway-gmbh.de\/en\/wp-json\/wp\/v2\/product_tag?post=1627"}],"curies":[{"name":"wp","href":"https:\/\/api.w.org\/{rel}","templated":true}]}}