{"id":1576,"date":"2021-08-24T14:36:19","date_gmt":"2021-08-24T12:36:19","guid":{"rendered":"https:\/\/www.highway-gmbh.de\/?post_type=product&#038;p=1576"},"modified":"2021-08-24T14:44:27","modified_gmt":"2021-08-24T12:44:27","slug":"zebra-tc8300","status":"publish","type":"product","link":"https:\/\/www.highway-gmbh.de\/en\/produkte\/mdes\/zebra-mdes\/zebra-tc8300\/","title":{"rendered":"Zebra TC8300"},"content":{"rendered":"<div class=\"headline\">\n<div class=\"headline\">\n<h1 id=\"jt_sr_headline\"><img decoding=\"async\" src=\"https:\/\/www.jarltech.com\/2007\/img\/1px.gif\" alt=\"\" width=\"0px\" height=\"14px\" \/>Zebra TC8300<\/h1>\n<\/div>\n<\/div>\n<p>Der TC8300 Touchcomputer revolutioniert die Arbeit in Lager, Transport und Logistik. Zebra hat das ergonomische Design des TC8300 perfektioniert \u2013 es steigert die Produktivit\u00e4t um 14 Prozent. Der TC8300 hat aber noch viel mehr zu bieten: Ein 4&#8243; gro\u00dfes LCD-Display mit stabilem Corning Gorilla Glass zum Beispiel. Das transreflektive Display hat eine Helligkeit von 400 Nits und l\u00e4sst sich auch mit Handschuhen und einem Stylus Pen bedienen.<\/p>\n<p>F\u00fcr eine hervorragende Performance sorgt ein updatef\u00e4higes Android Betriebssystem. Dank LifeGuard for Android erh\u00e4lt der TC8300 st\u00e4ndig neue Sicherheitsupdates und Support f\u00fcr die n\u00e4chsten Android Versionen P und Q. Auch TE-Apps lassen sich \u00fcber den Mobilcomputer einfach nutzen.<\/p>\n<p>Der Zebra TC8300 wurde f\u00fcrs anspruchsvolle Tagesgesch\u00e4ft im Lager konzipiert \u2013 f\u00fcr die Tage, an denen es richtig rund geht! Der Mobilcomputer ist nach IP65 zertifiziert und nach MIL-STD-810G sturzsicher aus 1,8 Metern H\u00f6he, auch 2000 Ersch\u00fctterungen machen ihm nichts aus. Ob f\u00fcnf- oder 95-prozentige Luftfeuchtigkeit \u2013 auf den TC8300 ist Verlass. Zudem besitzt er einen PowerPrecision Akku mit 7000 mAh, der drei Arbeitsschichten ohne Laden \u00fcbersteht.<\/p>\n<p>F\u00fcr Schnelligkeit bei jedem Job sorgen ein 2,2 GHz Octa-Core-Prozessor, 4 GB RAM\/32 GB Flashspeicher (pSLC) oder 8 GB RAM\/128 GB Flashspeicher (3D TLC) \u2013 mit dieser Ausstattung hat er acht Mal mehr RAM und 32-mal mehr Flashspeicher als die erste Generation des Mobilcomputers. Und dank WLAN, NFC und Bluetooth 5.0 empf\u00e4ngt und \u00fcbermittelt der Zebra TC8300 Daten \u2013 etwa Bilder, die mit seiner 13-Megapixel-Kamera geknipst werden \u2013 schneller als jemals zuvor.<\/p>\n<p>Zebra bietet den TC8300 in zwei Varianten an: f\u00fcrs nahe Scannen aus 15 cm Entfernung und f\u00fcrs Scannen aus 60 cm Entfernung. W\u00e4hlbar sind auch die Scan-Engines: Der TC8300 Mobilcomputer ist erh\u00e4ltlich mit einem 1D-Scanner (SE965), einem omnidirektionalen Standard oder Medium Range 1D-\/2D-Imager (SE5850 ER), einem Extended Range 1D-\/2D-Imager (SE4850 DP) oder auch mit einem Direct Part Marking Imager (DPM) (SE5750 DP).<\/p>\n<p><a href=\"https:\/\/www.highway-gmbh.de\/wp-content\/uploads\/zebra_tc8300.pdf\">Datenblatt Zebra_TC8300<\/a><\/p>\n","protected":false},"excerpt":{"rendered":"<ul>\n<li>4&#8243;-LCD-Display mit Corning Gorilla Glass und 400 Nits (auch mit Handschuh und Stylus bedienbar)<\/li>\n<li>Android mit Zebra Restricted Mode f\u00fcr GMS-Kontrolle und weitere Services<\/li>\n<li>IP65-Zertifizierung; MIL-STD-810G, sturzsicher aus 1,8 Metern H\u00f6he<\/li>\n<li>Power Precision Akku mit 7000 mAh (Hot Swap)<\/li>\n<li>2,2 GHz Octa-Core-Prozessor, bis zu 8 GB RAM und 128GB Flash; WLAN 2&#215;2 MU-MIMO, NFC und Bluetooth<\/li>\n<\/ul>\n","protected":false},"featured_media":1577,"template":"page-sidebar-left.php","meta":[],"product_brand":[],"product_cat":[99],"product_tag":[85,119],"class_list":{"0":"post-1576","1":"product","2":"type-product","3":"status-publish","4":"has-post-thumbnail","6":"product_cat-zebra-mdes","7":"product_tag-android","8":"product_tag-tc8300","10":"first","11":"instock","12":"virtual","13":"product-type-simple"},"translation":{"provider":"WPGlobus","version":"3.0.2","language":"en","enabled_languages":["de","en"],"languages":{"de":{"title":true,"content":true,"excerpt":true},"en":{"title":false,"content":false,"excerpt":false}}},"_links":{"self":[{"href":"https:\/\/www.highway-gmbh.de\/en\/wp-json\/wp\/v2\/product\/1576","targetHints":{"allow":["GET"]}}],"collection":[{"href":"https:\/\/www.highway-gmbh.de\/en\/wp-json\/wp\/v2\/product"}],"about":[{"href":"https:\/\/www.highway-gmbh.de\/en\/wp-json\/wp\/v2\/types\/product"}],"wp:featuredmedia":[{"embeddable":true,"href":"https:\/\/www.highway-gmbh.de\/en\/wp-json\/wp\/v2\/media\/1577"}],"wp:attachment":[{"href":"https:\/\/www.highway-gmbh.de\/en\/wp-json\/wp\/v2\/media?parent=1576"}],"wp:term":[{"taxonomy":"product_brand","embeddable":true,"href":"https:\/\/www.highway-gmbh.de\/en\/wp-json\/wp\/v2\/product_brand?post=1576"},{"taxonomy":"product_cat","embeddable":true,"href":"https:\/\/www.highway-gmbh.de\/en\/wp-json\/wp\/v2\/product_cat?post=1576"},{"taxonomy":"product_tag","embeddable":true,"href":"https:\/\/www.highway-gmbh.de\/en\/wp-json\/wp\/v2\/product_tag?post=1576"}],"curies":[{"name":"wp","href":"https:\/\/api.w.org\/{rel}","templated":true}]}}