{"id":1573,"date":"2021-08-24T14:30:40","date_gmt":"2021-08-24T12:30:40","guid":{"rendered":"https:\/\/www.highway-gmbh.de\/?post_type=product&#038;p=1573"},"modified":"2023-03-27T11:38:55","modified_gmt":"2023-03-27T09:38:55","slug":"zebra-tc72-tc77","status":"publish","type":"product","link":"https:\/\/www.highway-gmbh.de\/en\/produkte\/mdes\/zebra-mdes\/zebra-tc72-tc77\/","title":{"rendered":"Zebra TC72\/TC77"},"content":{"rendered":"<div class=\"headline\">\n<h1 id=\"jt_sr_headline\"><img decoding=\"async\" src=\"https:\/\/www.jarltech.com\/2007\/img\/1px.gif\" alt=\"\" width=\"0px\" height=\"14px\" \/>Zebra TC72\/TC77<\/h1>\n<h2 id=\"jt_sr_subline\">Robuste und vielseitige Mobile Touch Computer der neuesten Generation<\/h2>\n<\/div>\n<p>Mit TC72\/TC77 pr\u00e4sentiert Zebra Mobile Touch Computer, die perfekt an die Bed\u00fcrfnisse Ihrer Kunden aus Transport und Logistik angepasst sind. Beide Handheld Terminals haben ein 4,7&#8243; kapazitives HD-Touchdisplay mit kratzfestem Corning Gorilla Glass und verf\u00fcgen \u00fcber eine stattliche Akkuleistung von 15 Stunden. TC72\/TC77 sind nach IP 65\/67 zertifiziert \u2013 St\u00fcrze aus 2,4 m H\u00f6he, Spritzwasser, Staub und Ersch\u00fctterungen stecken sie locker weg.<\/p>\n<p>Mit der vorinstallierten DNA Application \u00bbSimulScan\u00ab vereinfacht Zebra Ihren Kunden das Scannen und Erfassen von Daten: Ein Klick gen\u00fcgt und elektronische oder gedruckte 1D- und 2D-Barcodes, Digimarcs, Inhalte von Dokumenten und Signaturen werden erfasst.<\/p>\n<p>F\u00fcr eine hervorragende Performance bei TC72\/TC77 sorgt Android zusammen mit einem schnellen Qualcomm Octa-Core-Prozessor mit 2.2 GHz, 4 GB RAM und 32 GB Speicher (via SDXC auf 256 GB erweiterbar). Dank Bluetooth 5.0 sind beide Mobile Touch Computer beim Datenaustausch jetzt doppelt so schnell \u2013 und das in einem Umkreis von 240 m.<\/p>\n<p>Die neueste WiFi-Technologie mit 2&#215;2 Multiple-User Multiple Input Output (MU-MIMO) gibt Ihren Kunden die M\u00f6glichkeit, mit mehreren Ger\u00e4ten gleichzeitig zu kommunizieren. Integrierte, hochsensible High Volume Speaker filtern dabei st\u00f6rende Umgebungsger\u00e4usche heraus \u2013 so verstehen beide Gespr\u00e4chspartner immer alles ganz deutlich.<\/p>\n<p>TC72\/TC77 k\u00f6nnen mehr \u2013 zum Beispiel wie Endverbraucher-Smartphones fotografieren. Die r\u00fcckseitige Kamera (13 MP) knipst hochaufl\u00f6sende Fotos und filmt 4K-Videos \u2013 ideal, um den Zustand eines Produktes zu dokumentieren und die Daten mit anderen zu teilen. Die 5MP-Frontkamera sorgt dank VLC (Visible Light Communication) f\u00fcr ein besseres, detailliertes Bild beim n\u00e4chsten Video-Call.<\/p>\n<p>Beide Mobile Touch Computer sind in bestehende Systeme integrierbar und r\u00fcckw\u00e4rtskompatibel mit Zubeh\u00f6r. Zebra gew\u00e4hrt einen Longer Life Support f\u00fcr die in Zukunft erscheinenden Android Versionen P und Q \u2013 sowie 8 bis 10+ Jahre Support f\u00fcr Security Updates.<\/p>\n<p>Das TC77 verf\u00fcgt zus\u00e4tzlich \u00fcber einen atmosph\u00e4rischen Drucksensor, WWAN, LTE, GPS, USB 2.0 Highspeed und 5 GHz 2&#215;2 MU-MIMO, DUAL SIM Dual Standby, einen eSIM-Speicher und einen NANO-SIM-Speicherplatz.<\/p>\n<h3><a href=\"https:\/\/www.highway-gmbh.de\/wp-content\/uploads\/zebra_tc72_tc77.pdf\">Datenblatt Zebra TC72\/TC77<\/a><\/h3>\n","protected":false},"excerpt":{"rendered":"<ul>\n<li>4,7&#8243; kapazitives HD-Touchdisplay mit Gorilla Glass<\/li>\n<li>SimulScan: 1D, 2D und Digimarcs mit einem Klick scannen und Dokumente erfassen<\/li>\n<li>15 Stunden Akkuleistung\/Bluetooth 5.0\/2 Kameras<\/li>\n<li>IP65\/67 zertifiziert\/2,4m sturzsicher<\/li>\n<li>TC77: WWAN\/LTE\/GPS\/eSIM\/5 GHz MU-MIMO<\/li>\n<\/ul>\n","protected":false},"featured_media":1574,"template":"page-sidebar-left.php","meta":[],"product_brand":[],"product_cat":[99],"product_tag":[85,117,118],"class_list":{"0":"post-1573","1":"product","2":"type-product","3":"status-publish","4":"has-post-thumbnail","6":"product_cat-zebra-mdes","7":"product_tag-android","8":"product_tag-tc72","9":"product_tag-tc77","11":"first","12":"instock","13":"virtual","14":"product-type-simple"},"translation":{"provider":"WPGlobus","version":"3.0.2","language":"en","enabled_languages":["de","en"],"languages":{"de":{"title":true,"content":true,"excerpt":true},"en":{"title":false,"content":false,"excerpt":false}}},"_links":{"self":[{"href":"https:\/\/www.highway-gmbh.de\/en\/wp-json\/wp\/v2\/product\/1573","targetHints":{"allow":["GET"]}}],"collection":[{"href":"https:\/\/www.highway-gmbh.de\/en\/wp-json\/wp\/v2\/product"}],"about":[{"href":"https:\/\/www.highway-gmbh.de\/en\/wp-json\/wp\/v2\/types\/product"}],"wp:featuredmedia":[{"embeddable":true,"href":"https:\/\/www.highway-gmbh.de\/en\/wp-json\/wp\/v2\/media\/1574"}],"wp:attachment":[{"href":"https:\/\/www.highway-gmbh.de\/en\/wp-json\/wp\/v2\/media?parent=1573"}],"wp:term":[{"taxonomy":"product_brand","embeddable":true,"href":"https:\/\/www.highway-gmbh.de\/en\/wp-json\/wp\/v2\/product_brand?post=1573"},{"taxonomy":"product_cat","embeddable":true,"href":"https:\/\/www.highway-gmbh.de\/en\/wp-json\/wp\/v2\/product_cat?post=1573"},{"taxonomy":"product_tag","embeddable":true,"href":"https:\/\/www.highway-gmbh.de\/en\/wp-json\/wp\/v2\/product_tag?post=1573"}],"curies":[{"name":"wp","href":"https:\/\/api.w.org\/{rel}","templated":true}]}}