{"id":1569,"date":"2021-08-23T16:39:10","date_gmt":"2021-08-23T14:39:10","guid":{"rendered":"https:\/\/www.highway-gmbh.de\/?post_type=product&#038;p=1569"},"modified":"2023-03-24T14:22:31","modified_gmt":"2023-03-24T13:22:31","slug":"zebra-tc52x-hc","status":"publish","type":"product","link":"https:\/\/www.highway-gmbh.de\/en\/produkte\/mdes\/zebra-mdes\/zebra-tc52x-hc\/","title":{"rendered":"Zebra TC52x-HC"},"content":{"rendered":"<div class=\"headline\">\n<div class=\"headline\">\n<h1><img decoding=\"async\" src=\"https:\/\/www.jarltech.com\/2007\/img\/1px.gif\" alt=\"\" width=\"0px\" height=\"14px\" \/>Zebra TC52x-HC<\/h1>\n<h2 id=\"jt_sr_subline\">Healthcare-Touchcomputer mit vielen Funktionen<\/h2>\n<\/div>\n<\/div>\n<p>TC52x-HC ist die Healthcare-Variante des kompakten Android-Touchcomputers TC52x von Zebra und wird dementsprechend in Krankenh\u00e4usern, Laboratorien, Apotheken und Praxen genutzt. Dort ist vor allem sein SE4720 Imager der Enterprise-Klasse mit patentierter PRZM-Technologie eine gro\u00dfe Hilfe. Er erfasst 1D\/2D-Barcodes und sogar UDI-Strichcodes blitzschnell und mit einem eindeutigen Dreifach-Feedback \u2013 auch auf gekr\u00fcmmten oder unebenen Oberfl\u00e4chen wie Medikamentenfl\u00e4schchen.<\/p>\n<p>Das 5&#8243; Full HD Multitouch-Display mit LED-Hintergrundbeleuchtung und 600 Nits l\u00e4sst sich auch bei N\u00e4sse mit Handschuhen und Stylus Pen ganz einfach bedienen. Dabei sch\u00fctzt das integrierte Corning Gorilla Glass zuverl\u00e4ssig vor \u00e4u\u00dferen Einfl\u00fcssen. Das Geh\u00e4use des TC52x-HC h\u00e4lt ebenfalls einiges aus: Es ist gem\u00e4\u00df IP65 und MIL-STD-810G staub-, wasser- und sturzresistent und h\u00e4lt regelm\u00e4\u00dfigen Reinigungen mit Desinfektionsmitteln stand. Au\u00dferdem hat Zebra bei der Konzeption darauf geachtet, dass s\u00e4mtliche Schraubenl\u00f6cher abgedeckt und die Anzahl der Spalten und N\u00e4hte minimiert wurden. Dadurch nisten sich deutlich weniger Keime und Bakterien ein.<\/p>\n<p>F\u00fcr die ausgesprochen gute Leistung des TC52x-HC sorgt seine Top-Ausstattung. Dazu geh\u00f6ren ein 2,45 GHz Qualcomm Snapdragon 660 Octa-Core-Prozessor in Kombination mit 4 GB RAM und 32 GB Universal Flash Storage (UFS). Der austauschbare 4150 mAh Lithium-Ionen-Hot-Swap-Akku mit PowerPrecision+-Technologie sorgt f\u00fcr lange Einsatzzeiten von bis zu 14 Stunden. Zudem l\u00e4sst sich \u00fcber einen programmierbaren Notfall-Alarmknopf bei Bedarf innerhalb weniger Sekunden Hilfe anfordern. Eine r\u00fcckseitig integrierte 13 MP-Farbkamera mit Phasendetektions-Autofokus (PDAF) erm\u00f6glicht die Aufnahme von detailreichen Fotos zur Dokumentation. Die frontseitige 5 MP-Kamera eignet sich hingegen eher f\u00fcr Fernvideokonferenzen oder Telehealth-Beratungen.<\/p>\n<p>Neben sechs programmierbaren Tasten und umfangreichen Kommunikationsm\u00f6glichkeiten bietet der TC52x-HC auch ein gro\u00dfes Interface. Dieses besteht aus Bluetooth 5.0 (Klasse 2) und Bluetooth Low Energy (BLE), NFC, Wi-Fi 802.11ac\/n\/r\/mc und 2&#215;2 MU-MIMO sowie Hochgeschwindigkeits-USB 2.0.<\/p>\n<p>Unterst\u00fctzt wird der TC52x-HC von den Tools der Zebra \u00bbMobility DNA\u00ab, wie beispielsweise \u00bbLifeguard f\u00fcr Android\u00ab, \u00bbDataWedge\u00ab, \u00bbMulti-Barcode Scanning\u00ab und \u00bbDevice Tracker\u00ab.<\/p>\n<h3><a href=\"https:\/\/www.highway-gmbh.de\/wp-content\/uploads\/zebra_tc52x-hc.pdf\">Datenblatt Zebra TC52x-HC<\/a><\/h3>\n","protected":false},"excerpt":{"rendered":"<ul>\n<li>Android-Touchcomputer mit 5&#8243; Full HD Touchdisplay<\/li>\n<li>Desinfektionsmittelbest\u00e4ndiges Geh\u00e4use, IP65 und MIL-STD-810G zertifiziert<\/li>\n<li>SE4720 Imager der Enterprise-Klasse; erfasst auch UDI-Strichcodes<\/li>\n<li>Viele Kommunikationsm\u00f6glichkeiten, programmierbarer Alarmknopf<\/li>\n<li>Unterst\u00fctzt Tools der \u00bbMobility DNA\u00ab<\/li>\n<\/ul>\n","protected":false},"featured_media":1570,"template":"page-sidebar-left.php","meta":[],"product_brand":[],"product_cat":[37,99],"product_tag":[85,116],"class_list":{"0":"post-1569","1":"product","2":"type-product","3":"status-publish","4":"has-post-thumbnail","6":"product_cat-mdes","7":"product_cat-zebra-mdes","8":"product_tag-android","9":"product_tag-tc52hc","11":"first","12":"instock","13":"virtual","14":"product-type-simple"},"translation":{"provider":"WPGlobus","version":"3.0.2","language":"en","enabled_languages":["de","en"],"languages":{"de":{"title":true,"content":true,"excerpt":true},"en":{"title":false,"content":false,"excerpt":false}}},"_links":{"self":[{"href":"https:\/\/www.highway-gmbh.de\/en\/wp-json\/wp\/v2\/product\/1569","targetHints":{"allow":["GET"]}}],"collection":[{"href":"https:\/\/www.highway-gmbh.de\/en\/wp-json\/wp\/v2\/product"}],"about":[{"href":"https:\/\/www.highway-gmbh.de\/en\/wp-json\/wp\/v2\/types\/product"}],"wp:featuredmedia":[{"embeddable":true,"href":"https:\/\/www.highway-gmbh.de\/en\/wp-json\/wp\/v2\/media\/1570"}],"wp:attachment":[{"href":"https:\/\/www.highway-gmbh.de\/en\/wp-json\/wp\/v2\/media?parent=1569"}],"wp:term":[{"taxonomy":"product_brand","embeddable":true,"href":"https:\/\/www.highway-gmbh.de\/en\/wp-json\/wp\/v2\/product_brand?post=1569"},{"taxonomy":"product_cat","embeddable":true,"href":"https:\/\/www.highway-gmbh.de\/en\/wp-json\/wp\/v2\/product_cat?post=1569"},{"taxonomy":"product_tag","embeddable":true,"href":"https:\/\/www.highway-gmbh.de\/en\/wp-json\/wp\/v2\/product_tag?post=1569"}],"curies":[{"name":"wp","href":"https:\/\/api.w.org\/{rel}","templated":true}]}}