{"id":1566,"date":"2021-08-23T16:33:19","date_gmt":"2021-08-23T14:33:19","guid":{"rendered":"https:\/\/www.highway-gmbh.de\/?post_type=product&#038;p=1566"},"modified":"2021-08-24T14:44:28","modified_gmt":"2021-08-24T12:44:28","slug":"zebra-tc52x-tc57x","status":"publish","type":"product","link":"https:\/\/www.highway-gmbh.de\/en\/produkte\/mdes\/zebra-mdes\/zebra-tc52x-tc57x\/","title":{"rendered":"Zebra TC52x\/TC57x"},"content":{"rendered":"<div class=\"headline\">\n<div class=\"headline\">\n<h1 id=\"jt_sr_headline\"><img decoding=\"async\" src=\"https:\/\/www.jarltech.com\/2007\/img\/1px.gif\" alt=\"\" width=\"0px\" height=\"14px\" \/>Zebra TC52x\/TC57x<\/h1>\n<\/div>\n<\/div>\n<p>Mit dem upgradef\u00e4higen Betriebssystem Android sind die mobilen Zebra Touchcomputer TC52x und TC57x evolution\u00e4r und eine zukunftssichere Investition f\u00fcr Anwender aus der Transport- und Logistik-Branche. Au\u00dferdem sind sie ideal f\u00fcr den Au\u00dfeneinsatz: Der 5&#8243; HD-Touchdisplay mit Corning Gorilla Glass l\u00e4sst sich selbst bei N\u00e4sse, mit Handschuhen oder einem Stift problemlos nutzen. Neben dem IP65-\/IP68-Schutz gegen Wasser und Staub sind die Mobilcomputer auch sturzsicher aus bis zu 1,2 Metern H\u00f6he auf Beton.<\/p>\n<p>Ausgestattet sind die TC52x\/TC57x mit einem schnellen Qualcomm Octa-Core-Prozessor mit 2,45 GHz, einer 4 GB RAM und einem 32 GB UFS Flash-Speicher \u2013 dadurch wird die Navigierung durch Anwendungsbildschirme enorm vereinfacht. Zudem gew\u00e4hrleistet der 4150 mAh starke Lithium-Ionen-Akku mit PowerPrecision+ und Warm-Swap-Modus bis zu 14 Stunden Akkulaufzeit.<\/p>\n<p>Zur Schnittstellenauswahl der Touchcomputer geh\u00f6ren NFC, GPS und optional ein Nano-SIM-Kartenspeicherplatz. Bluetooth 5.0 sorgt f\u00fcr eine sehr schnelle Datengeschwindigkeit, w\u00e4hrend Bluetooth Low Energy (BLE) den Energiebedarf reduziert. F\u00fcr eine zuverl\u00e4ssige Kommunikation steht eine Wi-Fi-Technologie mit 2&#215;2 Multiple-User Multiple Input Output (MU-MIMO) zur Verf\u00fcgung \u2013 dar\u00fcber kommunizieren mehrere Ger\u00e4te gleichzeitig miteinander. Au\u00dferdem filtern integrierte, hochsensible High Volume Speaker st\u00f6rende Umgebungsger\u00e4usche heraus und sorgen so selbst in unruhigen Arbeitsumgebungen f\u00fcr eine angenehme Gespr\u00e4chsatmosph\u00e4re.<\/p>\n<p>Beide Zebra Mobilcomputer verf\u00fcgen \u00fcber einen integrierten SE4720 Scanner f\u00fcr die blitzschnelle Erfassung von 1D- und 2D-Barcodes, Etiketten und Dokumenten. Die 13-MP-Kamera mit Autofokus und LED-Blitzlicht auf der R\u00fcckseite ist ideal f\u00fcr die Aufnahme von detailreichen Fotos und Videos sowie der Dokumentierung von Zustandsnachweisen oder verschiedenen Lieferungs- und Serviceaufgaben. F\u00fcr professionelle Videogespr\u00e4che sorgt die 5-MP-Frontkamera.<\/p>\n<p>Unterst\u00fctzt werden der TC52x und der TC57x von Zebras \u00bbOneCare Essential\u00ab und den Tools der \u00bbMobility DNA\u00ab wie \u00bbLifeGuard f\u00fcr Android\u00ab \u2013 dadurch erhalten sie f\u00fcr bis zu acht Jahre regelm\u00e4\u00dfig Sicherheitsupdates.<\/p>\n<p>Ein weiterer Vorteil der mobilen Touchcomputer: Sie sind abw\u00e4rtskompatibel mit dem gesamten Zubeh\u00f6r der Vorg\u00e4ngermodelle TC52\/TC57. Zudem lassen sie sich optional \u00fcber Push-to-Talk (PTT), Wi-Fi oder Mobilfunk in ein PBX-Mobiltelefon umwandeln.<\/p>\n<p><a href=\"https:\/\/www.highway-gmbh.de\/wp-content\/uploads\/zebra_tc52x_tc57x.pdf\">Datenblatt Zebra_TC52x_TC57x<\/a><\/p>\n","protected":false},"excerpt":{"rendered":"<ul>\n<li>Mobile Touchcomputer mit Android (upgradef\u00e4hig)<\/li>\n<li>Integrierter 1D-\/2D-Scanner (SE4720)<\/li>\n<li>PowerPrecision+-Akku f\u00fcr bis zu 14 Stunden Akkulaufzeit inklusive Warm-Swap-Modus<\/li>\n<li>IP65- und IP68 Zertifizierung, sturzsicher aus 1,2 m<\/li>\n<li>Bluetooth 5.0, NFC, GPS, Wi-Fi (802.11ac) und optional 4G LTE<\/li>\n<\/ul>\n","protected":false},"featured_media":1567,"template":"page-sidebar-left.php","meta":[],"product_brand":[],"product_cat":[99],"product_tag":[85,114,115],"class_list":{"0":"post-1566","1":"product","2":"type-product","3":"status-publish","4":"has-post-thumbnail","6":"product_cat-zebra-mdes","7":"product_tag-android","8":"product_tag-tc52x","9":"product_tag-tc57x","11":"first","12":"instock","13":"virtual","14":"product-type-simple"},"translation":{"provider":"WPGlobus","version":"3.0.2","language":"en","enabled_languages":["de","en"],"languages":{"de":{"title":true,"content":true,"excerpt":true},"en":{"title":false,"content":false,"excerpt":false}}},"_links":{"self":[{"href":"https:\/\/www.highway-gmbh.de\/en\/wp-json\/wp\/v2\/product\/1566","targetHints":{"allow":["GET"]}}],"collection":[{"href":"https:\/\/www.highway-gmbh.de\/en\/wp-json\/wp\/v2\/product"}],"about":[{"href":"https:\/\/www.highway-gmbh.de\/en\/wp-json\/wp\/v2\/types\/product"}],"wp:featuredmedia":[{"embeddable":true,"href":"https:\/\/www.highway-gmbh.de\/en\/wp-json\/wp\/v2\/media\/1567"}],"wp:attachment":[{"href":"https:\/\/www.highway-gmbh.de\/en\/wp-json\/wp\/v2\/media?parent=1566"}],"wp:term":[{"taxonomy":"product_brand","embeddable":true,"href":"https:\/\/www.highway-gmbh.de\/en\/wp-json\/wp\/v2\/product_brand?post=1566"},{"taxonomy":"product_cat","embeddable":true,"href":"https:\/\/www.highway-gmbh.de\/en\/wp-json\/wp\/v2\/product_cat?post=1566"},{"taxonomy":"product_tag","embeddable":true,"href":"https:\/\/www.highway-gmbh.de\/en\/wp-json\/wp\/v2\/product_tag?post=1566"}],"curies":[{"name":"wp","href":"https:\/\/api.w.org\/{rel}","templated":true}]}}