{"id":1563,"date":"2021-08-23T16:22:00","date_gmt":"2021-08-23T14:22:00","guid":{"rendered":"https:\/\/www.highway-gmbh.de\/?post_type=product&#038;p=1563"},"modified":"2021-08-24T14:44:28","modified_gmt":"2021-08-24T12:44:28","slug":"zebra-tc52-tc57","status":"publish","type":"product","link":"https:\/\/www.highway-gmbh.de\/en\/produkte\/mdes\/zebra-mdes\/zebra-tc52-tc57\/","title":{"rendered":"Zebra TC52\/TC57"},"content":{"rendered":"<div class=\"headline\">\n<div class=\"headline\">\n<h1><img decoding=\"async\" src=\"https:\/\/www.jarltech.com\/2007\/img\/1px.gif\" alt=\"\" width=\"0px\" height=\"14px\" \/>Zebra TC52\/TC57<\/h1>\n<\/div>\n<\/div>\n<p>Die Zebra Mobile Touch Computer TC52\/TC57 sind die evolution\u00e4re Weiterentwicklung der erfolgreichen Modelle TC51\/TC56 und perfekt an die Bed\u00fcrfnisse Ihrer Kunden aus Transport und Logistik angepasst. Sie sind mit einem 5&#8243; kapazitiven HD-Touchdisplay mit Corning Gorilla Glas ausgestattet, aus 1,2 m sturzsicher und meistern mit 14 Stunden Akkkupower auch die gr\u00f6\u00dften Herausforderungen. TC52\/TC57 sind nach IP 65\/67 zertifiziert. Spritzwasser, Staub und Ersch\u00fctterungen machen ihnen nichts aus.<\/p>\n<p>Dank Zebras vorinstallierter DNA Application \u00bbSimulScan\u00ab war das Scannen und Datenerfassen im Fieldservice und in Lagerhallen nie einfacher: Mit einem Klick erfassen Ihre Kunden gedruckte und elektronische 1D- und 2D-Barcodes, Digimarcs, Signaturen und Dokumenteninhalte.<\/p>\n<p>F\u00fcr eine au\u00dfergew\u00f6hnliche Performance sorgt bei TC52\/TC57 Android in Verbindung mit einem schnellen Qualcomm Octa-Core-Prozessor mit 2.2 GHz, 4 GB RAM und einem 32 GB Speicher, der auf 256 GB via SDXC erweiterbar ist. Dank Bluetooth 5.0 sind beide Modelle zweimal schneller beim Datenaustausch mit anderen Ger\u00e4ten \u2013 und das in einem Umkreis von 240 m.<\/p>\n<p>Beide Handheld Terminals verf\u00fcgen \u00fcber WiFi-Technologie mit 2&#215;2 Multiple-User Multiple Input Output (MU-MIMO, TC57 auch 5 GHz) \u2013 Ihre Kunden k\u00f6nnen so mit mehreren Ger\u00e4ten gleichzeitig kommunizieren. Integrierte, hochsensible High Volume Speaker filtern st\u00f6rende Umgebungsger\u00e4usche heraus \u2013 so verstehen beide Gespr\u00e4chspartner auch in der lautesten Umgebung jedes Wort.<\/p>\n<p>TC52\/TC57 sind mit zwei Kameras ausgestattet. Die r\u00fcckseitige Kamera (13 MP) erstellt hochaufl\u00f6sende Fotos und 4K-Videos \u2013 perfekt, um den Zustand von Produkten festzuhalten und die Daten mit anderen zu teilen. Die Frontkamera (5 MP) sorgt f\u00fcr ein detailliertes Bild beim Video-Call und bietet dank VLC (Visible Light Communication) erweiterte Funktionen. Das TC57 verf\u00fcgt zus\u00e4tzlich \u00fcber LTE, GPS und einen Nano-SIM-Kartenspeicherplatz.<\/p>\n<p>Die Mobile Touch Computer lassen sich in bestehende Systeme integrieren. Zudem gew\u00e4hrt Zebra durch \u00bbOneCare Essential\u00ab einen Longer Life Support f\u00fcr die in Zukunft erscheinenden Android Versionen P und Q \u2013 sowie 8 bis 10+ Jahre Support f\u00fcr Security Updates.<\/p>\n<p><a href=\"https:\/\/www.highway-gmbh.de\/wp-content\/uploads\/tc52-tc57-specification-sheet-en-us.pdf\">Datenblatt Zebra TC52 TC57<\/a><\/p>\n","protected":false},"excerpt":{"rendered":"<ul>\n<li>5&#8243; kapazitives HD-Touchdisplay mit Gorilla Glass<\/li>\n<li>SimulScan: Mit einem Klick 1D-\/2D-\/Digimarc-Scannen und Dokumente erfassen<\/li>\n<li>14 Stunden Akkupower\/Bluetooth 5.0\/2 Kameras<\/li>\n<li>IP65\/67 zertifiziert\/1,2 m sturzsicher<\/li>\n<li>TC57: LTE\/GPS\/5 GHz MU-MIMO<\/li>\n<\/ul>\n","protected":false},"featured_media":1564,"template":"page-sidebar-left.php","meta":[],"product_brand":[],"product_cat":[99],"product_tag":[85,112,113],"class_list":{"0":"post-1563","1":"product","2":"type-product","3":"status-publish","4":"has-post-thumbnail","6":"product_cat-zebra-mdes","7":"product_tag-android","8":"product_tag-tc52","9":"product_tag-tc57","11":"first","12":"instock","13":"virtual","14":"product-type-simple"},"translation":{"provider":"WPGlobus","version":"3.0.2","language":"en","enabled_languages":["de","en"],"languages":{"de":{"title":true,"content":true,"excerpt":true},"en":{"title":false,"content":false,"excerpt":false}}},"_links":{"self":[{"href":"https:\/\/www.highway-gmbh.de\/en\/wp-json\/wp\/v2\/product\/1563","targetHints":{"allow":["GET"]}}],"collection":[{"href":"https:\/\/www.highway-gmbh.de\/en\/wp-json\/wp\/v2\/product"}],"about":[{"href":"https:\/\/www.highway-gmbh.de\/en\/wp-json\/wp\/v2\/types\/product"}],"wp:featuredmedia":[{"embeddable":true,"href":"https:\/\/www.highway-gmbh.de\/en\/wp-json\/wp\/v2\/media\/1564"}],"wp:attachment":[{"href":"https:\/\/www.highway-gmbh.de\/en\/wp-json\/wp\/v2\/media?parent=1563"}],"wp:term":[{"taxonomy":"product_brand","embeddable":true,"href":"https:\/\/www.highway-gmbh.de\/en\/wp-json\/wp\/v2\/product_brand?post=1563"},{"taxonomy":"product_cat","embeddable":true,"href":"https:\/\/www.highway-gmbh.de\/en\/wp-json\/wp\/v2\/product_cat?post=1563"},{"taxonomy":"product_tag","embeddable":true,"href":"https:\/\/www.highway-gmbh.de\/en\/wp-json\/wp\/v2\/product_tag?post=1563"}],"curies":[{"name":"wp","href":"https:\/\/api.w.org\/{rel}","templated":true}]}}