{"id":1560,"date":"2021-08-23T16:17:50","date_gmt":"2021-08-23T14:17:50","guid":{"rendered":"https:\/\/www.highway-gmbh.de\/?post_type=product&#038;p=1560"},"modified":"2021-08-24T14:44:28","modified_gmt":"2021-08-24T12:44:28","slug":"zebra-tc26-hc","status":"publish","type":"product","link":"https:\/\/www.highway-gmbh.de\/en\/produkte\/mdes\/zebra-mdes\/zebra-tc26-hc\/","title":{"rendered":"Zebra TC26-HC"},"content":{"rendered":"<div class=\"headline\">\n<div class=\"headline\">\n<h1><img decoding=\"async\" src=\"https:\/\/www.jarltech.com\/2007\/img\/1px.gif\" alt=\"\" width=\"0px\" height=\"14px\" \/>Zebra TC26-HC<\/h1>\n<\/div>\n<\/div>\n<p>Zebras Android-Touchcomputer TC26-HC wurde speziell f\u00fcr das Gesundheitswesen entwickelt und eignet sich besonders f\u00fcr den Einsatz in Krankenh\u00e4usern, Praxen, Apotheken und Pflegeheimen sowie f\u00fcr den Au\u00dfendienst. Sein desinfektionsmittelbest\u00e4ndiges wei\u00dfes Geh\u00e4use \u00fcbersteht die regelm\u00e4\u00dfige Reinigung mit bis zu 30 verschiedenen Desinfektionsmittelarten und sorgt so in Kombination mit dem geschlossenen Design f\u00fcr einen zuverl\u00e4ssigen Schutz gegen Keime und Bakterien. Au\u00dferdem \u00fcberzeugt der Touchcomputer mit seinem 5&#8243; HD-Farbdisplay mit kapazitiver Multitouch-Technologie und Corning Gorilla Glass sowie einer einfachen und schnellen Bedienung.<\/p>\n<p>Um m\u00f6glichst viele Anwender unabh\u00e4ngig vom jeweiligen Standort miteinander zu verbinden, bietet der TC26-HC unter anderem Wi-Fi 802.11ac\/r. Zudem hat er eine optionale Walkie-Talkie-Funktion \u00fcber \u00bbWorkforce Connect Push-to-Talk Express\u00ab oder \u00bbWorkforce Connect Voice3\u00ab. Dadurch l\u00e4sst er sich auch ganz einfach in ein voll ausgestattetes PBX-Handger\u00e4t verwandeln.<\/p>\n<p>Mit seinem kompakten Design und dem geringen Gewicht von nur 239 Gramm l\u00e4sst sich der TC26-HC ganz einfach den ganzen Tag \u00fcber in der Kitteltasche mitf\u00fchren. Dabei erleichtert die optionale Handschlaufe den Transport und erm\u00f6glicht die Bedienung mit nur einer Hand. Die hohe Widerstandsf\u00e4higkeit des Touchcomputers wird durch seine Sturzfestigkeit gem\u00e4\u00df MIL-STD-810G und seiner IP67-Zertifizierung gew\u00e4hrleistet. Dadurch h\u00e4lt er unter anderem dem kurzweiligen, kompletten Untertauchen unter Wasser stand.<\/p>\n<p>Der TC26-HC ist mit einem herausnehmbaren 3300 mAh starken Lithium-Ionen-Akku und einem 5&#8243;- HD-Touchdisplay f\u00fcr den Einsatz in Innenr\u00e4umen sowie im Freien ausgestattet. Zudem verf\u00fcgt er \u00fcber eine integrierte 5 MP-Frontkamera f\u00fcr Videogespr\u00e4che und eine 13 MP-Kamera auf der R\u00fcckseite f\u00fcr die gelegentliche Barcode-Erfassung, Dokumentation des Wundzustands und mehr. F\u00fcr scanintensive Aufgaben ist der TC26-HC optional mit dem Enterprise-Scanmodul SE4100 mit praktischem Dreifach-Feedback erh\u00e4ltlich. Zu den zahlreichen Schnittstellen geh\u00f6ren unter anderem WWAN, WLAN, WPAN, Hochgeschwindigkeits-USB 2.0, Bluetooth 5.0, Bluetooth Low Energy (BLE), GPS, LTE und NFC.<\/p>\n<p>Durch die leistungsstarken Tools der Zebra \u00bbMobility DNA Professional\u00ab und dem optionalen \u00bbZebra OneCare SV\u00ab sowie \u00bbVideo on Device\u00ab (VoD) erh\u00e4lt der TC26-HC umfangreiche Unterst\u00fctzung.<\/p>\n<p><a href=\"https:\/\/www.highway-gmbh.de\/wp-content\/uploads\/zebra_tc26-hc.pdf\">Datenblatt Zebra_TC26-HC<\/a><\/p>\n","protected":false},"excerpt":{"rendered":"<ul>\n<li>Android-Touchcomputer mit 5&#8243;-Multitouch-Display<\/li>\n<li>\u00dcbersteht Reinigungen mit bis zu 30 Desinfektionsmittelarten<\/li>\n<li>Umfangreiche Kommunikationsm\u00f6glichkeiten<\/li>\n<li>Gro\u00dfe Schnittstellenvielfalt<\/li>\n<li>Unterst\u00fctzt Zebras \u00bbMobility DNA Professional\u00ab<\/li>\n<\/ul>\n","protected":false},"featured_media":1561,"template":"page-sidebar-left.php","meta":[],"product_brand":[],"product_cat":[99],"product_tag":[85,111],"class_list":{"0":"post-1560","1":"product","2":"type-product","3":"status-publish","4":"has-post-thumbnail","6":"product_cat-zebra-mdes","7":"product_tag-android","8":"product_tag-tc26hc","10":"first","11":"instock","12":"virtual","13":"product-type-simple"},"translation":{"provider":"WPGlobus","version":"3.0.2","language":"en","enabled_languages":["de","en"],"languages":{"de":{"title":true,"content":true,"excerpt":true},"en":{"title":false,"content":false,"excerpt":false}}},"_links":{"self":[{"href":"https:\/\/www.highway-gmbh.de\/en\/wp-json\/wp\/v2\/product\/1560","targetHints":{"allow":["GET"]}}],"collection":[{"href":"https:\/\/www.highway-gmbh.de\/en\/wp-json\/wp\/v2\/product"}],"about":[{"href":"https:\/\/www.highway-gmbh.de\/en\/wp-json\/wp\/v2\/types\/product"}],"wp:featuredmedia":[{"embeddable":true,"href":"https:\/\/www.highway-gmbh.de\/en\/wp-json\/wp\/v2\/media\/1561"}],"wp:attachment":[{"href":"https:\/\/www.highway-gmbh.de\/en\/wp-json\/wp\/v2\/media?parent=1560"}],"wp:term":[{"taxonomy":"product_brand","embeddable":true,"href":"https:\/\/www.highway-gmbh.de\/en\/wp-json\/wp\/v2\/product_brand?post=1560"},{"taxonomy":"product_cat","embeddable":true,"href":"https:\/\/www.highway-gmbh.de\/en\/wp-json\/wp\/v2\/product_cat?post=1560"},{"taxonomy":"product_tag","embeddable":true,"href":"https:\/\/www.highway-gmbh.de\/en\/wp-json\/wp\/v2\/product_tag?post=1560"}],"curies":[{"name":"wp","href":"https:\/\/api.w.org\/{rel}","templated":true}]}}