{"id":1557,"date":"2021-08-23T16:13:15","date_gmt":"2021-08-23T14:13:15","guid":{"rendered":"https:\/\/www.highway-gmbh.de\/?post_type=product&#038;p=1557"},"modified":"2021-08-24T14:44:28","modified_gmt":"2021-08-24T12:44:28","slug":"zebra-tc26","status":"publish","type":"product","link":"https:\/\/www.highway-gmbh.de\/en\/produkte\/mdes\/zebra-mdes\/zebra-tc26\/","title":{"rendered":"Zebra TC26"},"content":{"rendered":"<div class=\"headline\">\n<div class=\"headline\">\n<h1><img decoding=\"async\" src=\"https:\/\/www.jarltech.com\/2007\/img\/1px.gif\" alt=\"\" width=\"0px\" height=\"14px\" \/>Zebra TC26<\/h1>\n<\/div>\n<\/div>\n<p>Zebras Touchcomputer TC26 in der Enterprise-Klasse kommt in einem ansprechenden, kompakten Smartphone-Design daher und bietet viele praktische Funktionen f\u00fcr die Arbeit in Industrieumgebungen und dem Au\u00dfendienst. Dazu z\u00e4hlen das Betriebssystem Android, die Kompatibilit\u00e4t mit Wi-Fi und Mobilfunk sowie mehr als 50 Sicherheits- und Datenschutzverbesserungen, die f\u00fcr einen unglaublich hohen Sicherheitsstandard sorgen.<\/p>\n<p>F\u00fcr den Au\u00dfendienst bietet der TC26 viele verschiedene Kommunikationsm\u00f6glichkeiten an: Unter anderem greift er sowohl auf WLAN, als auch auf Mobilfunknetze zur\u00fcck \u2013 dadurch sind Mitarbeiter im Au\u00dfendienst und im Betrieb \u00fcber einen einzigen Knopfdruck miteinander verbunden. Zudem bietet er \u00bbVoice over LTE\u00ab (VoLTE) und \u00bbVoice over WiFI\u00ab (VoWiFi) an. Optional lassen sich auch Push-to-Talk (PTT) oder Express (ein Mobility DNA-Tool) installieren.<\/p>\n<p>Ausgestattet ist der TC26 mit einem sehr starken Akku f\u00fcr bis zu 14 Stunden Akkulaufzeit und einem 5&#8243;-HD-Touchscreen, der sowohl in Innenr\u00e4umen als auch im Freien leicht ablesbar ist. Zu den Schnittstellen geh\u00f6ren WLAN, Bluetooth, GPS und NFC. Die integrierte 5 MP-Frontkamera eignet sich f\u00fcr Videogespr\u00e4che und die 13 MP-Farbkamera auf der R\u00fcckseite f\u00fcr die gelegentliche Barcode-Erfassung und die detailreiche Aufnahme von Fotos \u2013 zum Beispiel f\u00fcr Dokumentationszwecke. F\u00fcr scanintensive Aufgaben sind optional die Enterprise-Scanmodule SE4710 und SE4100 erh\u00e4ltlich.<\/p>\n<p>Der TC26 ist ideal f\u00fcr den mobilen Einsatz: Dank seiner kompakten Gr\u00f6\u00dfe und dem geringen Gewicht l\u00e4sst er sich unglaublich einfach den ganzen Tag \u00fcber mitf\u00fchren. Die optionale Handgelenk-Halterung erleichtert den Transport zus\u00e4tzlich. Au\u00dferdem m\u00fcssen Anwender sich keine Gedanken um die Umgebungsumst\u00e4nde machen, da der Mobilcomputer wasser- und staubdicht ist, problemlos mehrfache St\u00fcrze auf Beton \u00fcbersteht und selbst Schnee, Regen, Hitze und K\u00e4lte ihm nichts ausmachen.<\/p>\n<p>Unterst\u00fctzung erh\u00e4lt der Touchcomputer TC26 \u00fcber die leistungsstarken, kostenlosen Tools der \u00bbMobility DNA Professional\u00ab und dem optionalen \u00bbZebra OneCare SV-Supportplan\u00ab. Dieser bietet umfangreichen Schutz durch die Abdeckung von normalem Verschlei\u00df, technischem Live- und Online-Support, vorrangigen Bearbeitungen von Reparaturen und mehr.<\/p>\n<p><a href=\"https:\/\/www.highway-gmbh.de\/wp-content\/uploads\/zebra_tc26.pdf\">Datenblatt Zebra_TC26<\/a><\/p>\n","protected":false},"excerpt":{"rendered":"<ul>\n<li>Kompakter 5&#8243;-Android-Touchcomputer<\/li>\n<li>Verschiedene Kommunikationsm\u00f6glichkeiten<\/li>\n<li>Bis zu 14 Stunden Akkulaufzeit<\/li>\n<li>WLAN, Bluetooth, GPS, NFC; optional Mobilfunk<\/li>\n<li>R\u00fcckseitige 13 MP-Farbkamera und 5 MP-Frontkamera<\/li>\n<\/ul>\n","protected":false},"featured_media":1558,"template":"page-sidebar-left.php","meta":[],"product_brand":[],"product_cat":[99],"product_tag":[85,110],"class_list":{"0":"post-1557","1":"product","2":"type-product","3":"status-publish","4":"has-post-thumbnail","6":"product_cat-zebra-mdes","7":"product_tag-android","8":"product_tag-tc26","10":"first","11":"instock","12":"virtual","13":"product-type-simple"},"translation":{"provider":"WPGlobus","version":"3.0.2","language":"en","enabled_languages":["de","en"],"languages":{"de":{"title":true,"content":true,"excerpt":true},"en":{"title":false,"content":false,"excerpt":false}}},"_links":{"self":[{"href":"https:\/\/www.highway-gmbh.de\/en\/wp-json\/wp\/v2\/product\/1557","targetHints":{"allow":["GET"]}}],"collection":[{"href":"https:\/\/www.highway-gmbh.de\/en\/wp-json\/wp\/v2\/product"}],"about":[{"href":"https:\/\/www.highway-gmbh.de\/en\/wp-json\/wp\/v2\/types\/product"}],"wp:featuredmedia":[{"embeddable":true,"href":"https:\/\/www.highway-gmbh.de\/en\/wp-json\/wp\/v2\/media\/1558"}],"wp:attachment":[{"href":"https:\/\/www.highway-gmbh.de\/en\/wp-json\/wp\/v2\/media?parent=1557"}],"wp:term":[{"taxonomy":"product_brand","embeddable":true,"href":"https:\/\/www.highway-gmbh.de\/en\/wp-json\/wp\/v2\/product_brand?post=1557"},{"taxonomy":"product_cat","embeddable":true,"href":"https:\/\/www.highway-gmbh.de\/en\/wp-json\/wp\/v2\/product_cat?post=1557"},{"taxonomy":"product_tag","embeddable":true,"href":"https:\/\/www.highway-gmbh.de\/en\/wp-json\/wp\/v2\/product_tag?post=1557"}],"curies":[{"name":"wp","href":"https:\/\/api.w.org\/{rel}","templated":true}]}}