{"id":1554,"date":"2021-08-23T16:08:36","date_gmt":"2021-08-23T14:08:36","guid":{"rendered":"https:\/\/www.highway-gmbh.de\/?post_type=product&#038;p=1554"},"modified":"2021-08-24T14:44:28","modified_gmt":"2021-08-24T12:44:28","slug":"zebra-tc21-hc","status":"publish","type":"product","link":"https:\/\/www.highway-gmbh.de\/en\/produkte\/mdes\/zebra-mdes\/zebra-tc21-hc\/","title":{"rendered":"Zebra TC21-HC"},"content":{"rendered":"<div class=\"headline\">\n<div class=\"headline\">\n<h1><img decoding=\"async\" src=\"https:\/\/www.jarltech.com\/2007\/img\/1px.gif\" alt=\"\" width=\"0px\" height=\"14px\" \/>Zebra TC21-HC<\/h1>\n<\/div>\n<\/div>\n<p>Vor allem im Gesundheitswesen werden Ger\u00e4te mehrfach t\u00e4glich gereinigt und desinfiziert, daher hat der Android-Touchcomputer Zebra TC21-HC ein besonders desinfektionsmittelbest\u00e4ndiges wei\u00dfes Kunststoffgeh\u00e4use: Es \u00fcbersteht die regelm\u00e4\u00dfige Reinigung mit bis zu 30 verschiedenen Desinfektionsmitteln. Zudem wurde bei der Konzeption darauf geachtet, dass das Geh\u00e4use keine Spalten aufweist und der vorinstallierte Stecker das Einnisten von Bakterien und Keimen im USB-C-Anschluss verhindert.<\/p>\n<p>Um eine zuverl\u00e4ssige Kommunikation zu gew\u00e4hrleisten, bietet der Touchcomputer Wi-Fi 802.11ac\/r und optional eine Walkie-Talkie-Funktion \u00fcber \u00bbWorkforce Connect Push-to-Talk Express\u00ab oder \u00bbWorkforce Connect Voice3\u00ab. Dank letzterem l\u00e4sst sich der TC21-HC auch wie ein voll ausgestattetes PBX-Handger\u00e4t einsetzen. Dar\u00fcber hinaus hat Zebra ihn mit einer programmierbaren Taste ausgestattet \u2013 bei Bedarf gen\u00fcgt ein Druck von wenigen Sekunden, um Hilfe anzufordern.<\/p>\n<p>Zur Ausstattung des TC21-HC geh\u00f6ren ein kapazitiver 5&#8243;-HD-Touchscreen mit Corning Gorilla Glass, ein herausnehmbarer 3300 mAh Lithium-Ionen-Akku f\u00fcr bis zu 10 Stunden Einsatzbereitschaft, ein 1,8 GHz Qualcomm Snapdragon 660 Octa-Core-Prozessor sowie 3 GB RAM und ein 32 GB Flash. Die Schnittstellen bestehen aus WLAN, WPAN, Hochgeschwindigkeits-USB 2.0, NFC, Bluetooth 5.0 und Bluetooth Low Energy (BLE). Eine integrierte 5 MP-Frontkamera eignet sich f\u00fcr Videogespr\u00e4che und die r\u00fcckseitige 13 MP-Farbkamera f\u00fcr die gelegentliche Barcode-Erfassung. F\u00fcr scanintensive Aufgaben ist der TC21-HC optional mit dem Enterprise-Scanmodul SE4100 verf\u00fcgbar.<\/p>\n<p>Dank seiner kompakten Gr\u00f6\u00dfe und dem geringen Gewicht wird der TC21-HC ganz einfach in der Kitteltasche verstaut und den ganzen Tag \u00fcber mitgef\u00fchrt. Die Handschlaufe sorgt dabei f\u00fcr einen sicheren Halt, sodass er sich bequem mit einer Hand bedienen l\u00e4sst. Au\u00dferdem \u00fcbersteht der Touchcomputer mehrfache St\u00fcrze auf Beton und ist gem\u00e4\u00df IP67 vollst\u00e4ndig vor Staub gesch\u00fctzt und h\u00e4lt sogar das kurzweilige, komplette Untertauchen unter Wasser aus.<\/p>\n<p>Unterst\u00fctzt wird der Touchcomputer TC21-HC durch die leistungsstarken, kostenlosen Tools der \u00bbMobility DNA Professional\u00ab, wie \u00bbLifeGuard f\u00fcr Android\u00ab, \u00bbStageNow\u00ab oder \u00bbDataWedge\u00ab sowie optional von \u00bbZebra OneCare SV\u00ab.<\/p>\n<p><a href=\"https:\/\/www.highway-gmbh.de\/wp-content\/uploads\/zebra_tc21-hc.pdf\">Datenblatt Zebra_TC21-HC<\/a><\/p>\n","protected":false},"excerpt":{"rendered":"<ul>\n<li>5&#8243;-Android-Touchcomputer f\u00fcr das Gesundheitswesen<\/li>\n<li>Desinfektionsmittelbest\u00e4ndiges Geh\u00e4use (f\u00fcr bis zu 30 Desinfektionsmittelarten)<\/li>\n<li>Verschiedene Kommunikationsm\u00f6glichkeiten<\/li>\n<li>Sehr robust: Staub- und Wasserschutz gem\u00e4\u00df IP67<\/li>\n<li>WLAN, WPAN, Hochgeschwindigkeits-USB 2.0, NFC, Bluetooth 5.0 und Low Energy (BLE)<\/li>\n<\/ul>\n","protected":false},"featured_media":1555,"template":"page-sidebar-left.php","meta":[],"product_brand":[],"product_cat":[99],"product_tag":[85,109],"class_list":{"0":"post-1554","1":"product","2":"type-product","3":"status-publish","4":"has-post-thumbnail","6":"product_cat-zebra-mdes","7":"product_tag-android","8":"product_tag-tc21hc","10":"first","11":"instock","12":"virtual","13":"product-type-simple"},"translation":{"provider":"WPGlobus","version":"3.0.2","language":"en","enabled_languages":["de","en"],"languages":{"de":{"title":true,"content":true,"excerpt":true},"en":{"title":false,"content":false,"excerpt":false}}},"_links":{"self":[{"href":"https:\/\/www.highway-gmbh.de\/en\/wp-json\/wp\/v2\/product\/1554","targetHints":{"allow":["GET"]}}],"collection":[{"href":"https:\/\/www.highway-gmbh.de\/en\/wp-json\/wp\/v2\/product"}],"about":[{"href":"https:\/\/www.highway-gmbh.de\/en\/wp-json\/wp\/v2\/types\/product"}],"wp:featuredmedia":[{"embeddable":true,"href":"https:\/\/www.highway-gmbh.de\/en\/wp-json\/wp\/v2\/media\/1555"}],"wp:attachment":[{"href":"https:\/\/www.highway-gmbh.de\/en\/wp-json\/wp\/v2\/media?parent=1554"}],"wp:term":[{"taxonomy":"product_brand","embeddable":true,"href":"https:\/\/www.highway-gmbh.de\/en\/wp-json\/wp\/v2\/product_brand?post=1554"},{"taxonomy":"product_cat","embeddable":true,"href":"https:\/\/www.highway-gmbh.de\/en\/wp-json\/wp\/v2\/product_cat?post=1554"},{"taxonomy":"product_tag","embeddable":true,"href":"https:\/\/www.highway-gmbh.de\/en\/wp-json\/wp\/v2\/product_tag?post=1554"}],"curies":[{"name":"wp","href":"https:\/\/api.w.org\/{rel}","templated":true}]}}