{"id":1547,"date":"2021-08-23T15:53:19","date_gmt":"2021-08-23T13:53:19","guid":{"rendered":"https:\/\/www.highway-gmbh.de\/?post_type=product&#038;p=1547"},"modified":"2021-08-24T14:44:28","modified_gmt":"2021-08-24T12:44:28","slug":"zebra-tc21","status":"publish","type":"product","link":"https:\/\/www.highway-gmbh.de\/en\/produkte\/mdes\/zebra-mdes\/zebra-tc21\/","title":{"rendered":"Zebra TC21"},"content":{"rendered":"<div class=\"headline\">\n<div class=\"headline\">\n<h1 id=\"jt_sr_headline\"><img decoding=\"async\" src=\"https:\/\/www.jarltech.com\/2007\/img\/1px.gif\" alt=\"\" width=\"0px\" height=\"14px\" \/>Zebra TC21<\/h1>\n<\/div>\n<\/div>\n<p>Der langlebige Touchcomputer Zebra TC21 in der Enterprise-Klasse verf\u00fcgt \u00fcber ein ansprechendes, kompaktes Smartphone-Design und viele praktische Funktionen, um Arbeiten in Industrieumgebungen schnell zu erledigen. Dank Wi-Fi ist er perfekt f\u00fcr alle, die stets am selben Platz arbeiten und mit dem Betriebssystem Android sowie mehr als 50 Sicherheits- und Datenschutzverbesserungen hat er auch einen unglaublich hohen Sicherheitsstandard. Zudem stehen f\u00fcr den Mobilcomputer verschiedene Konfigurationsm\u00f6glichkeiten zur Verf\u00fcgung, die der Anwender je nach Anforderung selber ausw\u00e4hlt.<\/p>\n<p>F\u00fcr die zuverl\u00e4ssige Kommunikation bietet der Touchcomputer verschiedene M\u00f6glichkeiten an: Dazu z\u00e4hlt unter anderem \u00bbVoice over WiFi\u00ab (VoWiFi). Optional lassen sich auch Push-to-Talk (PTT) oder Express (ein Mobility DNA-Tool) auf dem Ger\u00e4t installieren.<\/p>\n<p>Zur Ausstattung des TC21 geh\u00f6ren ein 5&#8243;-HD-Touchscreen, ein Akku mit bis zu 14 Stunden Akkulaufzeit und die Schnittstellen WLAN, Bluetooth und NFC. Die integrierte 5 MP-Frontkamera eignet sich f\u00fcr Videogespr\u00e4che und die 13 MP-Farbkamera auf der R\u00fcckseite f\u00fcr die gelegentliche Barcode-Erfassung und die detailreiche Aufnahme von Fotos \u2013 zum Beispiel, um Zustellungsnachweise zu erstellen und abgeschlossene Reparaturen oder Sch\u00e4den an gelieferten Waren zu dokumentieren. F\u00fcr scanintensive Aufgaben sind optional die Enterprise-Scanmodule SE4710 und SE4100 verf\u00fcgbar.<\/p>\n<p>Der TC21 l\u00e4sst sich durch seine kompakte Gr\u00f6\u00dfe und dem geringen Gewicht m\u00fchelos den ganzen Tag \u00fcber mitf\u00fchren und mit nur einer Hand bedienen. Dabei erm\u00f6glicht die Handgelenk-Halterung, dass sich Anwender vollkommen auf ihre Aufgaben konzentrieren, anstatt auf die Handhabung des Ger\u00e4tes. Au\u00dferdem ist der Touchcomputer wasser- und staubdicht, \u00fcbersteht problemlos mehrfache St\u00fcrze auf Beton und selbst Schnee, Regen, Hitze und K\u00e4lte machen ihm nichts aus.<\/p>\n<p>Unterst\u00fctzt wird der Touchcomputer TC21 durch die leistungsstarken, kostenlosen Tools der \u00bbMobility DNA Professional\u00ab und dem optionalen \u00bbZebra OneCare SV-Supportplan\u00ab. Dieser bietet umfangreichen Schutz durch die Abdeckung von normalem Verschlei\u00df, technischem Live- und Online-Support, vorrangigen Bearbeitungen von Reparaturen und mehr.<\/p>\n<p><a href=\"https:\/\/www.highway-gmbh.de\/wp-content\/uploads\/zebra_tc21.pdf\">Datenblatt Zebra_TC21<\/a><\/p>\n","protected":false},"excerpt":{"rendered":"<ul>\n<li>Android-Touchcomputer mit 5&#8243;-HD-Touchscreen<\/li>\n<li>Kommuniziert \u00fcber VoWiFi (optional PPT oder Express)<\/li>\n<li>Akkulaufzeit von bis zu 14 Stunden<\/li>\n<li>WLAN, Bluetooth, NFC<\/li>\n<li>Unterst\u00fctzt Tools der Zebra Mobility DNA<\/li>\n<\/ul>\n","protected":false},"featured_media":1552,"template":"page-sidebar-left.php","meta":[],"product_brand":[],"product_cat":[99],"product_tag":[85,108],"class_list":{"0":"post-1547","1":"product","2":"type-product","3":"status-publish","4":"has-post-thumbnail","6":"product_cat-zebra-mdes","7":"product_tag-android","8":"product_tag-tc21","10":"first","11":"instock","12":"virtual","13":"product-type-simple"},"translation":{"provider":"WPGlobus","version":"3.0.2","language":"en","enabled_languages":["de","en"],"languages":{"de":{"title":true,"content":true,"excerpt":true},"en":{"title":false,"content":false,"excerpt":false}}},"_links":{"self":[{"href":"https:\/\/www.highway-gmbh.de\/en\/wp-json\/wp\/v2\/product\/1547","targetHints":{"allow":["GET"]}}],"collection":[{"href":"https:\/\/www.highway-gmbh.de\/en\/wp-json\/wp\/v2\/product"}],"about":[{"href":"https:\/\/www.highway-gmbh.de\/en\/wp-json\/wp\/v2\/types\/product"}],"wp:featuredmedia":[{"embeddable":true,"href":"https:\/\/www.highway-gmbh.de\/en\/wp-json\/wp\/v2\/media\/1552"}],"wp:attachment":[{"href":"https:\/\/www.highway-gmbh.de\/en\/wp-json\/wp\/v2\/media?parent=1547"}],"wp:term":[{"taxonomy":"product_brand","embeddable":true,"href":"https:\/\/www.highway-gmbh.de\/en\/wp-json\/wp\/v2\/product_brand?post=1547"},{"taxonomy":"product_cat","embeddable":true,"href":"https:\/\/www.highway-gmbh.de\/en\/wp-json\/wp\/v2\/product_cat?post=1547"},{"taxonomy":"product_tag","embeddable":true,"href":"https:\/\/www.highway-gmbh.de\/en\/wp-json\/wp\/v2\/product_tag?post=1547"}],"curies":[{"name":"wp","href":"https:\/\/api.w.org\/{rel}","templated":true}]}}