{"id":1546,"date":"2021-08-23T15:51:04","date_gmt":"2021-08-23T13:51:04","guid":{"rendered":"https:\/\/www.highway-gmbh.de\/?post_type=product&#038;p=1546"},"modified":"2021-08-24T14:44:28","modified_gmt":"2021-08-24T12:44:28","slug":"zebra-wt6300","status":"publish","type":"product","link":"https:\/\/www.highway-gmbh.de\/en\/produkte\/mdes\/zebra-mdes\/zebra-wt6300\/","title":{"rendered":"Zebra WT6300"},"content":{"rendered":"<div class=\"headline\">\n<div class=\"headline\">\n<h1><img decoding=\"async\" src=\"https:\/\/www.jarltech.com\/2007\/img\/1px.gif\" alt=\"\" width=\"0px\" height=\"14px\" \/>Zebra WT6300<\/h1>\n<\/div>\n<\/div>\n<p>Das kompakte Android Mobilterminal Zebra WT6300 l\u00e4sst sich dank seines ergonomischen Designs ganz einfach am Handgelenk befestigen und sorgt somit f\u00fcr mehr Handfreiheit in Lager und Handel. Zudem \u00fcbersteht sein IP65 zertifiziertes Geh\u00e4use die regelm\u00e4\u00dfige Wischreinigung mit g\u00e4ngigen Desinfektionsmitteln, einschlie\u00dflich Isopropylalkohol, wodurch es vor allem im Schichtbetrieb die Verbreitung von Keimen und Bakterien reduziert. St\u00fcrze aus bis zu 1,2 Metern H\u00f6he, eine nicht kondensierende Luftfeuchtigkeit von 5 % bis 95 % oder Betriebstemperaturen von -30 \u00b0C bis 50 \u00b0C sind ebenfalls keine Herausforderung \u2013 perfekt, um es auch in Tiefk\u00fchlh\u00e4usern einzusetzen.<\/p>\n<p>Bedient wird das WT6300 \u00fcber eine optionale alphanumerische Tastatur und einen 3,2&#8243;-WVGA-Touchscreen mit Hintergrundbeleuchtung sowie kratz- und splitterfestem Corning Gorilla Glass. Das Display selbst reagiert selbst bei N\u00e4sse einwandfrei auf Ber\u00fchrungen und erh\u00f6ht automatisch die Ber\u00fchrungsempfindlichkeit, wenn der Anwender Handschuhe anhat. Der 3350 mAh starke Akku l\u00e4sst sich im laufenden Betrieb austauschen und ist bei Bedarf auch als erweiterter 5000 mAh PowerPrecision+-Hot-Swap-Akku erh\u00e4ltlich. Au\u00dferdem verf\u00fcgt das Mobilterminal \u00fcber einen 2,2 GHz Qualcomm Snapdragon 660 Octa-Core-Prozessor,3 GB RAM und32 GB Flash.<\/p>\n<p>Zur umfangreichen Schnittstellenauswahl des WT6300 geh\u00f6ren , Bluetooth 5.0 mit Bluetooth Low Energy (BLE) Unterst\u00fctzung, NFC und WLAN 802.11n\/ac\/r\/mc. Zudem bietet es eine zuverl\u00e4ssige Wi-Fi-Verbindung in Kabelqualit\u00e4t, bestehend aus 2&#215;2 MU-MIMO und WorryFree WiFi.<\/p>\n<p>F\u00fcr mehr Investitionssicherheit ist das WT6300 abw\u00e4rtskompatibel mit dem Zubeh\u00f6r seines Vorg\u00e4ngers WT6000 und l\u00e4sst sich bei Bedarf mit einem Zebra Head-Mounted-Display oder kabelgebundenen\/kabellosen Ringscanner erweitern.<\/p>\n<p>Unterst\u00fctzt wird das WT6300 von Tools der Zebra \u00bbMobility DNA\u00ab. Dazu geh\u00f6ren beispielsweise \u00bbLifeGuard f\u00fcr Android\u00ab, \u00bbWorkforce Connect PTT Express\u00ab, \u00bbMulti-Barcode Scanning\u00ab oder \u00bbDevice Central\u00ab.<\/p>\n<p><a href=\"https:\/\/www.highway-gmbh.de\/wp-content\/uploads\/zebra_wt6300.pdf\">Datenblatt Zebra_WT6300<\/a><\/p>\n","protected":false},"excerpt":{"rendered":"<ul>\n<li>Tragbares Android Mobilterminal f\u00fcrs Handgelenk<\/li>\n<li>3350 mAh oder erweiterter 5000 mAh PowerPrecision+-Akku<\/li>\n<li>Desinfizierbares Geh\u00e4use mit IP65-Zertifizierung<\/li>\n<li>Eignet sich auch f\u00fcr Anwendungen im Tiefk\u00fchlhaus<\/li>\n<li>Kapazitiver 3,2&#8243;-WVGA-Touchscreen und Tastaturoption<\/li>\n<\/ul>\n","protected":false},"featured_media":1548,"template":"page-sidebar-left.php","meta":[],"product_brand":[],"product_cat":[99],"product_tag":[85,107],"class_list":{"0":"post-1546","1":"product","2":"type-product","3":"status-publish","4":"has-post-thumbnail","6":"product_cat-zebra-mdes","7":"product_tag-android","8":"product_tag-wt6300","10":"first","11":"instock","12":"virtual","13":"product-type-simple"},"translation":{"provider":"WPGlobus","version":"3.0.2","language":"en","enabled_languages":["de","en"],"languages":{"de":{"title":true,"content":true,"excerpt":true},"en":{"title":false,"content":false,"excerpt":false}}},"_links":{"self":[{"href":"https:\/\/www.highway-gmbh.de\/en\/wp-json\/wp\/v2\/product\/1546","targetHints":{"allow":["GET"]}}],"collection":[{"href":"https:\/\/www.highway-gmbh.de\/en\/wp-json\/wp\/v2\/product"}],"about":[{"href":"https:\/\/www.highway-gmbh.de\/en\/wp-json\/wp\/v2\/types\/product"}],"wp:featuredmedia":[{"embeddable":true,"href":"https:\/\/www.highway-gmbh.de\/en\/wp-json\/wp\/v2\/media\/1548"}],"wp:attachment":[{"href":"https:\/\/www.highway-gmbh.de\/en\/wp-json\/wp\/v2\/media?parent=1546"}],"wp:term":[{"taxonomy":"product_brand","embeddable":true,"href":"https:\/\/www.highway-gmbh.de\/en\/wp-json\/wp\/v2\/product_brand?post=1546"},{"taxonomy":"product_cat","embeddable":true,"href":"https:\/\/www.highway-gmbh.de\/en\/wp-json\/wp\/v2\/product_cat?post=1546"},{"taxonomy":"product_tag","embeddable":true,"href":"https:\/\/www.highway-gmbh.de\/en\/wp-json\/wp\/v2\/product_tag?post=1546"}],"curies":[{"name":"wp","href":"https:\/\/api.w.org\/{rel}","templated":true}]}}