{"id":1543,"date":"2021-08-23T15:45:41","date_gmt":"2021-08-23T13:45:41","guid":{"rendered":"https:\/\/www.highway-gmbh.de\/?post_type=product&#038;p=1543"},"modified":"2024-05-02T11:16:41","modified_gmt":"2024-05-02T09:16:41","slug":"zebra-mc9300","status":"publish","type":"product","link":"https:\/\/www.highway-gmbh.de\/en\/produkte\/mdes\/zebra-mdes\/zebra-mc9300\/","title":{"rendered":"Zebra MC9300"},"content":{"rendered":"<div class=\"headline\">\n<div class=\"headline\">\n<h1 id=\"jt_sr_headline\"><img decoding=\"async\" src=\"https:\/\/www.jarltech.com\/2007\/img\/1px.gif\" alt=\"\" width=\"0px\" height=\"14px\" \/>Zebra MC9300<\/h1>\n<\/div>\n<\/div>\n<p>Mit der MC9300-Serie pr\u00e4sentiert Zebra einen robusten Mobilcomputer, der die Vorg\u00e4ngerserie hinsichtlich Ausstattung, Leistung und Robustheit in den Schatten stellt. Ein MDE, das \u00fcberall wo es in Transport, Lager, Handel und Logistik eingesetzt wird, f\u00fcr zufriedenere Gesichter, bessere Prozesse und mehr Produktivit\u00e4t sorgt!<\/p>\n<p>Damit setzt die MC9300-Serie neue Ma\u00dfst\u00e4be: Der MC9300 Mobilcomputer begeistert mit einem gr\u00f6\u00dferen Display, einer IP65- und IP67-Schutzklasse, einem upgradef\u00e4higen Android Betriebssystem, st\u00e4rkeren Prozessoren, mehr RAM und Flash-Speicher, NFC, einem 7000 mAh starken Akku und vier Scan Engines, unter anderem einen f\u00fcrs Erfassen von Direct Part Marks.<\/p>\n<p>Display- und Tastaturbedienung in einem: Das MC9300 l\u00e4sst sich \u00fcber das 4,3&#8243; gro\u00dfe WVGA-Display mit kratzfestem Corning Gorilla Glass mit Handschuhen, Stylus und nass bedienen. Die zus\u00e4tzliche Tastatur erm\u00f6glicht die Nutzung von TE und Android Apps und sichert die Produktivit\u00e4t, denn die Tastatur ist austauschbar \u2013 so muss nicht gleich der ganze Mobilcomputer eingeschickt werden, falls mal eine Taste kaputt geht. Man arbeitet einfach \u00fcber das Display weiter.<\/p>\n<p>Zukunftssicher und so leicht zu integrieren wie nie: Zebra hat die MC9300-Serie mit einem updatef\u00e4higen Android Betriebssystem mit GMS ausgestattet \u2013 das ist einfach zu bedienen und wird von Zebra via LifeGuard der Mobility DNA mit Updates bis zu den Versionen P und Q unterst\u00fctzt. Dank des Zugriffs auf die Zebra Mobility DNA l\u00e4sst sich die MC9300-Serie einfach im Unternehmen integrieren, updaten und besser organisieren.<\/p>\n<p>Erfasst zuverl\u00e4ssig einfach alles: Das MDE scannt 1D- und 2D-Barcodes in nahezu jedem Zustand \u2013 omnidirektional und aus 7 cm Abstand ebenso gut wie aus fast 1,8 Metern. Dank der Scan Engine SE4750DP erfasst die MC9300-Serie auch Direct Part Marks. Optional l\u00e4sst sich der Mobilcomputer mit einer Vibrationsfunktion beim Scannen ausstatten \u2013 das ist in lauten Umgebungen eine viel effektivere Best\u00e4tigung als ein Piepton.<\/p>\n<p>Starke Leistung mal zwei: Zebra hat die MC9300-Serie mit einem austauschbaren und 7000 mAh starken Akku ausgestattet \u2013 das ist fast doppelt so viel Leistung wie beim Vorg\u00e4ngermodel. Wie stark ein Akku auch ist, irgendwann muss er geladen werden: Bei der MC9300-Serie geschieht der Ladevorgang im Nu \u2013 innerhalb von 4 Stunden ist der Akku zu 90 Prozent geladen.<\/p>\n<p>Erstklassige Performance: F\u00fcr eine zuverl\u00e4ssige Leistung bei jedem Job sorgen ein 2,2 GHz Qualcomm Snapdragon Octa-Core-Prozessor, 4 GB RAM und ein 32 GB Flash-Speicher. Auch die Daten\u00fcbertragung kann sich bei diesem MDE sehen lassen: Die MC9300-Serie verf\u00fcgt \u00fcber Wi-Fi mit Support f\u00fcr 802.11 a\/b\/g\/n\/ac\/d\/h\/i\/r\/k\/v\/w und 2&#215;2 MU-MIMO. Hinzu kommen Bluetooth 5.0, 2.1 + EDR und Bluetooth Low Energy (BLE). Wer schnell mit einem Kollegen oder einer Kollegin am anderen Ende des Lagers sprechen will, nutzt die VoIP-Funktion.<\/p>\n<p>Das ist ultra rugged: Mit der MC9300-Serie \u00fcbertrifft Zebra die Erwartungen, die weltweit an die Widerstandsf\u00e4higkeit und Robustheit eines MDEs gesetzt werden. Die MC9300-Serie ist IP67 und IP65 zertifiziert \u2013 damit ist sie vollst\u00e4ndig vor Staubeintritt gesch\u00fctzt. Strahlwasser und das zeitweilige Untertauchen in Wasser machen dem MDE nichts \u2013 genauso wenig wie ein Sturz aus 2,4 m H\u00f6he oder eine 95-prozentige Luftfeuchtigkeit.<\/p>\n<p>Optional ist der Mobilcomputer MC9300 mit einer r\u00fcckseitigen 13 MP-Kamera und einer 5 MP Frontkamera erh\u00e4ltlich, die VLC (Visible Light Connection) unterst\u00fctzt. Dar\u00fcber hinaus bietet Zebra das MDE in einer K\u00fchlhausvariante mit beheiztem Scanner und frostgesch\u00fctztem Akku an, der Umgebungstemperaturen bis -30 \u00b0C nichts ausmachen. Zudem ist eine nicht entflammbare Version f\u00fcr alle Arbeitsumgebungen erh\u00e4ltlich, in denen Feuer und Gase zum Job geh\u00f6ren.<\/p>\n<h3><a href=\"https:\/\/www.highway-gmbh.de\/wp-content\/uploads\/Zebra_MC9300_Spec-Sheet_de.pdf\">Datenblatt Zebra MC9300<\/a><\/h3>\n","protected":false},"excerpt":{"rendered":"<ul>\n<li>4,3&#8243; WVGA-Display mit Corning Gorilla Glass (mit Handschuhen, Stylus und nass bedienbar)<\/li>\n<li>Android Betriebssystem (unterst\u00fctzt bis Version P und Q)<\/li>\n<li>Leistungsstarker, schnell-ladender 7000 mAh Akku<\/li>\n<li>IP67- und IP65-Schutzklasse, MIL-STD-810G<\/li>\n<li>Bluetooth 5.0, NFC, Wi-Fi (802.11ac)<\/li>\n<\/ul>\n","protected":false},"featured_media":1544,"template":"page-sidebar-left.php","meta":[],"product_brand":[],"product_cat":[99],"product_tag":[85,106],"class_list":{"0":"post-1543","1":"product","2":"type-product","3":"status-publish","4":"has-post-thumbnail","6":"product_cat-zebra-mdes","7":"product_tag-android","8":"product_tag-mc9300","10":"first","11":"instock","12":"virtual","13":"product-type-simple"},"translation":{"provider":"WPGlobus","version":"3.0.2","language":"en","enabled_languages":["de","en"],"languages":{"de":{"title":true,"content":true,"excerpt":true},"en":{"title":false,"content":false,"excerpt":false}}},"_links":{"self":[{"href":"https:\/\/www.highway-gmbh.de\/en\/wp-json\/wp\/v2\/product\/1543","targetHints":{"allow":["GET"]}}],"collection":[{"href":"https:\/\/www.highway-gmbh.de\/en\/wp-json\/wp\/v2\/product"}],"about":[{"href":"https:\/\/www.highway-gmbh.de\/en\/wp-json\/wp\/v2\/types\/product"}],"wp:featuredmedia":[{"embeddable":true,"href":"https:\/\/www.highway-gmbh.de\/en\/wp-json\/wp\/v2\/media\/1544"}],"wp:attachment":[{"href":"https:\/\/www.highway-gmbh.de\/en\/wp-json\/wp\/v2\/media?parent=1543"}],"wp:term":[{"taxonomy":"product_brand","embeddable":true,"href":"https:\/\/www.highway-gmbh.de\/en\/wp-json\/wp\/v2\/product_brand?post=1543"},{"taxonomy":"product_cat","embeddable":true,"href":"https:\/\/www.highway-gmbh.de\/en\/wp-json\/wp\/v2\/product_cat?post=1543"},{"taxonomy":"product_tag","embeddable":true,"href":"https:\/\/www.highway-gmbh.de\/en\/wp-json\/wp\/v2\/product_tag?post=1543"}],"curies":[{"name":"wp","href":"https:\/\/api.w.org\/{rel}","templated":true}]}}