{"id":1540,"date":"2021-08-23T15:32:02","date_gmt":"2021-08-23T13:32:02","guid":{"rendered":"https:\/\/www.highway-gmbh.de\/?post_type=product&#038;p=1540"},"modified":"2023-04-03T10:31:11","modified_gmt":"2023-04-03T08:31:11","slug":"zebra-mc3300x","status":"publish","type":"product","link":"https:\/\/www.highway-gmbh.de\/en\/produkte\/mdes\/zebra-mdes\/zebra-mc3300x\/","title":{"rendered":"Zebra MC3300x"},"content":{"rendered":"<div class=\"headline\">\n<div class=\"headline\">\n<h1 id=\"jt_sr_headline\"><img decoding=\"async\" src=\"https:\/\/www.jarltech.com\/2007\/img\/1px.gif\" alt=\"\" width=\"0px\" height=\"14px\" \/>Zebra MC3300x<\/h1>\n<h2 id=\"jt_sr_subline\">Praktische Kombination aus Tastatur und Touch<\/h2>\n<\/div>\n<\/div>\n<p>Der Mobilcomputer MC3300x von Zebra ist mit seinem leicht zu bedienenden Android Betriebssystem und den hohen Sicherheitsstandards ideal f\u00fcr die anspruchsvollen Arbeitsumgebungen von Lager und Industrie. F\u00fcr die schnelle Eingabe von Daten kombiniert er zudem eine Touchscreen- und physische Tastatureingabe. Dabei ist das Tastenfeld in drei verschiedenen Optionen erh\u00e4ltlich: numerisch (29 Tasten), funktional numerisch (38 Tasten) oder alphanumerisch (47 Tasten).<\/p>\n<p>Zur Ausstattung des MC3300x geh\u00f6ren ein 4&#8243;-WVGA-Farbdisplay mit Corning Gorilla Glass und ein 7.000 mAh starker Lithium-Ionen-Akku mit PowerPrecision+-Funktion \u2013 damit h\u00e4lt der Mobilcomputer bis zu drei Schichten am St\u00fcck durch. Der 2,2 GHz Qualcomm Snapdragon 660 Octa-Core-Prozessor, 4 GB RAM und 32 GB Flash sorgen f\u00fcr eine Top-Performance und die optionale, r\u00fcckseitige 13-MP-Farbkamera erleichtert die Aufnahme von Fotos und Videos.<\/p>\n<p>Dank der 2&#215;2 Multiple-User Multiple Input Multiple Output (MU-MIMO)-Technologie verf\u00fcgt der MC3300x \u00fcber eine erweiterte Wi-Fi-Reichweite. Mittels NFC l\u00e4sst er sich unglaublich einfach mit verschiedenen Zebra Ringscannern, mobilen Druckern und Bluetooth-Headsets koppeln. \u00dcber Bluetooth 5.0 werden Antwortzeiten von Anwendungen reduziert und Bluetooth Low Energy verl\u00e4ngert die Akkulaufzeit. Au\u00dferdem verf\u00fcgt der Mobilcomputer \u00fcber die Schnittstelle USB 2.0 High-Speed OTG.<\/p>\n<p>Robust ist der MC3300x auch: Er h\u00e4lt problemlos mehrfache St\u00fcrze aus einer Fallh\u00f6he von bis zu 1,8 Metern aus und verf\u00fcgt \u00fcber eine MIL-STD-810G- und IP64-Zertifizierung \u2013 er ist daher vollst\u00e4ndig vor dem Eindringen von Staub und Spritzwasser gesch\u00fctzt.<\/p>\n<p>Je nach Bedarf ist der MC3300x mit den Scan-Engines SE4850, 1D\/2D SE4770 oder SE965 und in verschiedenen Modell-Varianten erh\u00e4ltlich: mit Pistolengriff f\u00fcr scanintensivere Arbeitsumgebungen, drehbarem Revolverkopf f\u00fcr besonders hohen Scan-Komfort, 0\u00b0-Geradschussger\u00e4t f\u00fcr t\u00e4gliche Standard- und Long-Range-Scanvorg\u00e4nge oder 45\u00b0-Geradschussger\u00e4t f\u00fcr mehr Ergonomie beim Standard-Scannen.<\/p>\n<p>Unterst\u00fctzt wird der MC3300x von \u00bbLifeGuard f\u00fcr Android\u00ab und den leistungsstarken Tools der Zebra \u00bbMobility DNA\u00ab. Dazu z\u00e4hlt unter anderem \u00bbWorkforce Connect Voice\u00ab, womit der Mobilcomputer ganz einfach in ein voll funktionsf\u00e4higes PBX-Handger\u00e4t umgewandelt wird \u2013 optional l\u00e4sst er sich auch um Push-to-Talk (PTT) oder Express erweitern.<\/p>\n<h3><a href=\"https:\/\/www.highway-gmbh.de\/wp-content\/uploads\/mc3300x-spec-sheet-de-de.pdf\">Datenblatt Zebra MC3300x<\/a><\/h3>\n","protected":false},"excerpt":{"rendered":"<ul>\n<li>Android-Mobilcomputer mit Touchscreen- oder physischer Tastatureingabe<\/li>\n<li>4&#8243;-WVGA-Farbdisplay mit Corning Gorilla Glass<\/li>\n<li>Tastenfeld: numerisch, funktional numerisch oder alphanumerisch<\/li>\n<li>2,2 GHz Octa-Core-Prozessor, 4 GB RAM und 32 GB Flash, 7.000 mAh Akku<\/li>\n<li>USB 2.0 High-Speed OTG, Bluetooth 5.0, BLE, NFC und 2&#215;2 MU-MIMO (Wi-Fi)<\/li>\n<\/ul>\n","protected":false},"featured_media":1541,"template":"page-sidebar-left.php","meta":[],"product_brand":[],"product_cat":[37,99],"product_tag":[85,105],"class_list":{"0":"post-1540","1":"product","2":"type-product","3":"status-publish","4":"has-post-thumbnail","6":"product_cat-mdes","7":"product_cat-zebra-mdes","8":"product_tag-android","9":"product_tag-mc3300x","11":"first","12":"instock","13":"virtual","14":"product-type-simple"},"translation":{"provider":"WPGlobus","version":"3.0.2","language":"en","enabled_languages":["de","en"],"languages":{"de":{"title":true,"content":true,"excerpt":true},"en":{"title":false,"content":false,"excerpt":false}}},"_links":{"self":[{"href":"https:\/\/www.highway-gmbh.de\/en\/wp-json\/wp\/v2\/product\/1540","targetHints":{"allow":["GET"]}}],"collection":[{"href":"https:\/\/www.highway-gmbh.de\/en\/wp-json\/wp\/v2\/product"}],"about":[{"href":"https:\/\/www.highway-gmbh.de\/en\/wp-json\/wp\/v2\/types\/product"}],"wp:featuredmedia":[{"embeddable":true,"href":"https:\/\/www.highway-gmbh.de\/en\/wp-json\/wp\/v2\/media\/1541"}],"wp:attachment":[{"href":"https:\/\/www.highway-gmbh.de\/en\/wp-json\/wp\/v2\/media?parent=1540"}],"wp:term":[{"taxonomy":"product_brand","embeddable":true,"href":"https:\/\/www.highway-gmbh.de\/en\/wp-json\/wp\/v2\/product_brand?post=1540"},{"taxonomy":"product_cat","embeddable":true,"href":"https:\/\/www.highway-gmbh.de\/en\/wp-json\/wp\/v2\/product_cat?post=1540"},{"taxonomy":"product_tag","embeddable":true,"href":"https:\/\/www.highway-gmbh.de\/en\/wp-json\/wp\/v2\/product_tag?post=1540"}],"curies":[{"name":"wp","href":"https:\/\/api.w.org\/{rel}","templated":true}]}}