{"id":1537,"date":"2021-08-23T15:27:24","date_gmt":"2021-08-23T13:27:24","guid":{"rendered":"https:\/\/www.highway-gmbh.de\/?post_type=product&#038;p=1537"},"modified":"2021-08-24T14:44:28","modified_gmt":"2021-08-24T12:44:28","slug":"zebra-mc2200-mc2700","status":"publish","type":"product","link":"https:\/\/www.highway-gmbh.de\/en\/produkte\/mdes\/zebra-mdes\/zebra-mc2200-mc2700\/","title":{"rendered":"Zebra MC2200 \/ MC2700"},"content":{"rendered":"<div class=\"headline\">\n<div class=\"headline\">\n<h1 id=\"jt_sr_headline\">Zebra MC2200 \/ MC2700<\/h1>\n<\/div>\n<\/div>\n<p>Die Android Mobilcomputer Zebra MC2200 und MC2700 eignen sich durch ihre vielf\u00e4ltige Ausstattung, ihr ergonomisches Design und ihre einfache Bedienung f\u00fcr den t\u00e4glichen Einsatz in kleinen und mittleren Unternehmen in Einzelhandel, Lager, Fertigung Transport und Logistik sowie dem Au\u00dfendienst (MC2700). Daf\u00fcr bieten sie unter anderem ein kapazitives 4&#8243;-WVGA-Multitouch-Display mit Corning Gorilla Glass. Zudem sind sie sturzsicher aus 1,5 Metern H\u00f6he auf Beton, MIL-STD-810G und IP65 zertifiziert und verf\u00fcgen \u00fcber ein desinfektionsmittelbest\u00e4ndiges Geh\u00e4use zur regelm\u00e4\u00dfigen Reinigung mit g\u00e4ngigen Desinfektionsmitteln wie Bleichmittel, Wasserstoffperoxid oder Alkohol.<\/p>\n<p>Zebra hat den MC2200 und den MC2700 mit einer numerischen Tastatur mit 34 Tasten ausgestattet. Dabei wurde darauf geachtet, dass sich die Tasten mit ihrer Gr\u00f6\u00dfe, Form und Position selbst mit Handschuhen leicht nutzen lassen. Dank der kontrastreichen Farbe sind sie auch am Tag und in der Nacht gleicherma\u00dfen gut zu erkennen. Weiterhin sorgen zwei zus\u00e4tzliche Fingerstangen daf\u00fcr, dass die Mobilcomputer bequem mit nur einer Hand bedient und dabei sicher in der Hand gehalten werden k\u00f6nnen.<\/p>\n<p>F\u00fcr die Top-Performance des MC2200\/MC2700 sorgen ein 1,8 GHz Qualcomm Snapdragon 660 Octa-Core-Prozessor, 2 GB RAM und 16 GB Flash (optional 3 GB RAM und 32 GB Flash). Zur weiteren Ausstattung geh\u00f6ren ein omnidirektionaler 2D-Imager mit praktischem Dreifach-Feedback und ein austauschbarer 3.500 mAh Lithium-Ionen-Akku, (optional ein erweiterter Akku mit 4.900 mAh). Die Schnittstellenauswahl besteht aus Hochgeschwindigkeits-USB 2.0, Bluetooth Low Energy (BLE), Bluetooth 5.0, Wi-Fi 802.11ac\/r\/v4, MU-MIMO, GPS (MC2700), 4G LTE (MC2700) und optional NFC. Au\u00dferdem werden die Mobilcomputer von den Tools der Zebra \u00bbMobility DNA\u00ab unterst\u00fctzt.<\/p>\n<p><a href=\"https:\/\/www.highway-gmbh.de\/wp-content\/uploads\/zebra_mc2x00.pdf\">Datenblatt Zebra_MC2x00<\/a><\/p>\n","protected":false},"excerpt":{"rendered":"<ul>\n<li>Android Mobilcomputer f\u00fcr kleine und mittlere Unternehmen<\/li>\n<li>Ergonomisches Design mit optionalem Pistolengriff<\/li>\n<li>Numerische Tastatur, auch mit Handschuhen bedienbar<\/li>\n<li>4&#8243;-WVGA-Multitouch-Display mit Corning Gorilla Glass<\/li>\n<li>Desinfektionsmittelbest\u00e4ndiges Geh\u00e4use, IP65 zertifiziert<\/li>\n<\/ul>\n","protected":false},"featured_media":1538,"template":"page-sidebar-left.php","meta":[],"product_brand":[],"product_cat":[99],"product_tag":[85,103,104],"class_list":{"0":"post-1537","1":"product","2":"type-product","3":"status-publish","4":"has-post-thumbnail","6":"product_cat-zebra-mdes","7":"product_tag-android","8":"product_tag-mc2200","9":"product_tag-mc2700","11":"first","12":"instock","13":"virtual","14":"product-type-simple"},"translation":{"provider":"WPGlobus","version":"3.0.2","language":"en","enabled_languages":["de","en"],"languages":{"de":{"title":true,"content":true,"excerpt":true},"en":{"title":false,"content":false,"excerpt":false}}},"_links":{"self":[{"href":"https:\/\/www.highway-gmbh.de\/en\/wp-json\/wp\/v2\/product\/1537","targetHints":{"allow":["GET"]}}],"collection":[{"href":"https:\/\/www.highway-gmbh.de\/en\/wp-json\/wp\/v2\/product"}],"about":[{"href":"https:\/\/www.highway-gmbh.de\/en\/wp-json\/wp\/v2\/types\/product"}],"wp:featuredmedia":[{"embeddable":true,"href":"https:\/\/www.highway-gmbh.de\/en\/wp-json\/wp\/v2\/media\/1538"}],"wp:attachment":[{"href":"https:\/\/www.highway-gmbh.de\/en\/wp-json\/wp\/v2\/media?parent=1537"}],"wp:term":[{"taxonomy":"product_brand","embeddable":true,"href":"https:\/\/www.highway-gmbh.de\/en\/wp-json\/wp\/v2\/product_brand?post=1537"},{"taxonomy":"product_cat","embeddable":true,"href":"https:\/\/www.highway-gmbh.de\/en\/wp-json\/wp\/v2\/product_cat?post=1537"},{"taxonomy":"product_tag","embeddable":true,"href":"https:\/\/www.highway-gmbh.de\/en\/wp-json\/wp\/v2\/product_tag?post=1537"}],"curies":[{"name":"wp","href":"https:\/\/api.w.org\/{rel}","templated":true}]}}