{"id":1534,"date":"2021-08-23T15:12:43","date_gmt":"2021-08-23T13:12:43","guid":{"rendered":"https:\/\/www.highway-gmbh.de\/?post_type=product&#038;p=1534"},"modified":"2021-08-24T14:44:28","modified_gmt":"2021-08-24T12:44:28","slug":"zebra-ec50-ec55","status":"publish","type":"product","link":"https:\/\/www.highway-gmbh.de\/en\/produkte\/mdes\/zebra-mdes\/zebra-ec50-ec55\/","title":{"rendered":"Zebra EC50\/EC55"},"content":{"rendered":"<div class=\"headline\">\n<h1 id=\"jt_sr_headline\">Zebra EC50\/EC55<\/h1>\n<\/div>\n<p>Mit dem EC50\/EC55 bietet Zebra zwei unglaublich schlanke Android-Mobilcomputer im kompakten Smartphone-Design. Sie erleichtern den Arbeitsalltag mit ihren umfangreichen Funktionen vor allem in den anspruchsvollen Bereichen von Handel und Gastronomie, aber auch in der Healthcare-Branche oder dem Au\u00dfendienst (EC55). Dazu geh\u00f6rt unter anderem das weit verbreitete und benutzerfreundliche Android Betriebssystem \u2013 da die meisten Anwender Android bereits durch ihr eigenes Smartphone kennen, verk\u00fcrzen sich Schulungszeiten und Einarbeitungsphasen enorm.<\/p>\n<p>Das Besondere am EC50\/EC55 ist ihr unfassbar schlankes und leichtes Design im Smartphone-Look: Die Abmessungen betragen gerade einmal 154,4 x 76 x 9,8 mm (H\u00f6he x Breite x Tiefe) und das geringe Gewicht liegt bei 173 Gramm. Dadurch werden sie nicht nur bequem den gesamten Tag \u00fcber mitgef\u00fchrt, sondern auch ganz einfach in der Hosen- oder Kitteltasche verstaut.<\/p>\n<p>In einer Zeit, in der jeder jederzeit erreichbar ist, z\u00e4hlt eine extrem gute, schnelle und zuverl\u00e4ssige drahtlose Verbindungsm\u00f6glichkeit zur Standardausstattung: vor allem beim EC50 und EC55. Sie begeistern mit Wi-Fi-Verbindungen in \u00bbKabelqualit\u00e4t\u00ab. Daf\u00fcr kombinieren sie 2&#215;2 MU-MIMO, WorryFree Wi-Fi und Workforce Connect PTT Express miteinander \u2013 das sorgt f\u00fcr eine nahezu sofortige Reaktion und macht die Mobilcomputer fit f\u00fcr komplexe Telefonanwendungen.<\/p>\n<p>\u00dcber Bluetooth und NFC braucht es nur ein einzelnes Tippen mit dem Finger, damit der EC50\/EC55 eine ID-Karte liest oder sich mit einem Drucker verbindet. Zudem erh\u00f6ht Bluetooth 5.0 auch die Leistung von angeschlossenen Peripherieger\u00e4ten, da es eine deutlich h\u00f6here Geschwindigkeit bei erweiterter Reichweite bietet. F\u00fcr den Au\u00dfendienst bietet der EC55 zus\u00e4tzlich LTE und GPS sowie einen Nano- und optional einen e-SIM-Kartenslot.<\/p>\n<p>Neben dem besonders leistungsstarken und fortschrittlichen SD660 Octa-Core-Prozessor \u00fcberzeugen der EC50 und der EC55 auch mit einer zuverl\u00e4ssigen Sprach- und Datenanwendung. Der gro\u00dfe Speicher sorgt f\u00fcr gen\u00fcgend Platz, um allerhand Daten zu sichern und setzt sich aus einer 3 GB RAM und einem 32 GB Flash zusammen. Optional lassen sich beide Speichermedien auf 4 GB RAM und 64 GB Flash erweitern.<\/p>\n<p>Standardm\u00e4\u00dfig sind die Mobilcomputer mit einem 3060 mAh starken Akku ausgestattet, der voll aufgeladen f\u00fcr bis zu 10 Stunden einsatzbereit ist. Je nach Bedarf ist ein erweiterter Akku mit 4180 mAh erh\u00e4ltlich. Damit erh\u00f6ht sich die Einsatzbereitschaft bei voller Ladung auf bis zu 13 Stunden \u2013 perfekt f\u00fcr lange Arbeitstage.<\/p>\n<p>Zum Erfassen aller g\u00e4ngigen 1D- und 2D-Barcodes sind der EC50 und der EC55 optional mit einem omnidirektionalen 2D-Scanner ausgestattet. Dieser begeistert dank seines SE4100 Scan-Moduls mit schnellen und zuverl\u00e4ssigen Scanergebnissen. Die 13 MP-Farbkamera mit LED-Blitz und Autofokus auf der R\u00fcckseite der Mobilcomputer erleichtert zudem das Erfassen detaillierter Fotos und Videos zur Dokumentation von Zustandsnachweisen, R\u00fcckgabebelegen und mehr. Auf der Frontseite befindet sich optional eine 5 MP-Kamera mit Fixfokus.<\/p>\n<p>Das 5&#8243; gro\u00dfe HD-Display des EC50\/EC55 bietet eine Menge Platz f\u00fcr Informationen und l\u00e4sst sich durch seine 450 Nits auch unter widrigen Bedingungen gut ablesen. Dabei macht die kapazitive Multitouch-Unterst\u00fctzung die Nutzung der Oberfl\u00e4che sehr einfach und intuitiv. Ein weiterer gro\u00dfer Vorteil: Das Touchpanel und das Scanner-Fenster sind dank des integrierten Corning Gorilla Glass nahezu vollst\u00e4ndig wasser- und staubdicht. Zudem sind sie besonders kratz- und schlagfest und lassen sich durch die optionale Schutzh\u00fclle sogar zus\u00e4tzlich gegen m\u00f6gliche Sturzsch\u00e4den sch\u00fctzen.<\/p>\n<p>Mit ihrem widerstandsf\u00e4higen Geh\u00e4use sind der EC50 und der EC55 gegen allerhand Widrigkeiten im t\u00e4glichen Arbeitsgeschehen gewappnet. Sie wurden mit einer IP67 ausgezeichnet, was bedeutet, dass die Mobilcomputer vollst\u00e4ndig gegen das Eindringen von Staub gesch\u00fctzt sind und selbst das kurzweilige Untertauchen in Wasser aushalten. Zudem verf\u00fcgen sie \u00fcber eine MIL-STD-810G-Zertifizierung und \u00fcberstehen mit der optionalen Schutzh\u00fclle mehrfache St\u00fcrze aus einer H\u00f6he von bis zu 1,5 Metern problemlos. Temperaturunterschiede von -10 bis 50 \u00b0C w\u00e4hrend dem Betrieb und Lagertemperaturen von -40 bis 70 \u00b0C stecken sie ebenfalls locker weg.<\/p>\n<p>F\u00fcr noch mehr M\u00f6glichkeiten und eine erweiterte Leistung greifen die Mobilcomputer auf die Tools der Zebra \u00bbMobility DNA\u00ab zur\u00fcck. Dazu geh\u00f6ren \u00bbDataWedge\u00ab zum Erfassen und automatischen Formatieren von Barcodes, Fotos und NFC-Daten, \u00bbStageNow\u00ab zum Einstellen und Konfigurieren hunderter Ger\u00e4te gleichzeitig, \u00bbDevice Diagnostics\u00ab zum selber testen, ob der Mobilcomputer repariert werden sollte und viele mehr. Standardm\u00e4\u00dfig hat jeder EC50\/EC55 \u00bbLifeguard f\u00fcr Android\u00ab f\u00fcr mehr Sicherheitsoptionen installiert.<\/p>\n<p><a href=\"https:\/\/www.highway-gmbh.de\/wp-content\/uploads\/zebra_ec50.pdf\">Datenblatt Zebra CE50<\/a><\/p>\n","protected":false},"excerpt":{"rendered":"<ul>\n<li>Android-Mobilcomputer im schlanken Smartphone-Design<\/li>\n<li>Kapazitives 5&#8243;-Multitouch-Display mit Corning Gorilla Glass<\/li>\n<li>3.060 mAh Akku f\u00fcr bis zu 10 Stunden Einsatzbereitschaft<\/li>\n<li>Omnidirektionaler 2D-Scanner mit SE4100 Scan-Modul (optional)<\/li>\n<li>Unterst\u00fctzen Tools der Zebra \u00bbMobility DNA\u00ab<\/li>\n<\/ul>\n","protected":false},"featured_media":1535,"template":"page-sidebar-left.php","meta":[],"product_brand":[],"product_cat":[99],"product_tag":[85,101,102],"class_list":{"0":"post-1534","1":"product","2":"type-product","3":"status-publish","4":"has-post-thumbnail","6":"product_cat-zebra-mdes","7":"product_tag-android","8":"product_tag-ec50","9":"product_tag-ec55","11":"first","12":"instock","13":"virtual","14":"product-type-simple"},"translation":{"provider":"WPGlobus","version":"3.0.2","language":"en","enabled_languages":["de","en"],"languages":{"de":{"title":true,"content":true,"excerpt":true},"en":{"title":false,"content":false,"excerpt":false}}},"_links":{"self":[{"href":"https:\/\/www.highway-gmbh.de\/en\/wp-json\/wp\/v2\/product\/1534","targetHints":{"allow":["GET"]}}],"collection":[{"href":"https:\/\/www.highway-gmbh.de\/en\/wp-json\/wp\/v2\/product"}],"about":[{"href":"https:\/\/www.highway-gmbh.de\/en\/wp-json\/wp\/v2\/types\/product"}],"wp:featuredmedia":[{"embeddable":true,"href":"https:\/\/www.highway-gmbh.de\/en\/wp-json\/wp\/v2\/media\/1535"}],"wp:attachment":[{"href":"https:\/\/www.highway-gmbh.de\/en\/wp-json\/wp\/v2\/media?parent=1534"}],"wp:term":[{"taxonomy":"product_brand","embeddable":true,"href":"https:\/\/www.highway-gmbh.de\/en\/wp-json\/wp\/v2\/product_brand?post=1534"},{"taxonomy":"product_cat","embeddable":true,"href":"https:\/\/www.highway-gmbh.de\/en\/wp-json\/wp\/v2\/product_cat?post=1534"},{"taxonomy":"product_tag","embeddable":true,"href":"https:\/\/www.highway-gmbh.de\/en\/wp-json\/wp\/v2\/product_tag?post=1534"}],"curies":[{"name":"wp","href":"https:\/\/api.w.org\/{rel}","templated":true}]}}