{"id":1531,"date":"2021-08-23T15:00:28","date_gmt":"2021-08-23T13:00:28","guid":{"rendered":"https:\/\/www.highway-gmbh.de\/?post_type=product&#038;p=1531"},"modified":"2023-03-20T11:54:37","modified_gmt":"2023-03-20T10:54:37","slug":"zebra-ec30","status":"publish","type":"product","link":"https:\/\/www.highway-gmbh.de\/en\/produkte\/mdes\/zebra-mdes\/zebra-ec30\/","title":{"rendered":"Zebra EC30"},"content":{"rendered":"<div class=\"headline\">\n<h1 id=\"jt_sr_headline\">Zebra EC30<\/h1>\n<\/div>\n<p>Das Mobilterminal EC30 von Zebra unterst\u00fctzt Android und ist unglaublich kompakt und handlich konzipiert. Es bringt ein Gewicht von gerade einmal 110 Gramm auf die Waage und ist nur 1,4 Zentimeter d\u00fcnn. Dadurch l\u00e4sst es sich unglaublich einfach mitf\u00fchren und problemlos an ein Schl\u00fcsselband, eine Uniform oder ein Armband befestigen \u2013 der perfekte mobile Partner im Einzelhandel oder in der Gastronomie.<\/p>\n<p>Das EC30 wurde speziell f\u00fcr Anwender entwickelt, die stets verbunden sein wollen. Daher bietet es umfassende Sprachfunktionen, wie es auch von Walkie-Talkies bekannt ist und optional ein schnurloses PBX-Mobilteil. Damit lassen sich der Kundenservice und die innerbetriebliche Kommunikation verbessern und der Umsatz erh\u00f6hen \u2013 Teammitglieder werden sofort erreicht, Kundenfragen schneller beantwortet oder ein Lagerarbeiter benachrichtigt, um einen Artikel in die Verkaufsfl\u00e4che zu bringen.<\/p>\n<p>Eine gute Performance und eine hohe Leistung wird durch die umfangreiche Ausstattung des EC30 gew\u00e4hrleistet. Das 3&#8243;-Farbdisplay eignet sich f\u00fcr s\u00e4mtliche Aufgaben \u2013 von der Abfrage von Artikelpreis und -verf\u00fcgbarkeit bis zur Auff\u00fcllung des Lagerbestands im Einzelhandel \u2013 und l\u00e4sst sich durch seine kapazitive Touch-Technologie mit dem Finger und mit d\u00fcnnen Handschuhen bedienen. Der Qualcomm Octa-Core-Prozessor mit 2,2 GHz sorgt stets f\u00fcr eine hohe Leistungsbereitschaft, mit der 4 GB LPDDR4 RAM und dem 32 GB eMMC Flash steht jederzeit ausreichend Speicherplatz zur Verf\u00fcgung. Mit dem vollst\u00e4ndig aufgeladenen 1200 mAh starken Akku l\u00e4sst sich das Mobilger\u00e4t f\u00fcr eine Schicht von 8 bis 10 Stunden nutzen. Zudem ist das EC30 mit einem integrierten 1D\/2D-Barcodescanner ausgestattet, um Aufgaben noch effizienter zu erledigen \u2013 von der Preispr\u00fcfung \u00fcber die Artikelsuche bis hin zur Zeiterfassung. Auch die Schnittstellen des Mobilger\u00e4tes sorgen f\u00fcr eine zuverl\u00e4ssige Einsatzbereitschaft: USB-C, WLAN (802.11ac) und Bluetooth 5.0 mit BLE.<\/p>\n<p>Der t\u00e4gliche Gebrauch im Einzelhandel oder der Gastronomie erfordert ein widerstandsf\u00e4higes Design \u2013 und genau damit \u00fcberzeugt das EC30. Das Mobilger\u00e4t \u00fcbersteht mehrfache St\u00fcrze aus einer H\u00f6he von bis zu 1,2 Metern und ist gem\u00e4\u00df seiner IP54-Zertifizierung gegen Staubablagerungen und Spritzwasser gesch\u00fctzt. Versch\u00fcttetes Wasser, ein Sturz in eine Pf\u00fctze, ein staubiges Hinterzimmer, Regen oder h\u00e4ufiges Reinigen \u2013 der EC30 \u00fcbersteht alles problemlos.<\/p>\n<p>F\u00fcr einen sehr guten Support und eine einfache Handhabung greift der EC30 auf zahlreiche Serviceangebote der Zebra Mobility DNA zu. Viele Anwendungen sind bereits ab Werk installiert und sofort einsatzbereit. Dazu z\u00e4hlen unter anderem \u00bbLifeGuardTM\u00ab f\u00fcr die t\u00e4gliche Verf\u00fcgbarkeit von Sicherheitsupdates und der Device Tracker f\u00fcr das einfache Wiederfinden verlegter Ger\u00e4te. Weiterhin sind Anwendungsoptionen zur Vermeidung unn\u00f6tiger Reparaturen und Ausfallzeiten oder der Maximierung der Leistung des WiFi-Netzwerkes und noch viele weitere erh\u00e4ltlich.<\/p>\n<h3><a href=\"https:\/\/www.highway-gmbh.de\/wp-content\/uploads\/zebra_ec30.pdf\">Datenblatt Zebra EC30<\/a><\/h3>\n","protected":false},"excerpt":{"rendered":"<ul>\n<li>3&#8243; Android Mobilterminal f\u00fcr Einzelhandel und Gastronomie<\/li>\n<li>Sehr flaches Design: Nur 1,4 cm d\u00fcnn<\/li>\n<li>Cordless Deskphone und PTT f\u00fcr die einfache mobile Kommunikation<\/li>\n<li>Schnittstellen: USB-C, WLAN (802.11ac), Bluetooth 5.0 mit BLE<\/li>\n<li>Zebras Mobility DNA f\u00fcr besseren Support und einfache Handhabung<\/li>\n<\/ul>\n","protected":false},"featured_media":1532,"template":"page-sidebar-left.php","meta":[],"product_brand":[],"product_cat":[37,99],"product_tag":[85,100],"class_list":{"0":"post-1531","1":"product","2":"type-product","3":"status-publish","4":"has-post-thumbnail","6":"product_cat-mdes","7":"product_cat-zebra-mdes","8":"product_tag-android","9":"product_tag-ec30","11":"first","12":"instock","13":"virtual","14":"product-type-simple"},"translation":{"provider":"WPGlobus","version":"3.0.2","language":"en","enabled_languages":["de","en"],"languages":{"de":{"title":true,"content":true,"excerpt":true},"en":{"title":false,"content":false,"excerpt":false}}},"_links":{"self":[{"href":"https:\/\/www.highway-gmbh.de\/en\/wp-json\/wp\/v2\/product\/1531","targetHints":{"allow":["GET"]}}],"collection":[{"href":"https:\/\/www.highway-gmbh.de\/en\/wp-json\/wp\/v2\/product"}],"about":[{"href":"https:\/\/www.highway-gmbh.de\/en\/wp-json\/wp\/v2\/types\/product"}],"wp:featuredmedia":[{"embeddable":true,"href":"https:\/\/www.highway-gmbh.de\/en\/wp-json\/wp\/v2\/media\/1532"}],"wp:attachment":[{"href":"https:\/\/www.highway-gmbh.de\/en\/wp-json\/wp\/v2\/media?parent=1531"}],"wp:term":[{"taxonomy":"product_brand","embeddable":true,"href":"https:\/\/www.highway-gmbh.de\/en\/wp-json\/wp\/v2\/product_brand?post=1531"},{"taxonomy":"product_cat","embeddable":true,"href":"https:\/\/www.highway-gmbh.de\/en\/wp-json\/wp\/v2\/product_cat?post=1531"},{"taxonomy":"product_tag","embeddable":true,"href":"https:\/\/www.highway-gmbh.de\/en\/wp-json\/wp\/v2\/product_tag?post=1531"}],"curies":[{"name":"wp","href":"https:\/\/api.w.org\/{rel}","templated":true}]}}