{"id":1434,"date":"2021-05-28T15:34:22","date_gmt":"2021-05-28T13:34:22","guid":{"rendered":"https:\/\/highwaygmbh.de\/highway\/?post_type=product&#038;p=1434"},"modified":"2021-05-28T15:52:16","modified_gmt":"2021-05-28T13:52:16","slug":"honeywell-ct60","status":"publish","type":"product","link":"https:\/\/www.highway-gmbh.de\/en\/produkte\/mdes\/honeywell-mdes\/honeywell-ct60\/","title":{"rendered":"Honeywell CT60"},"content":{"rendered":"<h3 id=\"jt_sr_subline\">Touch-Mobilcomputer zum Au\u00dfen- und Inneneinsatz<\/h3>\n<p>Mit dem CT60 erwerben Sie den idealen Touch-Mobilcomputer f\u00fcr alle Anwendungen, in denen es auf einen langen Life Cycle ankommt. Er baut auf den Vorz\u00fcgen seines Vorg\u00e4ngers CT50 auf und ist mit dessen Software- und Zubeh\u00f6r-Portfolio kompatibel. Besonders bemerkenswert ist sein Betriebssystem: Ab Werk ist Android 8.1 installiert und wird bis Version R unterst\u00fctzt.<\/p>\n<p>Das Mobilterminal im Smartphone-Design ist in jeder Hinsicht darauf ausgelegt, Mitarbeitern im gesamten Arbeitsalltag als digitaler Assistent zur Seite zu stehen. Seine auf Basis der Honeywell Mobility Edge entwickelte Hardware-Architektur verleiht ihm eine hohe Lebensdauer und zuverl\u00e4ssige Kompatibilit\u00e4t. 3 GB\/4 GB DDR4 RAM und 32 GB Flash-Speicher bieten mehr als ausreichend Rechenpower.<\/p>\n<p>Auch in Sachen Kommunikation und Daten\u00fcbertragung ist stets auf den CT60 Verlass: Er verf\u00fcgt \u00fcber WLAN 802.11 a\/b\/g\/n\/ac und Bluetooth 5.0 sowie 17-Band LTE mit weltweiter Abdeckung. Eine r\u00fcckseitig angebrachte 13 MP-Kamera erweist sich bei der Dokumentation oder dem Einlesen von Barcodes als ausgesprochen hilfreich. Der CT60 ist mit dem Scan Engine N6703 SR\/HD ausgestattet. Optional ist auch eine XP-Version mit FlexRange-Doppellinsen-Imager erh\u00e4ltlich. Diese erfasst Barcodes in einem Bereich zwischen 0,1 und 10,7 Metern. Dadurch scannen Anwender Barcodes problemlos von der anderen Seite des Raumes, sparen einiges an Zeit und steigern ihre Produktivit\u00e4t. 1,5 m Sturzsicherheit, Staub- und Feuchtigkeitsschutz gem\u00e4\u00df IP67 und ein kratzfestes Display aus Gorilla Glas 5, das auch mit polarisierter Sonnenbrille gut lesbar ist, machen den CT60 robust genug f\u00fcr praktisch alle Lager- und Au\u00dfendienst-Eins\u00e4tze.<\/p>\n<h3><a href=\"https:\/\/www.highway-gmbh.de\/wp-content\/uploads\/honeywell_ct60.pdf\">Datenblatt Honeywell CT60<\/a><\/h3>\n","protected":false},"excerpt":{"rendered":"<ul>\n<li>4,7&#8221;-Mobilterminal mit Gorilla Glass 5<\/li>\n<li>Android-Versionen 8.1 bis R<\/li>\n<li>Einheitliche Mobility Edge-Plattform vereinfacht Integration und Wartung<\/li>\n<li>IP67 zertifiziert; optional als Atex Version erh\u00e4ltlich<\/li>\n<li>WLAN 802.11 a\/b\/g\/n\/ac, Bluetooth 5.0, LTE, Scan Engine N6703 SR\/HD<\/li>\n<\/ul>\n","protected":false},"featured_media":1435,"template":"page-sidebar-left.php","meta":[],"product_brand":[],"product_cat":[89,37],"product_tag":[91],"class_list":{"0":"post-1434","1":"product","2":"type-product","3":"status-publish","4":"has-post-thumbnail","6":"product_cat-honeywell-mdes","7":"product_cat-mdes","8":"product_tag-ct60","10":"first","11":"instock","12":"virtual","13":"product-type-simple"},"translation":{"provider":"WPGlobus","version":"3.0.2","language":"en","enabled_languages":["de","en"],"languages":{"de":{"title":true,"content":true,"excerpt":true},"en":{"title":false,"content":false,"excerpt":false}}},"_links":{"self":[{"href":"https:\/\/www.highway-gmbh.de\/en\/wp-json\/wp\/v2\/product\/1434","targetHints":{"allow":["GET"]}}],"collection":[{"href":"https:\/\/www.highway-gmbh.de\/en\/wp-json\/wp\/v2\/product"}],"about":[{"href":"https:\/\/www.highway-gmbh.de\/en\/wp-json\/wp\/v2\/types\/product"}],"wp:featuredmedia":[{"embeddable":true,"href":"https:\/\/www.highway-gmbh.de\/en\/wp-json\/wp\/v2\/media\/1435"}],"wp:attachment":[{"href":"https:\/\/www.highway-gmbh.de\/en\/wp-json\/wp\/v2\/media?parent=1434"}],"wp:term":[{"taxonomy":"product_brand","embeddable":true,"href":"https:\/\/www.highway-gmbh.de\/en\/wp-json\/wp\/v2\/product_brand?post=1434"},{"taxonomy":"product_cat","embeddable":true,"href":"https:\/\/www.highway-gmbh.de\/en\/wp-json\/wp\/v2\/product_cat?post=1434"},{"taxonomy":"product_tag","embeddable":true,"href":"https:\/\/www.highway-gmbh.de\/en\/wp-json\/wp\/v2\/product_tag?post=1434"}],"curies":[{"name":"wp","href":"https:\/\/api.w.org\/{rel}","templated":true}]}}