{"id":1431,"date":"2021-05-28T15:27:51","date_gmt":"2021-05-28T13:27:51","guid":{"rendered":"https:\/\/highwaygmbh.de\/highway\/?post_type=product&#038;p=1431"},"modified":"2023-03-29T09:52:22","modified_gmt":"2023-03-29T07:52:22","slug":"honeywell-ct40-xp","status":"publish","type":"product","link":"https:\/\/www.highway-gmbh.de\/en\/produkte\/mdes\/honeywell-mdes\/honeywell-ct40-xp\/","title":{"rendered":"Honeywell CT40 XP"},"content":{"rendered":"<h1>Honeywell CT40 XP<\/h1>\n<h2 id=\"jt_sr_subline\">Zukunftssicherer Mobilcomputer mit vielen Funktionen<\/h2>\n<p>Der Honeywell Mobilcomputer CT40 XP ist als Mitglied der Mobility Edge Plattform eine zukunftssichere Investition. Honeywell hat ihn f\u00fcr mobile Mitarbeiter konzipiert. Er \u00fcberzeugt mit einer starken Leistung und ist \u00e4u\u00dferst vielseitig einsetzbar in Einzelhandel, Lieferketten, Logistik und Lagerh\u00e4usern. Ausgestattet mit der neuesten FlexRange-Scantechnologie von Honeywell erfasst der CT40 XP Barcodes aus Distanzen von wenigen Zentimetern ebenso zuverl\u00e4ssig und zielgenau wie aus bis zu 10 m Entfernung.<\/p>\n<p>Auf der Vorderseite ist der Mobilcomputer mit einer 8-Megapixel-Autofokuskamera ausgestattet, r\u00fcckseitig hat er eine 13-Megapixel-Kamera f\u00fcr Videokonferenzen, Ferninspektionen und mehr. Sein 5&#8243;-Full-HD-Touchscreen mit Gorilla Glass 5 zeigt Inhalte stets brillant an und sch\u00fctzt gleichzeitig den Bildschirm vor Abnutzung und Verschlei\u00df. Das CT40 XP verf\u00fcgt \u00fcber einen leistungsstarken 2,2 GHz Qualcomm Snapdragon 660-Octa-Core-Prozessor und ist mit dem upgradef\u00e4higen Betriebssystem Android 9.1 (aufr\u00fcstbar \u00fcber Android 11) ausgestattet \u2013 das sorgt f\u00fcr Investitionssicherheit.<\/p>\n<p>Ausfallzeiten, die durch falsch platzierte Ger\u00e4te verursacht werden, kosten nicht nur Zeit und Geld, sondern erh\u00f6hen auch das Risiko, dass wichtige Gesch\u00e4ftsinformationen verloren gehen. Das CT40 XP ist mit einer Ger\u00e4tefinder-Funktion ausgestattet, mit der verloren gegangene CT40 XP Mobilcomputer leicht lokalisiert werden, selbst wenn der Akku leer ist \u2013 auch dies erh\u00f6ht den Investitionsschutz und die Betriebseffizienz.<\/p>\n<p>Um Ausfallzeiten auf ein Minimum zu reduzieren, ist der leistungsstarke 4.020 Lithium-Ionen-Warm-Swap-Akku austauschbar und bietet bis zu 12 Stunden Betriebszeit. Der CT40 XP ist nach IP65\/67 zum Schutz gegen Feuchtigkeit und Staub zertifiziert. Er ist aus 1,2 m H\u00f6he sturzsicher auf Beton und erf\u00fcllt mit dem optionalen Schutzdeckel die MIL-STD-810G-Normen<\/p>\n<h3><a href=\"https:\/\/www.highway-gmbh.de\/wp-content\/uploads\/honeywell_ct40xp.pdf\">Datenblatt Honeywell CT40 XP<\/a><\/h3>\n","protected":false},"excerpt":{"rendered":"<ul>\n<li>Enterprise Mobilcomputer mit 5&#8243;-Touchscreen<\/li>\n<li>FlexRange-Scantechnologie<\/li>\n<li>Mobility Edge-Plattform (upgradef\u00e4hig bis Android 11)<\/li>\n<li>Warm-Swap-Akku mit 12 Stunden Betriebszeit)<\/li>\n<li>\u00bbFind my device\u00ab-Software f\u00fcr verloren gegangene Ger\u00e4te<\/li>\n<\/ul>\n","protected":false},"featured_media":1432,"template":"page-sidebar-left.php","meta":[],"product_brand":[],"product_cat":[89,37],"product_tag":[92],"class_list":{"0":"post-1431","1":"product","2":"type-product","3":"status-publish","4":"has-post-thumbnail","6":"product_cat-honeywell-mdes","7":"product_cat-mdes","8":"product_tag-ct40xp","10":"first","11":"instock","12":"virtual","13":"product-type-simple"},"translation":{"provider":"WPGlobus","version":"3.0.2","language":"en","enabled_languages":["de","en"],"languages":{"de":{"title":true,"content":true,"excerpt":true},"en":{"title":false,"content":false,"excerpt":false}}},"_links":{"self":[{"href":"https:\/\/www.highway-gmbh.de\/en\/wp-json\/wp\/v2\/product\/1431","targetHints":{"allow":["GET"]}}],"collection":[{"href":"https:\/\/www.highway-gmbh.de\/en\/wp-json\/wp\/v2\/product"}],"about":[{"href":"https:\/\/www.highway-gmbh.de\/en\/wp-json\/wp\/v2\/types\/product"}],"wp:featuredmedia":[{"embeddable":true,"href":"https:\/\/www.highway-gmbh.de\/en\/wp-json\/wp\/v2\/media\/1432"}],"wp:attachment":[{"href":"https:\/\/www.highway-gmbh.de\/en\/wp-json\/wp\/v2\/media?parent=1431"}],"wp:term":[{"taxonomy":"product_brand","embeddable":true,"href":"https:\/\/www.highway-gmbh.de\/en\/wp-json\/wp\/v2\/product_brand?post=1431"},{"taxonomy":"product_cat","embeddable":true,"href":"https:\/\/www.highway-gmbh.de\/en\/wp-json\/wp\/v2\/product_cat?post=1431"},{"taxonomy":"product_tag","embeddable":true,"href":"https:\/\/www.highway-gmbh.de\/en\/wp-json\/wp\/v2\/product_tag?post=1431"}],"curies":[{"name":"wp","href":"https:\/\/api.w.org\/{rel}","templated":true}]}}