{"id":1428,"date":"2021-05-28T15:21:05","date_gmt":"2021-05-28T13:21:05","guid":{"rendered":"https:\/\/highwaygmbh.de\/highway\/?post_type=product&#038;p=1428"},"modified":"2023-03-29T10:35:09","modified_gmt":"2023-03-29T08:35:09","slug":"honeywell-scanpal-eda61k","status":"publish","type":"product","link":"https:\/\/www.highway-gmbh.de\/en\/produkte\/mdes\/honeywell-mdes\/honeywell-scanpal-eda61k\/","title":{"rendered":"Honeywell ScanPal EDA61K"},"content":{"rendered":"<h1>Honeywell ScanPal EDA61K<\/h1>\n<h2 id=\"jt_sr_subline\">Mobil durch den gesamten Arbeitstag<\/h2>\n<p>Der robuste Android-Mobilcomputer Honeywell ScanPal EDA61K mit 4&#8243;-Multi-Touch-Display wurde gezielt f\u00fcr die anspruchsvollen Arbeitsbereiche von Lager, Logistik und Einzelhandel entwickelt. F\u00fcr Top-Performance bei jeder Aufgabe sorgen der leistungsstarke Qualcomm SDM450 1,8 GHz Octa-Core-Prozessor und der 3 GB gro\u00dfe Arbeits- sowie der 32 GB gro\u00dfe Flash-Speicher. Der 7.000 mAh starker Hot-Swap-Akku des Mobilcomputers h\u00e4lt bis zu drei Schichten lang durch. Au\u00dferdem l\u00e4sst sich der Mobilcomputer dank seines ergonomischen, ausgewogenen Designs und dem geringen Gewicht von nur rund 460 Gramm bequem den ganzen Tag \u00fcber mitf\u00fchren.<\/p>\n<p>Zur weiteren Ausstattung des ScanPal EDA61K geh\u00f6rt eine 13 MP-Kamera mit Autofokus sowie die Schnittstellen WLAN (802.11ac), Bluetooth 4.2, USB-C, GPS und LTE. Erh\u00e4ltlich ist der Mobilcomputer wahlweise mit einer numerischen (34 Tasten) oder einer alphanumerischen Tastatur (47 Tasten). Zudem sorgen verschiedene Scan-Engines f\u00fcr eine schnelle und pr\u00e4zise Lesereichweite innerhalb weniger Zentimeter bis zu 15 Metern Entfernung. Gem\u00e4\u00df IP65 h\u00e4lt der ScanPal EDA61K auch einiges aus.<\/p>\n<h3><a href=\"https:\/\/www.highway-gmbh.de\/wp-content\/uploads\/honeywell_eda61k.pdf\">Datenblatt ScanPal EDA61K<\/a><\/h3>\n","protected":false},"excerpt":{"rendered":"<ul>\n<li>Android-Mobilcomputer f\u00fcr kleine und mittlere Unternehmen<\/li>\n<li>Pr\u00e4zise Datenerfassung in bis zu 15 Metern Entfernung<\/li>\n<li>1,8 GHz Qualcomm Octa-Core-Prozessor, 7.000 mAh Hot-Swap-Akku<\/li>\n<li>Interface: WLAN (802.11ac), Bluetooth 4.2, USB-C, GPS, LTE<\/li>\n<li>13-Megapixel-Kamera mit Autofokus<\/li>\n<\/ul>\n","protected":false},"featured_media":1429,"template":"page-sidebar-left.php","meta":[],"product_brand":[],"product_cat":[89,37],"product_tag":[93],"class_list":{"0":"post-1428","1":"product","2":"type-product","3":"status-publish","4":"has-post-thumbnail","6":"product_cat-honeywell-mdes","7":"product_cat-mdes","8":"product_tag-scanpal-eda61k","10":"first","11":"instock","12":"virtual","13":"product-type-simple"},"translation":{"provider":"WPGlobus","version":"3.0.2","language":"en","enabled_languages":["de","en"],"languages":{"de":{"title":true,"content":true,"excerpt":true},"en":{"title":false,"content":false,"excerpt":false}}},"_links":{"self":[{"href":"https:\/\/www.highway-gmbh.de\/en\/wp-json\/wp\/v2\/product\/1428","targetHints":{"allow":["GET"]}}],"collection":[{"href":"https:\/\/www.highway-gmbh.de\/en\/wp-json\/wp\/v2\/product"}],"about":[{"href":"https:\/\/www.highway-gmbh.de\/en\/wp-json\/wp\/v2\/types\/product"}],"wp:featuredmedia":[{"embeddable":true,"href":"https:\/\/www.highway-gmbh.de\/en\/wp-json\/wp\/v2\/media\/1429"}],"wp:attachment":[{"href":"https:\/\/www.highway-gmbh.de\/en\/wp-json\/wp\/v2\/media?parent=1428"}],"wp:term":[{"taxonomy":"product_brand","embeddable":true,"href":"https:\/\/www.highway-gmbh.de\/en\/wp-json\/wp\/v2\/product_brand?post=1428"},{"taxonomy":"product_cat","embeddable":true,"href":"https:\/\/www.highway-gmbh.de\/en\/wp-json\/wp\/v2\/product_cat?post=1428"},{"taxonomy":"product_tag","embeddable":true,"href":"https:\/\/www.highway-gmbh.de\/en\/wp-json\/wp\/v2\/product_tag?post=1428"}],"curies":[{"name":"wp","href":"https:\/\/api.w.org\/{rel}","templated":true}]}}