{"id":1422,"date":"2021-05-28T15:01:57","date_gmt":"2021-05-28T13:01:57","guid":{"rendered":"https:\/\/highwaygmbh.de\/highway\/?post_type=product&#038;p=1422"},"modified":"2021-05-28T15:52:16","modified_gmt":"2021-05-28T13:52:16","slug":"honeywell-scanpal-eda51","status":"publish","type":"product","link":"https:\/\/www.highway-gmbh.de\/en\/produkte\/mdes\/honeywell-mdes\/honeywell-scanpal-eda51\/","title":{"rendered":"Honeywell ScanPal EDA51"},"content":{"rendered":"<h3 id=\"jt_sr_subline\">Zukunftsf\u00e4higes Mehrzweck-MDE<\/h3>\n<p>Der Honeywell Full-Touch-Mobilterminal EDA51 ist mit einem 5&#8221;-Multitouch-Display und einem leistungsstarken, austauschbaren Akku ausgestattet \u2013 und damit ideal f\u00fcr kleinere Unternehmen in Einzelhandel, Transport, Logistik und Au\u00dfendienst. Honeywell hat den Full-Touch-Mobilterminal mit dem Betriebssystem Android ausgestattet und unterst\u00fctzt Ihre Kunden mit Support und Updates bis zu den Versionen P und Q. F\u00fcr Ihre Kunden bedeutet das: Viel weniger Aufwand bei der Integration, reduzierte Kosten und mehr Flexibilit\u00e4t. Zudem ist der ScanPal EDA51 mit Zubeh\u00f6r, Akkus und Ladeger\u00e4ten des EDA50 kompatibel.<\/p>\n<p>Dank eines integrierten Barcodescanners mit schneller N6603-Slim Imager-Technologie ist die Erfassung g\u00e4ngiger 1D- und 2D-Barcodes mit dem EDA51 ganz einfach. F\u00fcr eine hervorragende Performance sorgt ein SDM450 Octa-Core-Prozessor mit 1,8 GHz, 2G RAM und ein 16 GB Flashspeicher. Auch die Konnektivit\u00e4t des EDA51 kann sich sehen lassen: WLAN (802.11a\/b\/g\/n\/ac), LTE, GSM &amp; EDGE 2\/3\/5\/8, Bluetooth 4.2, NFC, USB und optionales WWAN. Der Full-Touch-Mobilterminal ist nach IP64 zertifiziert und aus 1,2 m sturzsicher.<\/p>\n<h3><a href=\"https:\/\/www.highway-gmbh.de\/wp-content\/uploads\/honeywell_scanpal_EDA51.pdf\">Datenblatt Scanpal EDA51<\/a><\/h3>\n","protected":false},"excerpt":{"rendered":"<ul>\n<li>Full-Touch-Mobilterminal mit sehr gutem Preis-Leistungsverh\u00e4ltnis<\/li>\n<li>Betriebssystem Android, von Honeywell unterst\u00fctzt bis Version P und Q<\/li>\n<li>Helles 5&#8221;-Multitouch-Display<\/li>\n<li>Integrierter Scanner f\u00fcr 1D- und 2D-Barcodes<\/li>\n<li>IP64 zertifiziert\/1,2m sturzsicher<\/li>\n<\/ul>\n","protected":false},"featured_media":1423,"template":"page-sidebar-left.php","meta":[],"product_brand":[],"product_cat":[89,37],"product_tag":[],"class_list":{"0":"post-1422","1":"product","2":"type-product","3":"status-publish","4":"has-post-thumbnail","6":"product_cat-honeywell-mdes","7":"product_cat-mdes","9":"first","10":"instock","11":"virtual","12":"product-type-simple"},"translation":{"provider":"WPGlobus","version":"3.0.2","language":"en","enabled_languages":["de","en"],"languages":{"de":{"title":true,"content":true,"excerpt":true},"en":{"title":false,"content":false,"excerpt":false}}},"_links":{"self":[{"href":"https:\/\/www.highway-gmbh.de\/en\/wp-json\/wp\/v2\/product\/1422","targetHints":{"allow":["GET"]}}],"collection":[{"href":"https:\/\/www.highway-gmbh.de\/en\/wp-json\/wp\/v2\/product"}],"about":[{"href":"https:\/\/www.highway-gmbh.de\/en\/wp-json\/wp\/v2\/types\/product"}],"wp:featuredmedia":[{"embeddable":true,"href":"https:\/\/www.highway-gmbh.de\/en\/wp-json\/wp\/v2\/media\/1423"}],"wp:attachment":[{"href":"https:\/\/www.highway-gmbh.de\/en\/wp-json\/wp\/v2\/media?parent=1422"}],"wp:term":[{"taxonomy":"product_brand","embeddable":true,"href":"https:\/\/www.highway-gmbh.de\/en\/wp-json\/wp\/v2\/product_brand?post=1422"},{"taxonomy":"product_cat","embeddable":true,"href":"https:\/\/www.highway-gmbh.de\/en\/wp-json\/wp\/v2\/product_cat?post=1422"},{"taxonomy":"product_tag","embeddable":true,"href":"https:\/\/www.highway-gmbh.de\/en\/wp-json\/wp\/v2\/product_tag?post=1422"}],"curies":[{"name":"wp","href":"https:\/\/api.w.org\/{rel}","templated":true}]}}