{"id":1419,"date":"2021-05-28T14:50:21","date_gmt":"2021-05-28T12:50:21","guid":{"rendered":"https:\/\/highwaygmbh.de\/highway\/?post_type=product&#038;p=1419"},"modified":"2021-05-28T15:52:16","modified_gmt":"2021-05-28T13:52:16","slug":"honeywell-ck65","status":"publish","type":"product","link":"https:\/\/www.highway-gmbh.de\/en\/produkte\/mdes\/honeywell-mdes\/honeywell-ck65\/","title":{"rendered":"Honeywell CK65"},"content":{"rendered":"<h3 id=\"jt_sr_subline\">Robuster Mobilcomputer f\u00fcr mehr Effizienz bei jedem Job<\/h3>\n<p>Der zuverl\u00e4ssige und robuste Mobilcomputer CK65 wurde von Honeywell f\u00fcr anspruchsvolle Aufgaben in Lager, Transport und Logistik konzipiert. Das Android Betriebssystem des CK65 erh\u00e4lt \u00fcber die Mobility Edge Support f\u00fcr vier Android Generationen, beginnend mit Android 8, f\u00fcr einen l\u00e4ngeren Lebenszyklus. Sicherheitsupdates gibt es zus\u00e4tzlich noch f\u00fcnf Jahre l\u00e4nger \u00fcber Honeywell Sentinel. Zudem ist er in drei dezidierten Modellen erh\u00e4ltlich: Standard, K\u00fchlhaus und Gefahrgut (NI- und ATEX-zertifiziert).<\/p>\n<p>Neben dem gro\u00dfen 4&#8243;-Bright Color-LCD-Touchscreen, ist das CK65 mit einem numerischen Tastenfeld mit 38 Tasten (f\u00fcr flexiblere Benutzereingaben auch alphanumerisch mit 51 Tasten) ausgestattet. F\u00fcr eine ausgezeichnete Performance sorgen ein 2,2 GHz Qualcomm Snapdragon Octa-Core-Prozessor, 2 GB\/4 GB DDR4 RAM und 32 GB Flashspeicher. Dank WLAN (802.11a\/b\/g\/n\/ac, 2&#215;2 MIMO), Bluetooth 5.0 und NFC geht auch das anschlie\u00dfende Versenden an die Zentrale ganz schnell. Au\u00dferdem ist der CK65 mit einem zukunftsweisenden FlexRange-Scanner ausgestattet, der Barcodes aus 0,15 Metern ebenso gut erfasst wie aus 15,2 Metern.<\/p>\n<p>Die Akkuleistung liegt bei beachtlichen 7000 mAh \u2013 das sind bis zu 28 Stunden Leistung oder drei Schichten hintereinander! Zus\u00e4tzlich erm\u00f6glicht die Hot-Swap-Technologie, leere Akkus zu ersetzen, ohne dass der Mobilcomputer zuvor ausgeschaltet werden muss \u2013 das verringert die Ausfallzeiten und erh\u00f6ht gleichzeitig die Produktivit\u00e4t. Der CK65 ist zudem robust genug, um auch in schwierigen Umgebungen eingesetzt zu werden. Er hat eine IP65- oder sogar IP68-Zertifizierung gegen Staub und Wasser, ist MIL-STD-810G getestet und sturzsicher aus bis zu 3 Metern H\u00f6he auf Beton.<\/p>\n<h3><a href=\"https:\/\/www.highway-gmbh.de\/wp-content\/uploads\/honeywell_ck65.pdf\">Datenblatt Honeywell CK65<\/a><\/h3>\n","protected":false},"excerpt":{"rendered":"<ul>\n<li>4&#8243;-Bright Color-LCD-Touchscreen<\/li>\n<li>Android Betriebssystem (Mitglied der Honeywell Mobility Edge)<\/li>\n<li>1D-\/2D-Imager (0,15 m bis 15,2 m)<\/li>\n<li>2,2 GHz Octa-Core-Prozessor, 2 GB\/4 GB DDR4 RAM, 32 GB Flash<\/li>\n<li>WLAN (802.11a\/b\/g\/n\/ac, 2&#215;2 MIMO), Bluetooth, NFC<\/li>\n<\/ul>\n","protected":false},"featured_media":1420,"template":"page-sidebar-left.php","meta":[],"product_brand":[],"product_cat":[89,37],"product_tag":[95],"class_list":{"0":"post-1419","1":"product","2":"type-product","3":"status-publish","4":"has-post-thumbnail","6":"product_cat-honeywell-mdes","7":"product_cat-mdes","8":"product_tag-ck65","10":"first","11":"instock","12":"virtual","13":"product-type-simple"},"translation":{"provider":"WPGlobus","version":"3.0.2","language":"en","enabled_languages":["de","en"],"languages":{"de":{"title":true,"content":true,"excerpt":true},"en":{"title":false,"content":false,"excerpt":false}}},"_links":{"self":[{"href":"https:\/\/www.highway-gmbh.de\/en\/wp-json\/wp\/v2\/product\/1419","targetHints":{"allow":["GET"]}}],"collection":[{"href":"https:\/\/www.highway-gmbh.de\/en\/wp-json\/wp\/v2\/product"}],"about":[{"href":"https:\/\/www.highway-gmbh.de\/en\/wp-json\/wp\/v2\/types\/product"}],"wp:featuredmedia":[{"embeddable":true,"href":"https:\/\/www.highway-gmbh.de\/en\/wp-json\/wp\/v2\/media\/1420"}],"wp:attachment":[{"href":"https:\/\/www.highway-gmbh.de\/en\/wp-json\/wp\/v2\/media?parent=1419"}],"wp:term":[{"taxonomy":"product_brand","embeddable":true,"href":"https:\/\/www.highway-gmbh.de\/en\/wp-json\/wp\/v2\/product_brand?post=1419"},{"taxonomy":"product_cat","embeddable":true,"href":"https:\/\/www.highway-gmbh.de\/en\/wp-json\/wp\/v2\/product_cat?post=1419"},{"taxonomy":"product_tag","embeddable":true,"href":"https:\/\/www.highway-gmbh.de\/en\/wp-json\/wp\/v2\/product_tag?post=1419"}],"curies":[{"name":"wp","href":"https:\/\/api.w.org\/{rel}","templated":true}]}}