{"id":1410,"date":"2021-05-28T14:27:55","date_gmt":"2021-05-28T12:27:55","guid":{"rendered":"https:\/\/highwaygmbh.de\/highway\/?post_type=product&#038;p=1410"},"modified":"2021-05-28T15:52:16","modified_gmt":"2021-05-28T13:52:16","slug":"datalogic-joya-touch-a6","status":"publish","type":"product","link":"https:\/\/www.highway-gmbh.de\/en\/produkte\/mdes\/datalogic-mdes\/datalogic-joya-touch-a6\/","title":{"rendered":"Datalogic Joya Touch A6"},"content":{"rendered":"<h3 id=\"jt_sr_subline\">Individuell anpassbares Multitalent<\/h3>\n<p>Der Datalogic Joya Touch A6 ist ein zuverl\u00e4ssiges 4,3&#8243;-Mobilterminal f\u00fcr den Einzelhandel und den Einsatz im Self-Shopping-Center. Er ist erh\u00e4ltlich im Handheld-Design oder mit ergonomischem Pistolengriff, je nachdem, in welchem Bereich er verwendet wird. Der Wechsel von einer Version zur anderen ist sehr einfach und m\u00fchelos.<\/p>\n<p>Der integrierte 2D-Imager liest alle g\u00e4ngigen 1D- und 2D-Codes sowie Digimarc Watermark-Barcodes (bei roter Hintergrundbeleuchtung). Mit der Datalogic Softspot-Technologie wird das Scannen noch einfacher und Datalogics patentierter \u00bbGreen Spot\u00ab sorgt f\u00fcr eine visuelle Lesebest\u00e4tigung. Das Android-Betriebssystem ist upgradef\u00e4hig und bietet eine intuitive und benutzerfreundliche Nutzung. Der Joya Touch A6 verf\u00fcgt \u00fcber 2 GB RAM und 16 GB Flash-Speicher sowie einen Qualcomm Snapdragon Quad-Core-Prozessor mit 1 GHz. F\u00fcr einen schnellen Datentransfer sorgen VoIP, WLAN 802.11a\/b\/g\/n (Cisco CCX v4-kompatibel) und Bluetooth 4.0 sowie eine NFC-Verbindung. Die kabellose Ladestation reduziert den Wartungs- und Reinigungsbedarf auf ein Minimum und erh\u00f6ht die Lebensspanne des Ger\u00e4tes.<\/p>\n<p>Hinzu kommt: Selbst, wenn der Joya Touch A6 vollst\u00e4ndig geleert ist, braucht es nur 2 Stunden, um den Akku wieder komplett aufzuladen. Die Ladestationen sind sowohl mit der Handheld- als auch mit der Pistolengriff-Version des Joya Touch A6 kompatibel, sodass die Ger\u00e4te einfach nur abgestellt werden. Optional erh\u00e4ltliche Mehrfach-Ladeger\u00e4te \u2013 zum Aufstellen oder zur Wandmontage \u2013 helfen bei der Organisation noch effizienterer Einsatzzyklen.<\/p>\n<h3><a href=\"https:\/\/www.highway-gmbh.de\/wp-content\/uploads\/DS-JOYATOUCH-A6-DE-HR.pdf\">Datenblatt JOYATOUCH A6<\/a><\/h3>\n<h3><a href=\"https:\/\/www.highway-gmbh.de\/wp-content\/uploads\/DS-JOYA-TOUCH-A6-HC-DE.pdf\">Datenblatt JOYATOUCH A6 Healthcare-Version<\/a><\/h3>\n","protected":false},"excerpt":{"rendered":"<ul>\n<li>Full-Touch-Mobilterminal f\u00fcr den Einzelhandel<\/li>\n<li>2D-Area-Imager mit wahlweise roter oder wei\u00dfer Hintergrundbeleuchtung<\/li>\n<li>Zukunftsorientiert dank Android-Betriebssystem<\/li>\n<li>Ein- und Dreifach-Ladestationen erm\u00f6glichen kabelloses Laden<\/li>\n<li>Verschiedene Formfaktoren: Handheld oder Gun-Version<\/li>\n<\/ul>\n","protected":false},"featured_media":1414,"template":"page-sidebar-left.php","meta":[],"product_brand":[],"product_cat":[44,37],"product_tag":[85,53,88],"class_list":{"0":"post-1410","1":"product","2":"type-product","3":"status-publish","4":"has-post-thumbnail","6":"product_cat-datalogic-mdes","7":"product_cat-mdes","8":"product_tag-android","9":"product_tag-datalogic","10":"product_tag-joya-touch-a6","12":"first","13":"instock","14":"virtual","15":"product-type-simple"},"translation":{"provider":"WPGlobus","version":"3.0.2","language":"en","enabled_languages":["de","en"],"languages":{"de":{"title":true,"content":true,"excerpt":true},"en":{"title":false,"content":false,"excerpt":false}}},"_links":{"self":[{"href":"https:\/\/www.highway-gmbh.de\/en\/wp-json\/wp\/v2\/product\/1410","targetHints":{"allow":["GET"]}}],"collection":[{"href":"https:\/\/www.highway-gmbh.de\/en\/wp-json\/wp\/v2\/product"}],"about":[{"href":"https:\/\/www.highway-gmbh.de\/en\/wp-json\/wp\/v2\/types\/product"}],"wp:featuredmedia":[{"embeddable":true,"href":"https:\/\/www.highway-gmbh.de\/en\/wp-json\/wp\/v2\/media\/1414"}],"wp:attachment":[{"href":"https:\/\/www.highway-gmbh.de\/en\/wp-json\/wp\/v2\/media?parent=1410"}],"wp:term":[{"taxonomy":"product_brand","embeddable":true,"href":"https:\/\/www.highway-gmbh.de\/en\/wp-json\/wp\/v2\/product_brand?post=1410"},{"taxonomy":"product_cat","embeddable":true,"href":"https:\/\/www.highway-gmbh.de\/en\/wp-json\/wp\/v2\/product_cat?post=1410"},{"taxonomy":"product_tag","embeddable":true,"href":"https:\/\/www.highway-gmbh.de\/en\/wp-json\/wp\/v2\/product_tag?post=1410"}],"curies":[{"name":"wp","href":"https:\/\/api.w.org\/{rel}","templated":true}]}}