{"id":1404,"date":"2021-05-28T14:21:54","date_gmt":"2021-05-28T12:21:54","guid":{"rendered":"https:\/\/highwaygmbh.de\/highway\/?post_type=product&#038;p=1404"},"modified":"2021-05-28T15:52:16","modified_gmt":"2021-05-28T13:52:16","slug":"datalogic-joya-touch","status":"publish","type":"product","link":"https:\/\/www.highway-gmbh.de\/en\/produkte\/mdes\/datalogic-mdes\/datalogic-joya-touch\/","title":{"rendered":"Datalogic Joya Touch"},"content":{"rendered":"<h3 id=\"jt_sr_subline\">Self-Shopping Multifunktionstalent<\/h3>\n<p>Das Multitalent Datalogic Joya Touch ist als Fulltouch-MDE auf ein optimales Self-Shopping-Einkaufserlebnis ausgelegt. Das 4,3&#8221;-Fulltouchdisplay mit heller LED-Hintergrundbeleuchtung ist perfekt f\u00fcr eine \u00fcbersichtliche Navigation beim Einkaufen. Der integrierte 1D- und 2D-Barcodescanner liefert mit einmaliger Erfassung eines EAN-Barcodes detaillierte Informationen zum Produkt.<\/p>\n<p>Der Joya Touch unterst\u00fctzt die Beacon-Technologie. Damit werden Ger\u00e4t und Kunde w\u00e4hrend des Einkaufs lokalisiert und H\u00e4ndler erhalten die Chance, dem Konsumenten passenden Content in Echtzeit zu liefern \u2013 Coupons und Rabattmarken werden direkt auf dem Ger\u00e4t angezeigt. Durch die praktischen Beacon-Sender wird der Kunde sogar anhand seiner Einkaufsliste direkt zu den ben\u00f6tigten Produkten gef\u00fchrt. Integrierte Bluetooth Low Energy und Bluetooth 4.0 Verbindung unterst\u00fctzen den Austausch von Informationen oder als kabellose Verbindung zum mobilen Bondrucker. Der Joya Touch nutzt als Betriebssystem Touch Windows Embedded Compact 7 Professional. Zudem ist er auch als Gun-Version erh\u00e4ltlich.<\/p>\n<h3><a href=\"https:\/\/www.highway-gmbh.de\/wp-content\/uploads\/DS-JOYATOUCH-DE-HR.pdf\">Datenblatt JOYA TOUCH<\/a><\/h3>\n","protected":false},"excerpt":{"rendered":"<ul>\n<li>Allzweck-Mobilterminal f\u00fcr den Einzelhandel<\/li>\n<li>Gro\u00dfes 4,3&#8221;-Fulltouchdisplay mit heller LED-Hintergrundbeleuchtung und Gorilla Glass 3<\/li>\n<li>15 Minuten laden, 80 Minuten nutzen \u2013 dank innovativer Ladeboost-Funktion<\/li>\n<li>Erh\u00e4ltlich in der praktischen Bulk- oder als ergonomische Gun-Version<\/li>\n<li>Unterst\u00fctzt Beacon zur In-Haus-Lokalisierung in Echtzeit<\/li>\n<\/ul>\n","protected":false},"featured_media":1408,"template":"page-sidebar-left.php","meta":[],"product_brand":[],"product_cat":[44,37],"product_tag":[85,53,87],"class_list":{"0":"post-1404","1":"product","2":"type-product","3":"status-publish","4":"has-post-thumbnail","6":"product_cat-datalogic-mdes","7":"product_cat-mdes","8":"product_tag-android","9":"product_tag-datalogic","10":"product_tag-joya-touch","12":"first","13":"instock","14":"virtual","15":"product-type-simple"},"translation":{"provider":"WPGlobus","version":"3.0.2","language":"en","enabled_languages":["de","en"],"languages":{"de":{"title":true,"content":true,"excerpt":true},"en":{"title":false,"content":false,"excerpt":false}}},"_links":{"self":[{"href":"https:\/\/www.highway-gmbh.de\/en\/wp-json\/wp\/v2\/product\/1404","targetHints":{"allow":["GET"]}}],"collection":[{"href":"https:\/\/www.highway-gmbh.de\/en\/wp-json\/wp\/v2\/product"}],"about":[{"href":"https:\/\/www.highway-gmbh.de\/en\/wp-json\/wp\/v2\/types\/product"}],"wp:featuredmedia":[{"embeddable":true,"href":"https:\/\/www.highway-gmbh.de\/en\/wp-json\/wp\/v2\/media\/1408"}],"wp:attachment":[{"href":"https:\/\/www.highway-gmbh.de\/en\/wp-json\/wp\/v2\/media?parent=1404"}],"wp:term":[{"taxonomy":"product_brand","embeddable":true,"href":"https:\/\/www.highway-gmbh.de\/en\/wp-json\/wp\/v2\/product_brand?post=1404"},{"taxonomy":"product_cat","embeddable":true,"href":"https:\/\/www.highway-gmbh.de\/en\/wp-json\/wp\/v2\/product_cat?post=1404"},{"taxonomy":"product_tag","embeddable":true,"href":"https:\/\/www.highway-gmbh.de\/en\/wp-json\/wp\/v2\/product_tag?post=1404"}],"curies":[{"name":"wp","href":"https:\/\/api.w.org\/{rel}","templated":true}]}}