{"id":1395,"date":"2021-05-28T14:16:17","date_gmt":"2021-05-28T12:16:17","guid":{"rendered":"https:\/\/highwaygmbh.de\/highway\/?post_type=product&#038;p=1395"},"modified":"2021-05-28T15:52:16","modified_gmt":"2021-05-28T13:52:16","slug":"datalogic-skorpio-x5","status":"publish","type":"product","link":"https:\/\/www.highway-gmbh.de\/en\/produkte\/mdes\/datalogic-mdes\/datalogic-skorpio-x5\/","title":{"rendered":"Datalogic Skorpio X5"},"content":{"rendered":"<h3 id=\"jt_sr_subline\">Leistungsstarker Android-Mobilcomputer f\u00fcr die Industrie<\/h3>\n<p>Mit dem kompakten Skorpio X5 bringt Datalogic die n\u00e4chste leistungsstarke Generation der Tasten-Mobilcomputer auf den Markt. Genau wie seine Vorg\u00e4nger kombiniert er ein ergonomisches sowie robustes Geh\u00e4use im \u00c4u\u00dferen mit einer leistungsstarken Hardware im Inneren. Das macht ihn zum idealen Partner f\u00fcr die abwechslungsreichen T\u00e4tigkeiten in der rauen Arbeitsumgebung von Transport und Logistik, Fertigung und Industrie.<\/p>\n<p>Als Betriebssystem nutzt der Skorpio X5 Android ab Version 10. Es hat umfangreiche Funktionen, eine einfache Bedienoberfl\u00e4che, die sich intuitiv bedienen l\u00e4sst. Dies hat den Vorteil, dass die Einarbeitungszeit von neuen Mitarbeitern sp\u00fcrbar reduziert und die Produktivit\u00e4t damit erh\u00f6ht wird.<\/p>\n<p>Datalogic legt bei der Konzeption seiner Ger\u00e4te gro\u00dfen Wert auf eine umfangreiche Ausstattung. Daher greift der Skorpio X5 auf aktuelle Technologien und eine ausgesprochen leistungsstarke Hardware zu. Sein auffallend gro\u00dfes 4,3&#8243;-Display mit Wide Video Graphics Adapter (WVGA) gew\u00e4hrleistet eine hohe Lesbarkeit f\u00fcr funktionsreiche Anwendungen und verschiedene Lichtverh\u00e4ltnisse: Es l\u00e4sst sich sowohl in Innenr\u00e4umen als auch im Au\u00dfenbereich jederzeit gut ablesen.<\/p>\n<p>Bedient wird der Mobilcomputer \u00fcber die Tastatur unterhalb des Displays. Es stehen drei verschiedene Tastaturlayouts zur Auswahl: numerisch mit 28 Tasten, funktional mit 38 Tasten oder alphanumerisch mit 47 Tasten. Zudem bietet der Skorpio X5 zahlreiche Scantasten-Optionen: zwei seitlich, eine mittig, eine im Abzug (Pistolengriff-Version) oder eine unten (Handgriff-Version).<\/p>\n<p>F\u00fcr mehr Power bei der Arbeit sorgen ein 3500 mAh Standard-Akku oder ein erweiterter 6200 mAh Hochleistungsakku. Beide verf\u00fcgen \u00fcber die Hot-Swap-Technologie und nutzen Datalogics intelligentes Akkumanagement. In Kombination sorgt das daf\u00fcr, dass der Mobilcomputer ohne Unterbrechungen 24\/7 einsatzbereit ist. Zum Aufladen werden au\u00dferdem zwei Ger\u00e4te-Optionen angeboten: Ein vollst\u00e4ndig kontaktloses Ger\u00e4t mit moderner 15-Watt-Wireless-Aufladung oder ein Pogo-Pin-Anschlussger\u00e4t, dass eine zus\u00e4tzliche Ethernet-Verbindung innerhalb der Skorpio X5-Halterung bietet.<\/p>\n<p>Zur weiteren Ausstattung des Skorpio X5 geh\u00f6rt unter anderem ein Qualcomm Snapdragon 600 Octa-Core-Prozessor mit 2,2 GHz. Dieser liefert eine High-End-Rechenleistung, um den anspruchsvollen Anforderungen verschiedener Arbeitsbereiche gerecht zu werden. Der gro\u00dfe Speicher setzt sich wahlweise aus 3 GB und 32 GB oder 4 GB und 64 GB zusammen. Au\u00dferdem sind zum Erfassen von 1D- und 2D-Barcodes drei verschiedene Scan-Engines erh\u00e4ltlich: ein Linear-Imager, ein Standard 2D-Imager und ein Mid-Range-Imager. Alle drei sind mit Datalogics patentiertem \u00bbGreen-Spot\u00ab ausgestattet.<\/p>\n<p>F\u00fcr eine zuverl\u00e4ssige Verbindung und hohe Konnektivit\u00e4t sorgen die Schnittstellen WLAN 802.11ac und 802.11r\/mc mit MIMO. Sie reduzieren Ausfallzeiten enorm und sparen dementsprechend einiges an Zeit. Weitere Schnittstellen sind Bluetooth 5.0 und Near Field Communication (NFC).<\/p>\n<p>Als vollst\u00e4ndig robuster Mobilcomputer steckt der Skorpio X5 sehr viele \u00e4u\u00dferliche Einfl\u00fcsse locker weg und senkt dadurch die Reparatur- und Wartungskosten erheblich. Dazu geh\u00f6rt, dass er wiederholt sturzresistent aus bis zu 1,8 Metern H\u00f6he ist. Sollte ein Anwender beispielsweise im Einzelhandel auf einem sogenannten Elefantenfu\u00df oder einer zweistufigen Trittleiter stehen und das Ger\u00e4t fallen lassen, \u00fcbersteht es dies schadenfrei. Zudem l\u00e4sst sich die Fallfestigkeit durch eine optionale Schutzh\u00fclle zus\u00e4tzlich erh\u00f6hen.<\/p>\n<p>Dar\u00fcber hinaus wurde das stabile Geh\u00e4use des Skorpio X5 mit einer IP65-Zertifizierung klassifiziert. Demzufolge dringt keinerlei Staub ins Ger\u00e4teinnere und auch Strahlwasser aus einer D\u00fcse prallt einfach an der Oberfl\u00e4che ab. Displayglas und Scanfenster halten ebenfalls einiges aus: Datalogic hat sie mit kratz- und splitterfesten Corning Gorilla Glass ausgestattet.<\/p>\n<p>Der Skorpio X5 ist Teil des \u00bbAndroid Enterprise Recommended\u00ab-Programms f\u00fcr robuste mobile Computer und bietet die M\u00f6glichkeit \u00fcber einen Servicevertrag die Software \u00bbDatalogic Shield\u00ab zu erwerben. Dar\u00fcber erh\u00e4lt er unter anderem jahrelang regelm\u00e4\u00dfig Sicherheitsupdates, mehr Firmware, mindestens zwei vollst\u00e4ndige Systemupdates sowie ein Jahr Unterst\u00fctzung \u00fcber den Lebenszyklus des Ger\u00e4tes hinaus.<\/p>\n<h3><a href=\"https:\/\/www.highway-gmbh.de\/wp-content\/uploads\/DS-SKORPIOX5-DE-HR.pdf\">Datenblatt SKORPIO X5<\/a><\/h3>\n","protected":false},"excerpt":{"rendered":"<ul>\n<li>Android-Mobilcomputer mit 4,3&#8221;-WVGA-Display<\/li>\n<li>Verschiedene Anpassungsm\u00f6glichkeiten z.B. 3 Tastaturlayouts<\/li>\n<li>Austauschbarer 3500 mAh Hot-Swap-Akku, optional erweiterter 6200 mAh Akku<\/li>\n<li>IP65 zertifiziert, sturzsicher aus bis zu 1,8 m<\/li>\n<li>\u00bbDatalogic Shield\u00ab ist f\u00fcr Android- und Firmware-Updates erh\u00e4ltlich<\/li>\n<\/ul>\n","protected":false},"featured_media":1397,"template":"page-sidebar-left.php","meta":[],"product_brand":[],"product_cat":[44,37],"product_tag":[85,53,84,86],"class_list":{"0":"post-1395","1":"product","2":"type-product","3":"status-publish","4":"has-post-thumbnail","6":"product_cat-datalogic-mdes","7":"product_cat-mdes","8":"product_tag-android","9":"product_tag-datalogic","10":"product_tag-skorpio-x5","11":"product_tag-xlr","13":"first","14":"instock","15":"virtual","16":"product-type-simple"},"translation":{"provider":"WPGlobus","version":"3.0.2","language":"en","enabled_languages":["de","en"],"languages":{"de":{"title":true,"content":true,"excerpt":true},"en":{"title":false,"content":false,"excerpt":false}}},"_links":{"self":[{"href":"https:\/\/www.highway-gmbh.de\/en\/wp-json\/wp\/v2\/product\/1395","targetHints":{"allow":["GET"]}}],"collection":[{"href":"https:\/\/www.highway-gmbh.de\/en\/wp-json\/wp\/v2\/product"}],"about":[{"href":"https:\/\/www.highway-gmbh.de\/en\/wp-json\/wp\/v2\/types\/product"}],"wp:featuredmedia":[{"embeddable":true,"href":"https:\/\/www.highway-gmbh.de\/en\/wp-json\/wp\/v2\/media\/1397"}],"wp:attachment":[{"href":"https:\/\/www.highway-gmbh.de\/en\/wp-json\/wp\/v2\/media?parent=1395"}],"wp:term":[{"taxonomy":"product_brand","embeddable":true,"href":"https:\/\/www.highway-gmbh.de\/en\/wp-json\/wp\/v2\/product_brand?post=1395"},{"taxonomy":"product_cat","embeddable":true,"href":"https:\/\/www.highway-gmbh.de\/en\/wp-json\/wp\/v2\/product_cat?post=1395"},{"taxonomy":"product_tag","embeddable":true,"href":"https:\/\/www.highway-gmbh.de\/en\/wp-json\/wp\/v2\/product_tag?post=1395"}],"curies":[{"name":"wp","href":"https:\/\/api.w.org\/{rel}","templated":true}]}}