{"id":1389,"date":"2021-05-28T14:11:35","date_gmt":"2021-05-28T12:11:35","guid":{"rendered":"https:\/\/highwaygmbh.de\/highway\/?post_type=product&#038;p=1389"},"modified":"2024-08-21T14:42:10","modified_gmt":"2024-08-21T12:42:10","slug":"datalogic-skorpio-x4","status":"publish","type":"product","link":"https:\/\/www.highway-gmbh.de\/en\/produkte\/mdes\/datalogic-mdes\/datalogic-skorpio-x4\/","title":{"rendered":"Datalogic Skorpio X4"},"content":{"rendered":"<h3 id=\"jt_sr_subline\">Handlich, robust und Android-kompatibel<\/h3>\n<p>Der mobile Touchcomputer Skorpio X4 von Datalogic \u00fcberzeugt im Wareneingang, Lager, bei der Inventur und als Verkaufsunterst\u00fctzung. Er hat ein 3,2&#8243; Display mit LED-Hintergrundbeleuchtung, so sind alle Inhalte unabh\u00e4ngig vom Umgebungslicht gut lesbar. F\u00fcr eine ausgezeichnete Performance sorgen ein schneller Texas Instruments OMAP 4 1 GHz-Mikroprozessor, 1 GB RAM und 8 GB Flash. Das Betriebssystem ist mit Windows Embedded Compact oder Android bereits vorinstalliert.<\/p>\n<p>Sie erhalten den Skorpio X4 mit drei verschiedenen Tastaturlayouts: mit einem numerischen Feld mit 28 Tasten, einem funktionalen Feld mit 38 Tasten oder einem alphanumerischen Feld mit 50 Tasten. Der Skorpio X4 ist sturzsicher aus bis zu 1,8 m H\u00f6he und hat eine IP64-Zertifizierung.<\/p>\n<p>Er ist mit Bluetooth 4.0 und 802.11a\/b\/g\/n WLAN ausgestattet und CCX V4 zertifiziert, USB- und RS232-Schnittstelle sind ebenfalls integriert. Ethernet-Verbindungen realisieren Sie \u00fcber die externe Ein- oder Mehrfach-Ladestation.<\/p>\n<p>Ein weiterer Pluspunkt ist die patentierte \u00bbGreen Spot\u00ab-Technologie von Datalogic, die erfolgreiche Scans mit gr\u00fcnem Lichtpunkt best\u00e4tigt.<\/p>\n<h3><a href=\"https:\/\/www.highway-gmbh.de\/wp-content\/uploads\/DS-SKORPIOX4-DE-HR.pdf\">Datenblatt SKORPIO X4<\/a><\/h3>\n","protected":false},"excerpt":{"rendered":"<ul>\n<li>High Performance-Mobilterminal mit gro\u00dfem Touchdisplay<\/li>\n<li>Leicht, robust sowie staub- und spritzwasserfest gem\u00e4\u00df IP64<\/li>\n<li>Reibungslose Kommunikation via Bluetooth und WLAN 802.11a\/b\/g\/n<\/li>\n<li>1D- oder 2D-Imager integriert; 3 verschiedene Tastaturlayouts<\/li>\n<li>Visuelle Lesebest\u00e4tigung mit \u00bbGreen Spot\u00ab-Technologie von Datalogic<\/li>\n<\/ul>\n<h3>Abk\u00fcndigung des\u00a0 Skorpio X4<\/h3>\n<p>Der Datalogic Skorpio X4 wird durch den <strong><a href=\"https:\/\/www.highway-gmbh.de\/produkte\/mdes\/datalogic-mdes\/datalogic-skorpio-x5\/\">Nachfolger Skorpio X5<\/a>\u00a0<\/strong>abgel\u00f6st.<\/p>\n","protected":false},"featured_media":1394,"template":"page-sidebar-left.php","meta":[],"product_brand":[],"product_cat":[44,37],"product_tag":[53,83],"class_list":{"0":"post-1389","1":"product","2":"type-product","3":"status-publish","4":"has-post-thumbnail","6":"product_cat-datalogic-mdes","7":"product_cat-mdes","8":"product_tag-datalogic","9":"product_tag-skorpio-x4","11":"first","12":"instock","13":"virtual","14":"product-type-simple"},"translation":{"provider":"WPGlobus","version":"3.0.2","language":"en","enabled_languages":["de","en"],"languages":{"de":{"title":true,"content":true,"excerpt":true},"en":{"title":false,"content":false,"excerpt":false}}},"_links":{"self":[{"href":"https:\/\/www.highway-gmbh.de\/en\/wp-json\/wp\/v2\/product\/1389","targetHints":{"allow":["GET"]}}],"collection":[{"href":"https:\/\/www.highway-gmbh.de\/en\/wp-json\/wp\/v2\/product"}],"about":[{"href":"https:\/\/www.highway-gmbh.de\/en\/wp-json\/wp\/v2\/types\/product"}],"wp:featuredmedia":[{"embeddable":true,"href":"https:\/\/www.highway-gmbh.de\/en\/wp-json\/wp\/v2\/media\/1394"}],"wp:attachment":[{"href":"https:\/\/www.highway-gmbh.de\/en\/wp-json\/wp\/v2\/media?parent=1389"}],"wp:term":[{"taxonomy":"product_brand","embeddable":true,"href":"https:\/\/www.highway-gmbh.de\/en\/wp-json\/wp\/v2\/product_brand?post=1389"},{"taxonomy":"product_cat","embeddable":true,"href":"https:\/\/www.highway-gmbh.de\/en\/wp-json\/wp\/v2\/product_cat?post=1389"},{"taxonomy":"product_tag","embeddable":true,"href":"https:\/\/www.highway-gmbh.de\/en\/wp-json\/wp\/v2\/product_tag?post=1389"}],"curies":[{"name":"wp","href":"https:\/\/api.w.org\/{rel}","templated":true}]}}