{"id":1373,"date":"2021-05-28T13:58:42","date_gmt":"2021-05-28T11:58:42","guid":{"rendered":"https:\/\/highwaygmbh.de\/highway\/?post_type=product&#038;p=1373"},"modified":"2023-08-21T13:20:47","modified_gmt":"2023-08-21T11:20:47","slug":"datalogic-memor-10","status":"publish","type":"product","link":"https:\/\/www.highway-gmbh.de\/en\/produkte\/mdes\/datalogic-mdes\/datalogic-memor-10\/","title":{"rendered":"Datalogic Memor 10"},"content":{"rendered":"<h3 id=\"jt_sr_subline\">Robuster Mobile-Touch-Computer mit Android<\/h3>\n<p>Der Mobile-Touch-Computer Memor 10 von Datalogic ist mit einem kapazitiven 5&#8243;-Full-Touchdisplay mit Dragontail geh\u00e4rtetem Glas, einer 13 MP-Kamera mit Auto-Fokus und einem hochleistungsf\u00e4higen 2D-Scanner ausgestattet, der nat\u00fcrlich \u00fcber die patentierte und \u00fcberaus praktische Datalogic Green Spot Lesebest\u00e4tigung verf\u00fcgt. Optional erfasst er auch DotCodes und Digimarcs. Zudem besitzt er einen austauschbaren Akku mit 4100 mAh und eine kontaktlose Ladefunktion (Qi-Standard) \u2013 dadurch m\u00fcssen Kontakte am Ger\u00e4t und an den Docks nicht gereinigt werden.<\/p>\n<p>Sehr robust ist er auch: Der Memor 10 \u00fcbersteht mehrfache St\u00fcrze aus 1,5 m auf Beton und ist gem\u00e4\u00df IP65 gegen das Eindringen von Staub gesch\u00fctzt und auch Strahlwasser ist kein Problem. <strong>F\u00fcr die Arbeitsbereiche im Gesundheitswesen ist ein spezielles Healthcare-Model erh\u00e4ltlich, dessen Kunststoffgeh\u00e4use eine t\u00e4gliche Reinigung mit handels\u00fcblichen Desinfektionsl\u00f6sungen standh\u00e4lt.<\/strong><\/p>\n<p>Datalogic hat sich beim Memor 10 f\u00fcr Android mit Google Mobile Services als Betriebssystem entschieden \u2013 f\u00fcr mehr Leistung bei voller Leistung in Handel, Produktion, Transport, Logistik und Gesundheitswesen oder dem Au\u00dfendienst. Die Handhabung und das Design sind ergonomisch, kompakt und orientieren sich an dem eines Smartphones. Daher gilt: Wer die Nutzung eines Smartphones beherrscht, kommt prima mit dem Memor 10 zurecht.<\/p>\n<p>F\u00fcr eine hervorragende Performance sorgen ein Octa-Core 2-GHz-Prozessor, 3 GB RAM und 32 GB Flash-Speicher. Dank WLAN (802.11ac), LTE und Bluetooth 4.2 haben Ihre Kunden mit dem Memor 10 jederzeit eine drahtlose Verbindung. Integriertes NFC sorgt f\u00fcr eine vereinfachte Konnektivit\u00e4t mit Android Ger\u00e4ten. GPS-Unterst\u00fctzung f\u00fcr ortsbezogene Apps ist ebenfalls integriert.<\/p>\n<p>Der Memor 10 wurde f\u00fcr das \u00bbAndroid Enterprise Recommended\u00ab-Programm f\u00fcr robuste Mobile Computer validiert. \u00dcber einen Servicevertrag ist es m\u00f6glich die Software \u00bbDatalogic Shield\u00ab zu erwerben. Der Memor 10 erh\u00e4lt dar\u00fcber unter anderem jahrelang regelm\u00e4\u00dfig Sicherheitsupdates, Firmware, mindestens zwei vollst\u00e4ndige Systemupdates sowie ein Jahr Unterst\u00fctzung \u00fcber den Lebenszyklus des Ger\u00e4tes hinaus.<\/p>\n<h3><a href=\"https:\/\/www.highway-gmbh.de\/wp-content\/uploads\/DS-MEMOR10-DE-HR.pdf\">Datenblatt MEMOR 10<\/a><\/h3>\n<h3><a href=\"https:\/\/www.highway-gmbh.de\/wp-content\/uploads\/DS-MEMOR10-HC-ENA4-HR.pdf\">Datenblatt MEMOR 10 Healthcare-Version<\/a><\/h3>\n","protected":false},"excerpt":{"rendered":"<ul>\n<li>PDA mit 5&#8243;-Full-Touchdisplay und kontaktloser Ladefunktion<\/li>\n<li>Desinfektionsmittelbest\u00e4ndiges Geh\u00e4use \u2013 leicht zu reinigen<\/li>\n<li>IP65 zertifiziert \u2013 \u00fcbersteht mehrfache St\u00fcrze aus 1,5 m<\/li>\n<li>Schnittstellen: WLAN (802.11ac), 4G LTE, Bluetooth 4.2, NFC, USB Typ C<\/li>\n<li>\u00bbDatalogic Shield\u00ab ist f\u00fcr Android-System-Upgrades und Firmware-Updates erh\u00e4ltlich<\/li>\n<\/ul>\n<h3>Abk\u00fcndigung des\u00a0 Memor 10<\/h3>\n<p>Der Datalogic Memor 10 wird durch den <strong><a href=\"https:\/\/www.highway-gmbh.de\/produkte\/mdes\/datalogic-mdes\/datalogic-memor-11\/\">Nachfolger Memor 11<\/a>\u00a0<\/strong>abgel\u00f6st.<\/p>\n","protected":false},"featured_media":1376,"template":"page-sidebar-left.php","meta":[],"product_brand":[],"product_cat":[44,37],"product_tag":[53,81],"class_list":{"0":"post-1373","1":"product","2":"type-product","3":"status-publish","4":"has-post-thumbnail","6":"product_cat-datalogic-mdes","7":"product_cat-mdes","8":"product_tag-datalogic","9":"product_tag-memor-10","11":"first","12":"instock","13":"virtual","14":"product-type-simple"},"translation":{"provider":"WPGlobus","version":"3.0.2","language":"en","enabled_languages":["de","en"],"languages":{"de":{"title":true,"content":true,"excerpt":true},"en":{"title":false,"content":false,"excerpt":false}}},"_links":{"self":[{"href":"https:\/\/www.highway-gmbh.de\/en\/wp-json\/wp\/v2\/product\/1373","targetHints":{"allow":["GET"]}}],"collection":[{"href":"https:\/\/www.highway-gmbh.de\/en\/wp-json\/wp\/v2\/product"}],"about":[{"href":"https:\/\/www.highway-gmbh.de\/en\/wp-json\/wp\/v2\/types\/product"}],"wp:featuredmedia":[{"embeddable":true,"href":"https:\/\/www.highway-gmbh.de\/en\/wp-json\/wp\/v2\/media\/1376"}],"wp:attachment":[{"href":"https:\/\/www.highway-gmbh.de\/en\/wp-json\/wp\/v2\/media?parent=1373"}],"wp:term":[{"taxonomy":"product_brand","embeddable":true,"href":"https:\/\/www.highway-gmbh.de\/en\/wp-json\/wp\/v2\/product_brand?post=1373"},{"taxonomy":"product_cat","embeddable":true,"href":"https:\/\/www.highway-gmbh.de\/en\/wp-json\/wp\/v2\/product_cat?post=1373"},{"taxonomy":"product_tag","embeddable":true,"href":"https:\/\/www.highway-gmbh.de\/en\/wp-json\/wp\/v2\/product_tag?post=1373"}],"curies":[{"name":"wp","href":"https:\/\/api.w.org\/{rel}","templated":true}]}}