{"id":1367,"date":"2021-05-28T13:53:22","date_gmt":"2021-05-28T11:53:22","guid":{"rendered":"https:\/\/highwaygmbh.de\/highway\/?post_type=product&#038;p=1367"},"modified":"2021-05-28T15:52:17","modified_gmt":"2021-05-28T13:52:17","slug":"datalogic-memor-1","status":"publish","type":"product","link":"https:\/\/www.highway-gmbh.de\/en\/produkte\/mdes\/datalogic-mdes\/datalogic-memor-1\/","title":{"rendered":"Datalogic Memor 1"},"content":{"rendered":"<h3 id=\"jt_sr_subline\">Full-Touch-Terminal mit Android und kabelloser Ladefunktion<\/h3>\n<p>Das Full-Touch-Terminal Memor 1 von Datalogic ist der neue Tausendsassa f\u00fcr alle Aufgaben in Handel, Logistik und Transport. Erh\u00e4ltlich ist er sowohl als Handheld-Version als auch mit Pistolengriff. Seine Sturzsicherheit aus 1,2 m oder mit Schutzh\u00fclle sogar aus 1,5 m machen ihn zu einem sehr zuverl\u00e4ssigen Partner.<\/p>\n<p>Das elegante Mobilterminal hat ein \u00fcbersichtliches 4,3&#8243; Touchdisplay mit Gorilla Glass 3 und einen 2D-Imager mit patentierter \u00bbGreen Spot\u00ab-Technologie. Mit dieser Technik best\u00e4tigt er die erfolgreiche Erfassung eines Barcodes visuell und reduziert so \u00bbFehlsch\u00fcsse\u00ab. Im Pr\u00e4sentations-Modus scannt er sogar, ohne dass der Abzug bet\u00e4tigt werden muss. Datalogic hat den Memor 1 mit dem updatef\u00e4higen Betriebssystem Android mit Google Mobile Services (GMS) ausgestattet.<\/p>\n<p>Der Memor 1 l\u00e4sst sich schnell kabellos laden. Das ist nicht nur sehr praktisch, es macht das Mobilterminal auch sehr robust und zuverl\u00e4ssig: Denn es ist weniger anf\u00e4llig, da es \u00fcber keinen Ladeanschluss verf\u00fcgt, der gereinigt werden muss. Voll aufgeladen ist der Memor 1 in weniger als zwei Stunden \u2013 \u00fcber die Boost Recharge-Funktion l\u00e4dt er blitzschnell, so dass er f\u00fcr Ihre Kunden innerhalb weniger Minuten wieder nutzbar ist. Der Memor 1 ist mit sechs unterschiedlichen Ladeprofilen erh\u00e4ltlich \u2013 so entscheiden Ihre Kunden selbst, welche Akku-Performance am besten f\u00fcr ihr Bed\u00fcrfniss geeignet ist.<\/p>\n<p>F\u00fcr eine hervorragende Performance sorgen ein Qualcomm Snapdragon Quad-Core-Prozessor mit 1 GHz, 2 GB RAM und ein 16 GB Flash-Speicher. Der Memor 1 l\u00e4sst sich auch als Telefon oder \u00fcber die Push-to-Talk-Funktion mit VoIP nutzen. F\u00fcr eine gute Verbindung verf\u00fcgt er \u00fcber Bluetooth und NFC, WLAN-f\u00e4hig ist er nat\u00fcrlich auch.<\/p>\n<p>Der Memor 1 ist f\u00fcr Ihre Kunden eine zukunftssichere Investition dank der Plattform \u00bbDatalogic Shield\u00ab. Ihre Kunden erhalten dar\u00fcber f\u00fcr ihren Memor 1 unter anderem jahrelang regelm\u00e4\u00dfig Sicherheitsupdates, Firmware, mindestens zwei vollst\u00e4ndige Systemupdates sowie ein Jahr Unterst\u00fctzung \u00fcber den Lebenszyklus des Ger\u00e4tes hinaus.<\/p>\n<h3><a href=\"https:\/\/www.highway-gmbh.de\/wp-content\/uploads\/DS-MEMOR1-DE-HR.pdf\">Datenblatt MEMOR 1<\/a><\/h3>\n","protected":false},"excerpt":{"rendered":"<ul>\n<li>Mobilcomputer mit 4,3&#8243;-Touchdisplay mit Gorilla Glass 3<\/li>\n<li>Betriebssystem: Android, erweiterbar mit Shield<\/li>\n<li>Kabellose Schnellladefunktion<\/li>\n<li>Handheld oder Pistolengriff<\/li>\n<li>Zukunftssicher dank \u00bbDatalogic Shield\u00ab-Plattform<\/li>\n<\/ul>\n","protected":false},"featured_media":1372,"template":"page-sidebar-left.php","meta":[],"product_brand":[],"product_cat":[44,37],"product_tag":[53,80],"class_list":{"0":"post-1367","1":"product","2":"type-product","3":"status-publish","4":"has-post-thumbnail","6":"product_cat-datalogic-mdes","7":"product_cat-mdes","8":"product_tag-datalogic","9":"product_tag-memor-1","11":"first","12":"instock","13":"virtual","14":"product-type-simple"},"translation":{"provider":"WPGlobus","version":"3.0.2","language":"en","enabled_languages":["de","en"],"languages":{"de":{"title":true,"content":true,"excerpt":true},"en":{"title":false,"content":false,"excerpt":false}}},"_links":{"self":[{"href":"https:\/\/www.highway-gmbh.de\/en\/wp-json\/wp\/v2\/product\/1367","targetHints":{"allow":["GET"]}}],"collection":[{"href":"https:\/\/www.highway-gmbh.de\/en\/wp-json\/wp\/v2\/product"}],"about":[{"href":"https:\/\/www.highway-gmbh.de\/en\/wp-json\/wp\/v2\/types\/product"}],"wp:featuredmedia":[{"embeddable":true,"href":"https:\/\/www.highway-gmbh.de\/en\/wp-json\/wp\/v2\/media\/1372"}],"wp:attachment":[{"href":"https:\/\/www.highway-gmbh.de\/en\/wp-json\/wp\/v2\/media?parent=1367"}],"wp:term":[{"taxonomy":"product_brand","embeddable":true,"href":"https:\/\/www.highway-gmbh.de\/en\/wp-json\/wp\/v2\/product_brand?post=1367"},{"taxonomy":"product_cat","embeddable":true,"href":"https:\/\/www.highway-gmbh.de\/en\/wp-json\/wp\/v2\/product_cat?post=1367"},{"taxonomy":"product_tag","embeddable":true,"href":"https:\/\/www.highway-gmbh.de\/en\/wp-json\/wp\/v2\/product_tag?post=1367"}],"curies":[{"name":"wp","href":"https:\/\/api.w.org\/{rel}","templated":true}]}}