{"id":1347,"date":"2021-05-28T11:14:18","date_gmt":"2021-05-28T09:14:18","guid":{"rendered":"https:\/\/highwaygmbh.de\/highway\/?post_type=product&#038;p=1347"},"modified":"2021-05-28T15:52:17","modified_gmt":"2021-05-28T13:52:17","slug":"datalogic-taskbook","status":"publish","type":"product","link":"https:\/\/www.highway-gmbh.de\/en\/produkte\/industrie-tablet-pcs\/datalogic-industrie-tablet-pcs\/datalogic-taskbook\/","title":{"rendered":"Datalogic Taskbook"},"content":{"rendered":"<h3 id=\"jt_sr_subline\">Das robuste Terminal f\u00fcr vielseitige Lagerjobs<\/h3>\n<p>Das Datalogic Taskbook ist der perfekte Partner f\u00fcr alle, die in Lager, Transport und Logistik hohe Anspr\u00fcche an ihr Equipment stellen und tagt\u00e4glich vielf\u00e4ltige, anspruchsvolle Aufgaben erledigen. Das Taskbook ist zuverl\u00e4ssig, absolut robust, schnell und unglaublich vielseitig \u2013 und l\u00e4sst sich prima in Gabelstaplern nutzen.<\/p>\n<p>Das Taskbook ist robust: Das vielseitige Terminal ist mit einem entspiegelten 7&#8243;- oder 10&#8243;- WSVGA-\/WXGA-Multitouch-Display mit 1,6 mm dickem Corning Gorilla Glass erh\u00e4ltlich \u2013 der Bildschirm l\u00e4sst sich auch mit Handschuhen bedienen. Bei der Konzeption des Taskbooks hat Datalogic viel Wert auf eine hochwertige und durchdachte Verarbeitung gelegt, denn nur so bew\u00e4hrt sich das Taskbook im harten Lageralltag. Der Mobilcomputer sitzt daher sicher in einem robusten und mit Gummi \u00fcberzogenem Alurahmen und hat eine IP65-Zertifizierung. Er ist sturzsicher aus 1,2 m H\u00f6he und arbeitet zuverl\u00e4ssig im Temperaturbereich von -20\u00b0C bis +50\u00b0C und bei einer Luftfeuchtigkeit von 90 Prozent. Die Akkukapazit\u00e4t betr\u00e4gt 2.500 mAh.<\/p>\n<p>Als Betriebssystem fungiert das ebenso bew\u00e4hrte wie anwenderfreundliche Windows 10 IoT Enterprise. F\u00fcr eine ausgezeichnete Performance bei allen anfallenden Aufgaben sorgen ein 1,46 GHz Dual-Core-Prozessor, 4 GB RAM und 32 GB Speicher, die sich bei Bedarf auf 64 GB oder auch 128 GB erweitern lassen. Das Taskbook verf\u00fcgt \u00fcber einen USB-C 2.0-Anschluss und unterst\u00fctzt MDM-Software f\u00fchrender Anbieter. Folgende weitere Anschl\u00fcsse befinden sich an der Dockingstation: RJ45, Ethernet, zwei USB 2.0, RS-232 \u2013 optional sind Audio- und CAN-Bus-Anschluss (optional mit CAN2USB-Verbindung) erh\u00e4ltlich. F\u00fcr eine allzeit beste Verbindung beim Datenaustausch sorgen beim Taskbook Bluetooth und Wi-Fi 802.11a\/b\/g\/n\/ac\/r (2,4 GHz and 5 GHz). Auf der R\u00fcckseite ist eine 5 Megapixel-Kamera integriert.<\/p>\n<p>Datalogic bietet f\u00fcr das Taskbook vielseitiges Zubeh\u00f6r an: Unter anderem ist ein Handgriff erh\u00e4ltlich, der sich mit einem zus\u00e4tzlichen 2.600 mAh Hot Swap-Akku oder einem 2D-Imager (Standard bis 1,1 m oder Extra-long Range bis 15 m) ausr\u00fcsten l\u00e4sst.<\/p>\n<h3><a href=\"https:\/\/www.highway-gmbh.de\/wp-content\/uploads\/DS-TASKBOOK-WINDOWS-ENA4-HR.pdf\">Datenblatt TASKBOOK<\/a><\/h3>\n<p>&nbsp;<\/p>\n","protected":false},"excerpt":{"rendered":"<p>Das robuste Terminal f\u00fcr vielseitige Lagerjobs Das Datalogic Taskbook ist der perfekte Partner f\u00fcr alle, die in Lager, Transport und Logistik hohe Anspr\u00fcche an ihr Equipment stellen und tagt\u00e4glich vielf\u00e4ltige, anspruchsvolle Aufgaben erledigen. Das Taskbook ist zuverl\u00e4ssig, absolut robust, schnell und unglaublich vielseitig \u2013 und l\u00e4sst sich prima in Gabelstaplern nutzen. Das Taskbook ist robust: [&hellip;]<\/p>\n","protected":false},"featured_media":1352,"template":"page-sidebar-left.php","meta":[],"product_brand":[],"product_cat":[77,39],"product_tag":[78],"class_list":{"0":"post-1347","1":"product","2":"type-product","3":"status-publish","4":"has-post-thumbnail","6":"product_cat-datalogic-industrie-tablet-pcs","7":"product_cat-industrie-tablet-pcs","8":"product_tag-datalogic-tablet","10":"first","11":"instock","12":"virtual","13":"product-type-simple"},"translation":{"provider":"WPGlobus","version":"3.0.2","language":"en","enabled_languages":["de","en"],"languages":{"de":{"title":true,"content":true,"excerpt":false},"en":{"title":false,"content":false,"excerpt":false}}},"_links":{"self":[{"href":"https:\/\/www.highway-gmbh.de\/en\/wp-json\/wp\/v2\/product\/1347","targetHints":{"allow":["GET"]}}],"collection":[{"href":"https:\/\/www.highway-gmbh.de\/en\/wp-json\/wp\/v2\/product"}],"about":[{"href":"https:\/\/www.highway-gmbh.de\/en\/wp-json\/wp\/v2\/types\/product"}],"wp:featuredmedia":[{"embeddable":true,"href":"https:\/\/www.highway-gmbh.de\/en\/wp-json\/wp\/v2\/media\/1352"}],"wp:attachment":[{"href":"https:\/\/www.highway-gmbh.de\/en\/wp-json\/wp\/v2\/media?parent=1347"}],"wp:term":[{"taxonomy":"product_brand","embeddable":true,"href":"https:\/\/www.highway-gmbh.de\/en\/wp-json\/wp\/v2\/product_brand?post=1347"},{"taxonomy":"product_cat","embeddable":true,"href":"https:\/\/www.highway-gmbh.de\/en\/wp-json\/wp\/v2\/product_cat?post=1347"},{"taxonomy":"product_tag","embeddable":true,"href":"https:\/\/www.highway-gmbh.de\/en\/wp-json\/wp\/v2\/product_tag?post=1347"}],"curies":[{"name":"wp","href":"https:\/\/api.w.org\/{rel}","templated":true}]}}