{"id":1343,"date":"2021-05-28T11:05:08","date_gmt":"2021-05-28T09:05:08","guid":{"rendered":"https:\/\/highwaygmbh.de\/highway\/?post_type=product&#038;p=1343"},"modified":"2021-05-28T15:52:17","modified_gmt":"2021-05-28T13:52:17","slug":"getac-ex80","status":"publish","type":"product","link":"https:\/\/www.highway-gmbh.de\/en\/produkte\/industrie-tablet-pcs\/getac\/getac-ex80\/","title":{"rendered":"Getac EX80"},"content":{"rendered":"<h3 id=\"jt_sr_subline\">Effiziente und sichere Datenerfassung unter h\u00e4rtesten Bedingungen<\/h3>\n<p>Mit dem EX80 hat Getac einen unglaublich robusten, zuverl\u00e4ssigen und sicheren Tablet-PC auf dem Markt. Er ist sto\u00dffest, h\u00e4lt mehrfache St\u00fcrze aus einer H\u00f6he von bis zu 1,8 Metern aus und <strong>entspricht den ATEX\/IECEX-Richtlinien f\u00fcr Explosionsschutz<\/strong>. Gem\u00e4\u00df IP67-Zertifizierung sowie MIL-STD-810G ist er auch komplett staubdicht und verkraftet sogar kurzes Eintauchen in Wasser. Dar\u00fcber hinaus h\u00e4lt der Tablet-PC Temperaturbereichen von -21 \u00b0C bis zu +50 \u00b0C und einer nicht kondensierenden Luftfeuchtigkeit von bis zu 95 % problemlos stand.<\/p>\n<p>Das 8&#8243; gro\u00dfe LumiBond-Touchdisplay des EX80 ist dank 600 Nits Helligkeit selbst bei Sonnenschein gut lesbar. Au\u00dferdem l\u00e4sst es sich auch mit Handschuhen oder bei N\u00e4sse bequem bedienen. Zu der weiteren Ausstattung des Tablet-PCs geh\u00f6ren eine 8 MP-Kamera, eine Full-HD-Webcam, ein HF-RFID-Leseger\u00e4t und ein Mikrofon. F\u00fcr die Top-Performance sorgen ein Intel Atom x5-Z8350 Prozessor mit 1,44 GHz, 4 GB DDR3-RAM und vorinstalliertes Windows 10 Professional. Das Interface umfasst die Schnittstellen RFID, WLAN, Bluetooth 4.0 und optional 4G LTE.<\/p>\n<p>Sowohl das ergonomische Design des Tablet-PCs von nur 3 cm St\u00e4rke, als auch die Abmessungen von 240 x 155 x 29 mm (B x T x H) und das geringe Gewicht von gerade einmal 1,48 kg \u00fcberzeugen im Arbeitsalltag sofort. Zudem sorgen sechs Tablet-Tasten f\u00fcr eine noch einfachere und schnellere Bedienung.<\/p>\n<p>Zusammen mit dem optional erh\u00e4ltlichen Zubeh\u00f6r wird das Tablet zu einem individuellen Partner im Au\u00dfendienst oder im Fahrzeug sowie in Industrie, K\u00fchllager oder in anderen anspruchsvollen Einsatzbereichen. Dazu geh\u00f6ren unter anderem verschiedene Schultergurte, ein B\u00fcrodock, ein kapazitiver Stylus und vieles mehr.<\/p>\n<h3><a href=\"https:\/\/www.highway-gmbh.de\/wp-content\/uploads\/Getac_EX80_Product_DE.pdf\">Datenblatt Getac EX80<\/a><\/h3>\n<p>&nbsp;<\/p>\n","protected":false},"excerpt":{"rendered":"<p>&nbsp;<\/p>\n<p>&nbsp;<\/p>\n","protected":false},"featured_media":1345,"template":"page-sidebar-left.php","meta":[],"product_brand":[],"product_cat":[46,39],"product_tag":[61],"class_list":{"0":"post-1343","1":"product","2":"type-product","3":"status-publish","4":"has-post-thumbnail","6":"product_cat-getac","7":"product_cat-industrie-tablet-pcs","8":"product_tag-getac-tablet","10":"first","11":"instock","12":"virtual","13":"product-type-simple"},"translation":{"provider":"WPGlobus","version":"3.0.2","language":"en","enabled_languages":["de","en"],"languages":{"de":{"title":true,"content":true,"excerpt":true},"en":{"title":false,"content":false,"excerpt":false}}},"_links":{"self":[{"href":"https:\/\/www.highway-gmbh.de\/en\/wp-json\/wp\/v2\/product\/1343","targetHints":{"allow":["GET"]}}],"collection":[{"href":"https:\/\/www.highway-gmbh.de\/en\/wp-json\/wp\/v2\/product"}],"about":[{"href":"https:\/\/www.highway-gmbh.de\/en\/wp-json\/wp\/v2\/types\/product"}],"wp:featuredmedia":[{"embeddable":true,"href":"https:\/\/www.highway-gmbh.de\/en\/wp-json\/wp\/v2\/media\/1345"}],"wp:attachment":[{"href":"https:\/\/www.highway-gmbh.de\/en\/wp-json\/wp\/v2\/media?parent=1343"}],"wp:term":[{"taxonomy":"product_brand","embeddable":true,"href":"https:\/\/www.highway-gmbh.de\/en\/wp-json\/wp\/v2\/product_brand?post=1343"},{"taxonomy":"product_cat","embeddable":true,"href":"https:\/\/www.highway-gmbh.de\/en\/wp-json\/wp\/v2\/product_cat?post=1343"},{"taxonomy":"product_tag","embeddable":true,"href":"https:\/\/www.highway-gmbh.de\/en\/wp-json\/wp\/v2\/product_tag?post=1343"}],"curies":[{"name":"wp","href":"https:\/\/api.w.org\/{rel}","templated":true}]}}