{"id":1338,"date":"2021-05-28T10:57:59","date_gmt":"2021-05-28T08:57:59","guid":{"rendered":"https:\/\/highwaygmbh.de\/highway\/?post_type=product&#038;p=1338"},"modified":"2023-04-03T11:28:05","modified_gmt":"2023-04-03T09:28:05","slug":"getac-t800","status":"publish","type":"product","link":"https:\/\/www.highway-gmbh.de\/en\/produkte\/industrie-tablet-pcs\/getac\/getac-t800\/","title":{"rendered":"Getac T800"},"content":{"rendered":"<h1>Getac T800<\/h1>\n<h2 id=\"jt_sr_subline\">Robustes Tablet mit 8,1&#8221; Multi-Touch-Screen<\/h2>\n<p>Endlich ein kompakter Tablet-PC, der diesen Namen auch verdient! Der Getac T800 ist nicht nur ein einfaches Tool au\u00dferhalb des B\u00fcros, er ist leistungsstark genug, um das B\u00fcro zu sein. Als Betriebssystem ist Windows 10 vorinstalliert, und mit einem Intel Atom x7-Z8750 Prozessor verf\u00fcgt der T800 \u00fcber das Maximum an Leistung \u2013 perfekt f\u00fcr den Au\u00dfendienst bei Versorgern, Wartung und auf der Baustelle. Dazu bis zu 8 GB DDR3 RAM, einen Intel HD Graphics VGA-Controller und eine optionale eMMC mit 64 oder 128 GB \u2013 da bleiben in Sachen Leistung und Speichervolumen kaum W\u00fcnsche offen.<\/p>\n<p>Das komplett robuste T800 Tablet passt ergonomisch perfekt in eine Hand, ist nur 24 mm dick und bleibt beim Gewicht unter einem Kilogramm. Mit seinem Multitouch-Display (20,6 cm Bildschirmdiagonale, Aufl\u00f6sung von 1.280 x 800) bietet es optimale Voraussetzungen f\u00fcr mobiles Arbeiten. Dank hellen 600 Nits und Getacs LumiBond-Technologie ist es auch im Freien und selbst in der Sonne gut ablesbar. Die sechs Tablet-Funktionstasten erleichtern die Bedienung, bieten Schnellzugriff auf h\u00e4ufig genutzte Anwendungen und sichern reibungslose Prozesse.<\/p>\n<p>Weder Extremtemperaturen noch St\u00fcrze, Vibration oder Feuchtigkeit k\u00f6nnen das gem\u00e4\u00df MIL-STD-810H und IP65 zertifizierte Tablet beeindrucken. Das verbesserte Geh\u00e4use-Design und die ATEX (Zone2\/22) Zertifizierung des T800-Ex sichern Anwendern auch in hochexplosiven Umgebungen einen risikofreien Einsatz. Der Standard-Akku h\u00e4lt bis zu acht Stunden, dank Getacs integrierter LifeSupport-Technologie machen Sie sogar einen Akkuwechsel bei laufendem Betrieb und der T800 braucht keine Pause: Die einzigartigen SnapBack-Akkus erlauben Benutzern zu arbeiten, ohne jemals eine Anwendung schlie\u00dfen oder das System herunterfahren zu m\u00fcssen.<\/p>\n<p>Je nach Einsatzbereich vergr\u00f6\u00dfern Sie den Funktionsumfang des T800 einfach f\u00fcr maximale Flexibilit\u00e4t: Erweitern Sie den Tablet-PC um einen 1D-\/2D-Scanner, Serial- oder Ethernet-Port. Der T800 vereint damit auf einfache Weise gleich mehrere Ger\u00e4te und Funktionen in sich und maximiert die Produktivit\u00e4t vor Ort \u2013 an jedem Ort. F\u00fcr mehr Sicherheit im Einsatz stehen Ihnen der 2-in-1 RFID-\/SmartCard-Leser und der SmartCard-Leser zur Verf\u00fcgung. Er ist so einfach wie der Zusatz-Akku via SnapBack angeschlossen \u2013 schnell und ganz ohne Werkzeug.<\/p>\n<p>Die integrierte, frontseitige HD-Webcam erleichtert die Durchf\u00fchrung von bildunterst\u00fctzten Prozessen wie Video-Support oder Video-Konferenzen. Der T800 verf\u00fcgt zus\u00e4tzlich \u00fcber eine r\u00fcckseitige 8-MP-Kamera. Damit lassen sich jederzeit aktuelle Vorg\u00e4nge wie Bauzwischenstand, Defekte und Besch\u00e4digungen etc. dokumentieren sowie hochaufl\u00f6sende Umgebungs- und Gel\u00e4ndeaufnahmen machen.<\/p>\n<p>Nat\u00fcrlich ist der T800 serienm\u00e4\u00dfig mit 802.11ac WLAN (IEEE 802.11 a\/b\/g\/n-kompatibel) und Bluetooth ausgestattet und bietet optional auch Gobi (mobiles Breitband) und GPS. F\u00fcr Fahrzeugeins\u00e4tze konfigurieren Sie den T800 mit Antennenanschl\u00fcssen, mit denen Sie gleichzeitig hochempfindliche am Dach montierte GPS-, WWAN- und WLAN-Antennen verbinden k\u00f6nnen.<\/p>\n<h3><a href=\"https:\/\/www.highway-gmbh.de\/wp-content\/uploads\/Getac_T800_Product_DE.pdf\">Datenblatt Getac T800<\/a><\/h3>\n","protected":false},"excerpt":{"rendered":"<ul>\n<li>Extrem widerstandsf\u00e4higer Tablet-PC mit MIL-STD-810H &amp; IP65-Schutz<\/li>\n<li>Leistungsstarke Intel Prozessoren mit bis zu 2,56 GHz<\/li>\n<li>10 Stunden Laufzeit, plus Akkuwechsel bei laufendem Betrieb<\/li>\n<li>Bilderfassung \u00fcber FHD-Webcam und r\u00fcckseitige 8-MP-Kamera<\/li>\n<li>ATEX Zertifizierung (optional) f\u00fcr Sicherheit in explosiven Umgebungen<\/li>\n<\/ul>\n","protected":false},"featured_media":1341,"template":"page-sidebar-left.php","meta":[],"product_brand":[],"product_cat":[46,39],"product_tag":[61],"class_list":{"0":"post-1338","1":"product","2":"type-product","3":"status-publish","4":"has-post-thumbnail","6":"product_cat-getac","7":"product_cat-industrie-tablet-pcs","8":"product_tag-getac-tablet","10":"first","11":"instock","12":"virtual","13":"product-type-simple"},"translation":{"provider":"WPGlobus","version":"3.0.2","language":"en","enabled_languages":["de","en"],"languages":{"de":{"title":true,"content":true,"excerpt":true},"en":{"title":false,"content":false,"excerpt":false}}},"_links":{"self":[{"href":"https:\/\/www.highway-gmbh.de\/en\/wp-json\/wp\/v2\/product\/1338","targetHints":{"allow":["GET"]}}],"collection":[{"href":"https:\/\/www.highway-gmbh.de\/en\/wp-json\/wp\/v2\/product"}],"about":[{"href":"https:\/\/www.highway-gmbh.de\/en\/wp-json\/wp\/v2\/types\/product"}],"wp:featuredmedia":[{"embeddable":true,"href":"https:\/\/www.highway-gmbh.de\/en\/wp-json\/wp\/v2\/media\/1341"}],"wp:attachment":[{"href":"https:\/\/www.highway-gmbh.de\/en\/wp-json\/wp\/v2\/media?parent=1338"}],"wp:term":[{"taxonomy":"product_brand","embeddable":true,"href":"https:\/\/www.highway-gmbh.de\/en\/wp-json\/wp\/v2\/product_brand?post=1338"},{"taxonomy":"product_cat","embeddable":true,"href":"https:\/\/www.highway-gmbh.de\/en\/wp-json\/wp\/v2\/product_cat?post=1338"},{"taxonomy":"product_tag","embeddable":true,"href":"https:\/\/www.highway-gmbh.de\/en\/wp-json\/wp\/v2\/product_tag?post=1338"}],"curies":[{"name":"wp","href":"https:\/\/api.w.org\/{rel}","templated":true}]}}