{"id":1332,"date":"2021-05-28T10:49:04","date_gmt":"2021-05-28T08:49:04","guid":{"rendered":"https:\/\/highwaygmbh.de\/highway\/?post_type=product&#038;p=1332"},"modified":"2021-05-28T15:52:17","modified_gmt":"2021-05-28T13:52:17","slug":"getac-k120","status":"publish","type":"product","link":"https:\/\/www.highway-gmbh.de\/en\/produkte\/industrie-tablet-pcs\/getac\/getac-k120\/","title":{"rendered":"Getac K120"},"content":{"rendered":"<h2 id=\"jt_sr_subline\">Fully Rugged Tablet mit 12,5&#8221; Full-HD Touchdisplay<\/h2>\n<p>Das K120 Fully Rugged Tablet von Getac wurde speziell f\u00fcr die harten und st\u00e4ndig wechselnden Arbeitsbedingungen von mobilen Einsatzkr\u00e4ften entwickelt. Es ist extrem anpassungsf\u00e4hig, robust, schnell, sicher, zuverl\u00e4ssig und dank Multi-Mode sogar ein echtes Multitasking-Talent. Sein kapazitives 12,5&#8221;-Full-HD-Touchdisplay mit LumiBond 2.0-Technologie und 1.200 Nits Helligkeit l\u00e4sst sich auch bei direkter Sonneneinstrahlung gut ablesen und mit Handschuhen und Eingabestift leicht bedienen.<\/p>\n<p>F\u00fcr eine hohe Performance bei gleichzeitig reduziertem Energieverbrauch sorgt die elfte Generation der Intel Core Prozessoren i7\/i5 zusammen mit 16 GB RAM (optional 32 GB) und einer austauschbaren 256 GB PCIe SSD (optional 512 GB). Der starke Akku ist f\u00fcr eine komplette Schicht ausgelegt und erm\u00f6glicht die benutzerdefinierte Anpassung der Einstellungen und Module vor Ort. Zudem verf\u00fcgt das K120 dank integriertem Intel Iris Xe Graphics, Thunderbolt 4 Technologie, Bluetooth 5.2 und Wi-Fi 6 AX201, 802.11ax sowie optional 4G LTE und GPS \u00fcber eine ausgezeichnete Daten\u00fcbertragung. Zu den weiteren Schnittstellen geh\u00f6ren USB 3.2 Gen 2 Type-A, HDMI und Ethernet. Ein serieller Anschluss oder ein weiterer USB 2.0-Anschluss sind optional.<\/p>\n<p>Die hohe Widerstandsf\u00e4higkeit des K120 wird durch eine IP66-, MIL-STD 810H- und MIL-STD-461G-Zertifizierung gekennzeichnet. Demzufolge h\u00e4lt es im eingeschalteten Zustand St\u00fcrze aus 1,8 m H\u00f6he, Schl\u00e4ge, Vibrationen, Ersch\u00fctterungen, Staub und Fl\u00fcssigkeiten problemlos aus. Auch eine 95-prozentige Luftfeuchtigkeit oder Temperaturen von -29 bis 63 \u00b0C stellen keine Herausforderung f\u00fcr das Tablet dar. Optional ist es sogar mit einer Zertifizierung nach ATEX und IECEx Zone 2\/22 f\u00fcr den Einsatz in explosionsgef\u00e4hrdeten Bereichen erh\u00e4ltlich.<\/p>\n<p>Bei Bedarf verwandelt sich das Tablet zusammen mit dem optionalen Keyboard Dock in ein vollst\u00e4ndiges Notebook. Wenn es im Einsatz schnell gehen muss, l\u00e4sst es sich mit dem R\u00fccken komplett auf die angekoppelte Tastaturr\u00fcckseite klappen und bleibt dabei voll funktionsf\u00e4hig. Zudem bietet Getac viel Zubeh\u00f6r f\u00fcr individuelle Anpassungen: von robusten Universalgriffen, einer ansteckbaren Tastatur mit Hintergrundbeleuchtung und verschiedenen Halterungen \u00fcber 1D-\/2D-Imager und RFID-Leser bis hin zu Hochleistungsakkus mit Hot-Swap-Technologie f\u00fcr verl\u00e4ngerte Laufzeiten.<\/p>\n<h3><a href=\"https:\/\/www.highway-gmbh.de\/wp-content\/uploads\/Getac_K120_Product_DE.pdf\">Datenblatt Getac K120<\/a><\/h3>\n","protected":false},"excerpt":{"rendered":"<p>&nbsp;<\/p>\n<p>&nbsp;<\/p>\n","protected":false},"featured_media":1335,"template":"page-sidebar-left.php","meta":[],"product_brand":[],"product_cat":[46,39],"product_tag":[61],"class_list":{"0":"post-1332","1":"product","2":"type-product","3":"status-publish","4":"has-post-thumbnail","6":"product_cat-getac","7":"product_cat-industrie-tablet-pcs","8":"product_tag-getac-tablet","10":"first","11":"instock","12":"virtual","13":"product-type-simple"},"translation":{"provider":"WPGlobus","version":"3.0.2","language":"en","enabled_languages":["de","en"],"languages":{"de":{"title":true,"content":true,"excerpt":true},"en":{"title":false,"content":false,"excerpt":false}}},"_links":{"self":[{"href":"https:\/\/www.highway-gmbh.de\/en\/wp-json\/wp\/v2\/product\/1332","targetHints":{"allow":["GET"]}}],"collection":[{"href":"https:\/\/www.highway-gmbh.de\/en\/wp-json\/wp\/v2\/product"}],"about":[{"href":"https:\/\/www.highway-gmbh.de\/en\/wp-json\/wp\/v2\/types\/product"}],"wp:featuredmedia":[{"embeddable":true,"href":"https:\/\/www.highway-gmbh.de\/en\/wp-json\/wp\/v2\/media\/1335"}],"wp:attachment":[{"href":"https:\/\/www.highway-gmbh.de\/en\/wp-json\/wp\/v2\/media?parent=1332"}],"wp:term":[{"taxonomy":"product_brand","embeddable":true,"href":"https:\/\/www.highway-gmbh.de\/en\/wp-json\/wp\/v2\/product_brand?post=1332"},{"taxonomy":"product_cat","embeddable":true,"href":"https:\/\/www.highway-gmbh.de\/en\/wp-json\/wp\/v2\/product_cat?post=1332"},{"taxonomy":"product_tag","embeddable":true,"href":"https:\/\/www.highway-gmbh.de\/en\/wp-json\/wp\/v2\/product_tag?post=1332"}],"curies":[{"name":"wp","href":"https:\/\/api.w.org\/{rel}","templated":true}]}}