{"id":1327,"date":"2021-05-28T10:09:33","date_gmt":"2021-05-28T08:09:33","guid":{"rendered":"https:\/\/highwaygmbh.de\/highway\/?post_type=product&#038;p=1327"},"modified":"2021-05-28T15:52:17","modified_gmt":"2021-05-28T13:52:17","slug":"getac-f110","status":"publish","type":"product","link":"https:\/\/www.highway-gmbh.de\/en\/produkte\/industrie-tablet-pcs\/getac\/getac-f110\/","title":{"rendered":"Getac F110"},"content":{"rendered":"<h2 id=\"jt_sr_subline\">Hochrobustes 11,6&#8221;-Tablet<\/h2>\n<p>Ein Tablet-PC, der drau\u00dfen am besten aufgehoben ist: Mit dem fully rugged Tablet F110 zielt Getac auf alle Anwender ab, die unter widrigen Bedingungen arbeiten, auf hochentwickelte Technik aber nicht verzichten wollen. Mit Windows 10 Professional ist das Betriebssystem bereits vorinstalliert. Das Multitouch-Display bietet dabei mit seiner Bildschirmdiagonale von 11,6&#8221; (29,5 cm) gen\u00fcgend Darstellungsfl\u00e4che \u2013 auch f\u00fcr grafische Anwendungen und Wartungsaufgaben, bei denen Kartenmaterial und Lagepl\u00e4ne im Einsatz sind. 1.000 Nits gew\u00e4hrleisten optimale Lesbarkeit bei hellem Sonnenlicht, denn das Tablet verf\u00fcgt durch das LumiBond-Display \u00fcber die n\u00f6tigen Voraussetzungen.<\/p>\n<p>Kommunikationstechnisch ist das Getac F110 Tablet hervorragend ausgestattet. W\u00e4hrend das Intel Wi-Fi 6 AX201, 802.11ax sowie Bluetooth 5.2 den Nutzern standardm\u00e4\u00dfig zur n\u00f6tigen Bewegungsfreiheit verhelfen, beschleunigen Sie mit der mobilen 4G LTE-Breitbandfunktion optional den Datenaustausch. Ebenfalls optional stehen Ihnen Varianten mit hochpr\u00e4zisem dediziertem GPS-Modul zur Positionsbestimmung zu Auswahl.<\/p>\n<p>Die integrierte Grafikkarte Intel HD 620, ein Intel Core Prozessor der achten Generation (wahlweise i5 oder i7) und standardm\u00e4\u00dfig 8 GB RAM (erweiterbar auf 32 GB) sorgen f\u00fcr reibungsloses Arbeiten und hohe Geschwindigkeit. Abgesichert gem\u00e4\u00df MIL-STD-810G, MIL-STD-461G und IP66 ist das F110 konzipiert f\u00fcr raue Arbeitsbedingungen wie N\u00e4sse, K\u00e4lte, Staub, Schl\u00e4ge und Vibration. Sowohl die beiden unabh\u00e4ngig voneinander austauschbaren Akkus als auch die Getac LifeSupport-Technologie bieten lange Einsatzzeiten sowie Schutz vor Datenverlust.<\/p>\n<p>Da Sicherheit jedoch nicht nur eine Frage der robusten Konstruktion ist, ist das F110 auch beim Schutz der Anwenderdaten auf dem neuesten Stand: Ein integrierter TPM 2.0-Chip macht vor jedem Systemstart eventuelle Manipulationsversuche ausfindig. Der optionale Fingerabdruckscanner \u00fcberpr\u00fcft die Identit\u00e4t des Benutzers, und eine optionale Infrarot-Frontkamera bietet zudem die M\u00f6glichkeit, das Tablet per Gesichtserkennung zu entriegeln \u2013 f\u00fcr einen ebenso bequemen wie sicheren Login.<\/p>\n<p>Die frontseitig integrierte Webcam eignet sich zur Echtzeit-Kommunikation und zeichnet Videos in HD auf. Damit stehen f\u00fcr Dokumentationszwecke auch hochwertige Bewegtbilder zu Verf\u00fcgung. Auf der R\u00fcckseite ist zus\u00e4tzlich eine 8-MP-Autofokuskamera integriert, mit der Anwender auch Digitalfotos mit hoher Aufl\u00f6sung aufnehmen. \u00dcber den praktischen Erweiterungssteckplatz f\u00fcgen Sie optional weitere Funktionen hinzu: Entscheiden Sie sich zwischen einem 1D-\/2D-Barcode-Scanmodul, einem seriellen Anschluss, Ethernet-Port mit einer \u00dcbertragungsrate von bis zu einem Gigabit, MicroSD und einem zweiten USB 2.0-Slot. Als lokales Speichermedium verf\u00fcgt das F110 Tablet optional \u00fcber einen schnellen Solid State Drive (SSD) mit 256 GB, 512 GB oder 1 TB Speicherplatz. Das ist genug auch f\u00fcr gro\u00dfe Projekte und Datenmengen sowie Anwendungen.<\/p>\n<p>Dank des gro\u00dfen Displays macht sich das robuste F110 Tablet nicht nur im Au\u00dfendienst hervorragend. In Kombination mit dem optional erh\u00e4ltlichen Fahrzeug- oder B\u00fcrodock wird das F110 schnell zum station\u00e4ren PC. \u00dcber die Dockingstationen stehen zus\u00e4tzliche Anschl\u00fcsse zur Verf\u00fcgung und das Ger\u00e4t wird gleichzeitig aufgeladen. Je zwei serielle Ports, ein VGA- und HDMI-Grafikausgang, vier USB-Anschl\u00fcsse und ein Netzwerkport er\u00f6ffnen am Schreibtisch und im Fahrzeug zus\u00e4tzliche Optionen. Nat\u00fcrlich erhalten Sie auch weiteres Zubeh\u00f6r wie Fahrzeugadapter, Netzteil, Tragetasche etc. auf Wunsch passend zum F110 Tablet-PC dazu.<\/p>\n<h3><a href=\"https:\/\/www.highway-gmbh.de\/wp-content\/uploads\/Getac_F110_Product_DE.pdf\">Datenblatt Getac F110<\/a><\/h3>\n","protected":false},"excerpt":{"rendered":"<p>&nbsp;<\/p>\n<p>&nbsp;<\/p>\n","protected":false},"featured_media":1330,"template":"page-sidebar-left.php","meta":[],"product_brand":[],"product_cat":[46,39],"product_tag":[61],"class_list":{"0":"post-1327","1":"product","2":"type-product","3":"status-publish","4":"has-post-thumbnail","6":"product_cat-getac","7":"product_cat-industrie-tablet-pcs","8":"product_tag-getac-tablet","10":"first","11":"instock","12":"virtual","13":"product-type-simple"},"translation":{"provider":"WPGlobus","version":"3.0.2","language":"en","enabled_languages":["de","en"],"languages":{"de":{"title":true,"content":true,"excerpt":true},"en":{"title":false,"content":false,"excerpt":false}}},"_links":{"self":[{"href":"https:\/\/www.highway-gmbh.de\/en\/wp-json\/wp\/v2\/product\/1327","targetHints":{"allow":["GET"]}}],"collection":[{"href":"https:\/\/www.highway-gmbh.de\/en\/wp-json\/wp\/v2\/product"}],"about":[{"href":"https:\/\/www.highway-gmbh.de\/en\/wp-json\/wp\/v2\/types\/product"}],"wp:featuredmedia":[{"embeddable":true,"href":"https:\/\/www.highway-gmbh.de\/en\/wp-json\/wp\/v2\/media\/1330"}],"wp:attachment":[{"href":"https:\/\/www.highway-gmbh.de\/en\/wp-json\/wp\/v2\/media?parent=1327"}],"wp:term":[{"taxonomy":"product_brand","embeddable":true,"href":"https:\/\/www.highway-gmbh.de\/en\/wp-json\/wp\/v2\/product_brand?post=1327"},{"taxonomy":"product_cat","embeddable":true,"href":"https:\/\/www.highway-gmbh.de\/en\/wp-json\/wp\/v2\/product_cat?post=1327"},{"taxonomy":"product_tag","embeddable":true,"href":"https:\/\/www.highway-gmbh.de\/en\/wp-json\/wp\/v2\/product_tag?post=1327"}],"curies":[{"name":"wp","href":"https:\/\/api.w.org\/{rel}","templated":true}]}}