{"id":1322,"date":"2021-05-28T09:58:29","date_gmt":"2021-05-28T07:58:29","guid":{"rendered":"https:\/\/highwaygmbh.de\/highway\/?post_type=product&#038;p=1322"},"modified":"2021-05-28T15:52:17","modified_gmt":"2021-05-28T13:52:17","slug":"getac-a140","status":"publish","type":"product","link":"https:\/\/www.highway-gmbh.de\/en\/produkte\/industrie-tablet-pcs\/getac\/getac-a140\/","title":{"rendered":"Getac A140"},"content":{"rendered":"<h2 id=\"jt_sr_subline\">Ultra-robustes Tablet mit 14&#8221;-Display<\/h2>\n<p>Der robuste Tablet-PC A140 von Getac eignet sich perfekt f\u00fcr die Arbeit im Au\u00dfendienst sowie in der Industrie, Produktion oder Logistik. Dank der LifeSupport-Technologie von Getac ist ein Akkutausch bei laufendem Betrieb m\u00f6glich und mit den optionalen Multi-Chargern (dual oder achtfach) werden verbrauchte Akkus w\u00e4hrend dem Betrieb aufgeladen.<\/p>\n<p>F\u00fcr ein breites Einsatzspektrum und gro\u00dfe Variantenvielfalt ist das A140 auch mit optional integriertem 1D\/2D Imager Barcodeleser, RFID- und Fingerabdruck-Leser oder einer PCIe NVMe SSD mit 256 GB, 512 GB oder 1 TB als Speicherplatz-Erweiterung erh\u00e4ltlich. Zudem verf\u00fcgt es \u00fcber leistungsstarke Intel Core i5 oder i7 Prozessoren mit bis zu 4,9 GHz und Turbo Boost-Technologie.<\/p>\n<p>Sein 14&#8243; gro\u00dfes kapazitives Display mit 1000 Nits ist f\u00fcr die Bedienung mit Stift oder Handschuhen bei N\u00e4sse geeignet. Die fortschrittliche LumiBond 2.0-Technologie macht den Tablet-PC nicht nur besonders robust, sondern sorgt auch daf\u00fcr, dass Kontrastverh\u00e4ltnis, Farbe und Blickwinkel sich radikal verbessern, da es keine markt\u00fcbliche \u00bbL\u00fccke\u00ab aus Luft zwischen Touchscreen und LCD-Panel gibt.<\/p>\n<p>Neben seiner IP65-Zertifizierung, die das A140 absolut staubdicht und resistent gegen Strahlwasser aus jeder beliebigen Richtung macht, h\u00e4lt es auch St\u00f6\u00dfe sowie St\u00fcrze aus \u00fcber 1,2 m H\u00f6he, Temperaturwechsel zwischen -29 \u00b0C und +63 \u00b0C und Wetterextreme wie Staub- oder Pollenwolken aus. Mit seinem undurchdringlichen Geh\u00e4use und seiner guten elektromagnetischen Vertr\u00e4glichkeit entspricht der Tablet-PC MIL-STD-810H sowie MIL-STD-461G.<\/p>\n<p>Dank einem TPM 2.0-Chip wird vor dem Hochfahren des A140 eine Systemmanipulation ausgeschlossen. Optional stehen noch weitere Sicherheitssysteme zur Auswahl. Zur Standardausstattung geh\u00f6rt eine HD-Webcam, eine 8 Megapixel-Kamera und eine stabile Verbindung per Wi-Fi 6 AX201, 802.11ax sowie Bluetooth 5.2. Zus\u00e4tzlich bietet der Tablet-PC zahlreiche Erweiterungssteckpl\u00e4tze und E\/A-Schnittstellen f\u00fcr RFID-Leser, FHD-Webcams, GPS-Erweiterungsantennen und andere Ger\u00e4te.<\/p>\n<p>F\u00fcr das Getac A140 gibt es eine umfassende Palette an Zubeh\u00f6r: Handschlaufen und Schultergurte f\u00fcr den einfachen Transport am K\u00f6rper, Fahrzeug- und Trolleydocks f\u00fcr mehr mobile Produktivit\u00e4t und eine praktische Schutzfolie f\u00fcr das Display, um das A140 an individuelle Anforderungen anzupassen.<\/p>\n<h3><a href=\"https:\/\/www.highway-gmbh.de\/wp-content\/uploads\/Getac_A140_Product_DE.pdf\">Datenblatt Getac A140<\/a><\/h3>\n","protected":false},"excerpt":{"rendered":"<p>Ultra-robustes Tablet mit 14&#8221;-Display Der robuste Tablet-PC A140 von Getac eignet sich perfekt f\u00fcr die Arbeit im Au\u00dfendienst sowie in der Industrie, Produktion oder Logistik. Dank der LifeSupport-Technologie von Getac ist ein Akkutausch bei laufendem Betrieb m\u00f6glich und mit den optionalen Multi-Chargern (dual oder achtfach) werden verbrauchte Akkus w\u00e4hrend dem Betrieb aufgeladen. F\u00fcr ein breites [&hellip;]<\/p>\n","protected":false},"featured_media":1325,"template":"page-sidebar-left.php","meta":[],"product_brand":[],"product_cat":[46,39],"product_tag":[61],"class_list":{"0":"post-1322","1":"product","2":"type-product","3":"status-publish","4":"has-post-thumbnail","6":"product_cat-getac","7":"product_cat-industrie-tablet-pcs","8":"product_tag-getac-tablet","10":"first","11":"instock","12":"virtual","13":"product-type-simple"},"translation":{"provider":"WPGlobus","version":"3.0.2","language":"en","enabled_languages":["de","en"],"languages":{"de":{"title":true,"content":true,"excerpt":false},"en":{"title":false,"content":false,"excerpt":false}}},"_links":{"self":[{"href":"https:\/\/www.highway-gmbh.de\/en\/wp-json\/wp\/v2\/product\/1322","targetHints":{"allow":["GET"]}}],"collection":[{"href":"https:\/\/www.highway-gmbh.de\/en\/wp-json\/wp\/v2\/product"}],"about":[{"href":"https:\/\/www.highway-gmbh.de\/en\/wp-json\/wp\/v2\/types\/product"}],"wp:featuredmedia":[{"embeddable":true,"href":"https:\/\/www.highway-gmbh.de\/en\/wp-json\/wp\/v2\/media\/1325"}],"wp:attachment":[{"href":"https:\/\/www.highway-gmbh.de\/en\/wp-json\/wp\/v2\/media?parent=1322"}],"wp:term":[{"taxonomy":"product_brand","embeddable":true,"href":"https:\/\/www.highway-gmbh.de\/en\/wp-json\/wp\/v2\/product_brand?post=1322"},{"taxonomy":"product_cat","embeddable":true,"href":"https:\/\/www.highway-gmbh.de\/en\/wp-json\/wp\/v2\/product_cat?post=1322"},{"taxonomy":"product_tag","embeddable":true,"href":"https:\/\/www.highway-gmbh.de\/en\/wp-json\/wp\/v2\/product_tag?post=1322"}],"curies":[{"name":"wp","href":"https:\/\/api.w.org\/{rel}","templated":true}]}}