{"id":1315,"date":"2021-05-28T09:42:04","date_gmt":"2021-05-28T07:42:04","guid":{"rendered":"https:\/\/highwaygmbh.de\/highway\/?post_type=product&#038;p=1315"},"modified":"2021-05-28T15:52:17","modified_gmt":"2021-05-28T13:52:17","slug":"zebra-xslate-r12","status":"publish","type":"product","link":"https:\/\/www.highway-gmbh.de\/en\/produkte\/industrie-tablet-pcs\/zebra-industrie-tablet-pcs\/zebra-xslate-r12\/","title":{"rendered":"Zebra XSLATE R12"},"content":{"rendered":"<div class=\"zebra-text\">\n<h3>Innovatives robustes Tablet<\/h3>\n<p>Das XSLATE R12, das fr\u00fcher von Xplore Technologies hergestellt wurde, ist ein Tablet der n\u00e4chsten Generation, das keinerlei W\u00fcnsche offen l\u00e4sst. Es ist eines der schnellsten robusten Tablets auf dem Markt und bietet Multifunktionalit\u00e4t mit einer handlichen Begleittastatur, die sich magnetisch anbringen l\u00e4sst und stets einsatzbereit ist.<\/p>\n<p>Das XSLATE R12 ist eine hochflexible PC-Plattform, die sich an die Arbeitsweise und \u00e4sthetischen Vorlieben von mobilen Mitarbeitern in unterschiedlichsten Umgebungen anpassen l\u00e4sst. Alte PCs und \u00fcbergro\u00dfe Notebooks k\u00f6nnen nun endlich entsorgt werden, denn dieses robuste Tablet l\u00e4utet eine neue \u00c4ra des robusten Mobile\u00a0Computing ein.<\/p>\n<\/div>\n<h3><a href=\"https:\/\/www.highway-gmbh.de\/wp-content\/uploads\/Datenblatt_Zebra_r12.pdf\">Datenblatt Zebra-R12<\/a><\/h3>\n<div class=\"zebra-text\">\n<p>&nbsp;<\/p>\n<\/div>\n","protected":false},"excerpt":{"rendered":"<p>Innovatives robustes Tablet Das XSLATE R12, das fr\u00fcher von Xplore Technologies hergestellt wurde, ist ein Tablet der n\u00e4chsten Generation, das keinerlei W\u00fcnsche offen l\u00e4sst. Es ist eines der schnellsten robusten Tablets auf dem Markt und bietet Multifunktionalit\u00e4t mit einer handlichen Begleittastatur, die sich magnetisch anbringen l\u00e4sst und stets einsatzbereit ist. Das XSLATE R12 ist eine [&hellip;]<\/p>\n","protected":false},"featured_media":1317,"template":"page-sidebar-left.php","meta":[],"product_brand":[],"product_cat":[39,75],"product_tag":[76],"class_list":{"0":"post-1315","1":"product","2":"type-product","3":"status-publish","4":"has-post-thumbnail","6":"product_cat-industrie-tablet-pcs","7":"product_cat-zebra-industrie-tablet-pcs","8":"product_tag-zebra-tablet","10":"first","11":"instock","12":"virtual","13":"product-type-simple"},"translation":{"provider":"WPGlobus","version":"3.0.2","language":"en","enabled_languages":["de","en"],"languages":{"de":{"title":true,"content":true,"excerpt":false},"en":{"title":false,"content":false,"excerpt":false}}},"_links":{"self":[{"href":"https:\/\/www.highway-gmbh.de\/en\/wp-json\/wp\/v2\/product\/1315","targetHints":{"allow":["GET"]}}],"collection":[{"href":"https:\/\/www.highway-gmbh.de\/en\/wp-json\/wp\/v2\/product"}],"about":[{"href":"https:\/\/www.highway-gmbh.de\/en\/wp-json\/wp\/v2\/types\/product"}],"wp:featuredmedia":[{"embeddable":true,"href":"https:\/\/www.highway-gmbh.de\/en\/wp-json\/wp\/v2\/media\/1317"}],"wp:attachment":[{"href":"https:\/\/www.highway-gmbh.de\/en\/wp-json\/wp\/v2\/media?parent=1315"}],"wp:term":[{"taxonomy":"product_brand","embeddable":true,"href":"https:\/\/www.highway-gmbh.de\/en\/wp-json\/wp\/v2\/product_brand?post=1315"},{"taxonomy":"product_cat","embeddable":true,"href":"https:\/\/www.highway-gmbh.de\/en\/wp-json\/wp\/v2\/product_cat?post=1315"},{"taxonomy":"product_tag","embeddable":true,"href":"https:\/\/www.highway-gmbh.de\/en\/wp-json\/wp\/v2\/product_tag?post=1315"}],"curies":[{"name":"wp","href":"https:\/\/api.w.org\/{rel}","templated":true}]}}