{"id":1307,"date":"2021-05-28T09:27:51","date_gmt":"2021-05-28T07:27:51","guid":{"rendered":"https:\/\/highwaygmbh.de\/highway\/?post_type=product&#038;p=1307"},"modified":"2021-05-28T15:52:17","modified_gmt":"2021-05-28T13:52:17","slug":"zebra-et5x-serie","status":"publish","type":"product","link":"https:\/\/www.highway-gmbh.de\/en\/produkte\/industrie-tablet-pcs\/zebra-industrie-tablet-pcs\/zebra-et5x-serie\/","title":{"rendered":"Zebra ET5X-Serie"},"content":{"rendered":"<h2>Zebra ET5X-Serie<\/h2>\n<h4>Das \u00fcberraschend robuste, flache und leichte Tablet, das f\u00fcr harte Arbeit gebaut wurde<\/h4>\n<p>Wenn es um die Auswahl eines Arbeits-Tablets geht, bevorzugen Mitarbeiter oft ein ansprechendes Design. Sie hingegen schauen eher auf die Haltbarkeit einer Enterprise-Class sowie die M\u00f6glichkeit der Datenerfassung und vielseitiges Zubeh\u00f6r, um eine perfekte Tablet-L\u00f6sung f\u00fcr Ihr Umfeld, Ihre Mitarbeiter und Ihre Anwendungen zu erhalten. Jetzt gibt es das alles in einem einzigen Ger\u00e4t: dem ET51 oder ET56 Business-Tablet mit Android oder Windows als Betriebssystem. Ihre Mitarbeiter erhalten ein pers\u00f6nliches Tablet, das sich anf\u00fchlt, als w\u00e4re es ihr eigenes\u00a0\u2013 und Sie bekommen die Haltbarkeit, leichte Handhabung, Datenerfassung und Flexibilit\u00e4t, die Sie f\u00fcr Ihr Unternehmen brauchen.<\/p>\n<h3><a href=\"https:\/\/www.highway-gmbh.de\/wp-content\/uploads\/Datenblatt_Zebra_et51_et56.pdf\">Datenblatt Zebra ET51\/56<\/a><\/h3>\n","protected":false},"excerpt":{"rendered":"<p>Zebra ET5X-Serie Das \u00fcberraschend robuste, flache und leichte Tablet, das f\u00fcr harte Arbeit gebaut wurde Wenn es um die Auswahl eines Arbeits-Tablets geht, bevorzugen Mitarbeiter oft ein ansprechendes Design. Sie hingegen schauen eher auf die Haltbarkeit einer Enterprise-Class sowie die M\u00f6glichkeit der Datenerfassung und vielseitiges Zubeh\u00f6r, um eine perfekte Tablet-L\u00f6sung f\u00fcr Ihr Umfeld, Ihre Mitarbeiter [&hellip;]<\/p>\n","protected":false},"featured_media":1309,"template":"page-sidebar-left.php","meta":[],"product_brand":[],"product_cat":[39,75],"product_tag":[76],"class_list":{"0":"post-1307","1":"product","2":"type-product","3":"status-publish","4":"has-post-thumbnail","6":"product_cat-industrie-tablet-pcs","7":"product_cat-zebra-industrie-tablet-pcs","8":"product_tag-zebra-tablet","10":"first","11":"instock","12":"virtual","13":"product-type-simple"},"translation":{"provider":"WPGlobus","version":"3.0.2","language":"en","enabled_languages":["de","en"],"languages":{"de":{"title":true,"content":true,"excerpt":false},"en":{"title":false,"content":false,"excerpt":false}}},"_links":{"self":[{"href":"https:\/\/www.highway-gmbh.de\/en\/wp-json\/wp\/v2\/product\/1307","targetHints":{"allow":["GET"]}}],"collection":[{"href":"https:\/\/www.highway-gmbh.de\/en\/wp-json\/wp\/v2\/product"}],"about":[{"href":"https:\/\/www.highway-gmbh.de\/en\/wp-json\/wp\/v2\/types\/product"}],"wp:featuredmedia":[{"embeddable":true,"href":"https:\/\/www.highway-gmbh.de\/en\/wp-json\/wp\/v2\/media\/1309"}],"wp:attachment":[{"href":"https:\/\/www.highway-gmbh.de\/en\/wp-json\/wp\/v2\/media?parent=1307"}],"wp:term":[{"taxonomy":"product_brand","embeddable":true,"href":"https:\/\/www.highway-gmbh.de\/en\/wp-json\/wp\/v2\/product_brand?post=1307"},{"taxonomy":"product_cat","embeddable":true,"href":"https:\/\/www.highway-gmbh.de\/en\/wp-json\/wp\/v2\/product_cat?post=1307"},{"taxonomy":"product_tag","embeddable":true,"href":"https:\/\/www.highway-gmbh.de\/en\/wp-json\/wp\/v2\/product_tag?post=1307"}],"curies":[{"name":"wp","href":"https:\/\/api.w.org\/{rel}","templated":true}]}}