{"id":1269,"date":"2021-05-21T09:29:19","date_gmt":"2021-05-21T07:29:19","guid":{"rendered":"https:\/\/highwaygmbh.de\/highway\/?post_type=product&#038;p=1269"},"modified":"2021-05-28T15:52:18","modified_gmt":"2021-05-28T13:52:18","slug":"pokini-tab-k10","status":"publish","type":"product","link":"https:\/\/www.highway-gmbh.de\/en\/produkte\/industrie-tablet-pcs\/pokini\/pokini-tab-k10\/","title":{"rendered":"Pokini Tab K10"},"content":{"rendered":"<p><strong>Das perfekte Werkzeug f\u00fcr das Unternehmen von morgen<\/strong><\/p>\n<p>Wo sich Performance und Anspruch treffen, f\u00fchlt sich das K10 wohl. Die leistungsstarke i5 CPU sorgt f\u00fcr ein reibungsloses Arbeiten mit Ihrer Software und dank der robusten Bauweise (MIL-STD 810G) des K10 auch an jedem Ort. Durch die fortschrittliche Touch-Technologie k\u00f6nnen beim Pokini Tab K10 unbeabsichtigte Eingaben durch Handfl\u00e4chen, Wassernebel und Regentropfen vermieden und gleichzeitig die korrekte Dateneingabe sichergestellt werden. Dar\u00fcber hinaus verf\u00fcgt es \u00fcber ein 1.000 nits starkes Display mit Hyper-Dimm-Funktion, um selbst bei direkter Sonnenlichteinstrahlung m\u00fcheloses Ablesen zu erm\u00f6glichen und sich niedrigerem Umgebungslicht anzupassen. Die Kombination aus IP65 Schutzklasse und den zahlreichen Erweiterungsm\u00f6glichkeiten, wie zum Beispiel einem Fingerabdruckleser, einem Chipkartenleser, UHF-RFID und einem integrierten 2D-Barcodeleser mit optionaler OCR-Funktionalit\u00e4t, machen dieses Tablet zum Besten Wegbegleiter f\u00fcr Ihren Arbeitsalltag.<\/p>\n<h3><a href=\"https:\/\/www.highway-gmbh.de\/wp-content\/uploads\/Pokini-Tab-K10_Datenblatt_DE.pdf\">Datenblatt Pokini-Tab-K10<\/a><\/h3>\n","protected":false},"excerpt":{"rendered":"<ul>\n<li>10,1\u2033 WUXGA-Display mit einer brillanten Helligkeit von 1.000 cd\/m\u00b2<\/li>\n<li>Fingereingabe auch in nassen Umgebungen m\u00f6glich<\/li>\n<li>leistungsstarker Intel\u00ae Core\u2122 i5 Prozessor<\/li>\n<li>inkl. Digitizer f\u00fcr bequeme Stifteingabe<\/li>\n<li>handschuhbedienbar<\/li>\n<li>Schutzart IP65 und MIL-STD-810G<\/li>\n<li>direkte RJ45- und RS232-Schnittstelle (kein Adapter n\u00f6tig)<\/li>\n<li>inkl. Schnellladefunktion (50% in 50 Minuten)<\/li>\n<li>optionaler erweiterter Akku erm\u00f6glicht bis zu 23 Stunden Gesamtlaufzeit<\/li>\n<li>Dual Pass-through Anschluss f\u00fcr WLAN, GNSS und WWAN<\/li>\n<\/ul>\n","protected":false},"featured_media":1271,"template":"page-sidebar-left.php","meta":[],"product_brand":[],"product_cat":[39,73],"product_tag":[74],"class_list":{"0":"post-1269","1":"product","2":"type-product","3":"status-publish","4":"has-post-thumbnail","6":"product_cat-industrie-tablet-pcs","7":"product_cat-pokini","8":"product_tag-pokini-tablet","10":"first","11":"instock","12":"virtual","13":"product-type-simple"},"translation":{"provider":"WPGlobus","version":"3.0.2","language":"en","enabled_languages":["de","en"],"languages":{"de":{"title":true,"content":true,"excerpt":true},"en":{"title":false,"content":false,"excerpt":false}}},"_links":{"self":[{"href":"https:\/\/www.highway-gmbh.de\/en\/wp-json\/wp\/v2\/product\/1269","targetHints":{"allow":["GET"]}}],"collection":[{"href":"https:\/\/www.highway-gmbh.de\/en\/wp-json\/wp\/v2\/product"}],"about":[{"href":"https:\/\/www.highway-gmbh.de\/en\/wp-json\/wp\/v2\/types\/product"}],"wp:featuredmedia":[{"embeddable":true,"href":"https:\/\/www.highway-gmbh.de\/en\/wp-json\/wp\/v2\/media\/1271"}],"wp:attachment":[{"href":"https:\/\/www.highway-gmbh.de\/en\/wp-json\/wp\/v2\/media?parent=1269"}],"wp:term":[{"taxonomy":"product_brand","embeddable":true,"href":"https:\/\/www.highway-gmbh.de\/en\/wp-json\/wp\/v2\/product_brand?post=1269"},{"taxonomy":"product_cat","embeddable":true,"href":"https:\/\/www.highway-gmbh.de\/en\/wp-json\/wp\/v2\/product_cat?post=1269"},{"taxonomy":"product_tag","embeddable":true,"href":"https:\/\/www.highway-gmbh.de\/en\/wp-json\/wp\/v2\/product_tag?post=1269"}],"curies":[{"name":"wp","href":"https:\/\/api.w.org\/{rel}","templated":true}]}}