{"id":1262,"date":"2021-05-21T09:25:59","date_gmt":"2021-05-21T07:25:59","guid":{"rendered":"https:\/\/highwaygmbh.de\/highway\/?post_type=product&#038;p=1262"},"modified":"2021-05-28T15:52:18","modified_gmt":"2021-05-28T13:52:18","slug":"pokini-tab-g10","status":"publish","type":"product","link":"https:\/\/www.highway-gmbh.de\/en\/produkte\/industrie-tablet-pcs\/pokini\/pokini-tab-g10\/","title":{"rendered":"Pokini Tab G10"},"content":{"rendered":"<p>Das robuste Pokini Tab G10 eignet sich perfekt f\u00fcr den mobilen Einsatz komplexer Unternehmenssoftware unter h\u00e4rtesten Arbeitsbedingungen. Dank funktionaler und robuster Bauweise kann schlechtes Wetter dem Ger\u00e4t nichts anhaben. Das Windows\u00ae-basierte Ger\u00e4t ist mit einer Vielzahl n\u00fctzlicher Funktionen zur Bild- sowie Datenerfassung ausgestattet und erlauben die mobile Nutzung aller g\u00e4ngigen Softwarel\u00f6sungen. So steigert das G10 die Effizienz und Sicherheit von Mitarbeitern und erleichtert die Kommunikation in Echtzeit. Das Risiko von Fehlern bei der Datenerfassung und die Arbeitskosten sinkt sp\u00fcrbar.<\/p>\n<h3><a href=\"https:\/\/www.highway-gmbh.de\/wp-content\/uploads\/Pokini-Tab-G10_Datenblatt_DE.pdf\">Datenblatt Pokini-Tab-G10<\/a><\/h3>\n","protected":false},"excerpt":{"rendered":"<ul>\n<li>ergonomisch fester Tragegriff (Hard Handle) bietet komfortable Tragel\u00f6sung<\/li>\n<li>alternativ auch in der Farbe Wei\u00df <strong>(inkl. EN 60601-1-2 Konformit\u00e4t)<\/strong> erh\u00e4ltlich<\/li>\n<li>leistungsstarker Intel\u00ae Pentium\u00ae- oder Core\u2122 Prozessor<\/li>\n<li>Sunlight Readable Outdoor-Display mit Digitizer-Unterst\u00fctzung<\/li>\n<li>handschuhbedienbar<\/li>\n<li>Schutzart IP65 und MIL-STD-810G<\/li>\n<li>mit VESA 75 Befestigungsm\u00f6glichkeit<\/li>\n<li>projektbasiert 1x USB 3.0 Type-A\u2122 mit 2,0 A Stromst\u00e4rke<\/li>\n<\/ul>\n","protected":false},"featured_media":1264,"template":"page-sidebar-left.php","meta":[],"product_brand":[],"product_cat":[39,73],"product_tag":[74],"class_list":{"0":"post-1262","1":"product","2":"type-product","3":"status-publish","4":"has-post-thumbnail","6":"product_cat-industrie-tablet-pcs","7":"product_cat-pokini","8":"product_tag-pokini-tablet","10":"first","11":"instock","12":"virtual","13":"product-type-simple"},"translation":{"provider":"WPGlobus","version":"3.0.2","language":"en","enabled_languages":["de","en"],"languages":{"de":{"title":true,"content":true,"excerpt":true},"en":{"title":false,"content":false,"excerpt":false}}},"_links":{"self":[{"href":"https:\/\/www.highway-gmbh.de\/en\/wp-json\/wp\/v2\/product\/1262","targetHints":{"allow":["GET"]}}],"collection":[{"href":"https:\/\/www.highway-gmbh.de\/en\/wp-json\/wp\/v2\/product"}],"about":[{"href":"https:\/\/www.highway-gmbh.de\/en\/wp-json\/wp\/v2\/types\/product"}],"wp:featuredmedia":[{"embeddable":true,"href":"https:\/\/www.highway-gmbh.de\/en\/wp-json\/wp\/v2\/media\/1264"}],"wp:attachment":[{"href":"https:\/\/www.highway-gmbh.de\/en\/wp-json\/wp\/v2\/media?parent=1262"}],"wp:term":[{"taxonomy":"product_brand","embeddable":true,"href":"https:\/\/www.highway-gmbh.de\/en\/wp-json\/wp\/v2\/product_brand?post=1262"},{"taxonomy":"product_cat","embeddable":true,"href":"https:\/\/www.highway-gmbh.de\/en\/wp-json\/wp\/v2\/product_cat?post=1262"},{"taxonomy":"product_tag","embeddable":true,"href":"https:\/\/www.highway-gmbh.de\/en\/wp-json\/wp\/v2\/product_tag?post=1262"}],"curies":[{"name":"wp","href":"https:\/\/api.w.org\/{rel}","templated":true}]}}